{"id":762,"date":"2025-11-03T07:20:27","date_gmt":"2025-11-03T07:20:27","guid":{"rendered":"https:\/\/www.cxjsmartcard.com\/?post_type=product&#038;p=762"},"modified":"2025-12-29T01:27:10","modified_gmt":"2025-12-29T01:27:10","slug":"passive-silicone-washable-uhf-rfid-laundry-label-for-washing-management","status":"publish","type":"product","link":"https:\/\/www.cxjsmartcard.com\/da\/passive-silicone-washable-uhf-rfid-laundry-label-for-washing-management\/","title":{"rendered":"Passiv silikone vaskbar UHF RFID vasket\u00f8jsetiket til vaskeh\u00e5ndtering"},"content":{"rendered":"<p data-start=\"83\" data-end=\"330\">Den passive silikone vaskbare UHF RFID-vaskem\u00e6rke er bygget til vaskeforhold. Uanset om du h\u00e5ndterer hospitalslinned, hotelh\u00e5ndkl\u00e6der eller arbejdsuniformer, er denne etiket designet til at g\u00f8re vaskeh\u00e5ndtering nemmere og mere p\u00e5lidelig.<\/p>\n<p data-start=\"332\" data-end=\"538\"><strong data-start=\"332\" data-end=\"378\">Fleksibel silikone til problemfri integration<\/strong><br data-start=\"378\" data-end=\"381\" \/>Lavet af bl\u00f8d silikone, st\u00f8rrelsen <strong data-start=\"415\" data-end=\"435\">55 \u00d7 12 \u00d7 2,5 mm<\/strong> er slank nok til at kunne skjules inde i kraver eller kanter \u2013 perfekt til uniformer, scrubs og endda sarte stoffer.<\/p>\n<p data-start=\"540\" data-end=\"746\"><strong data-start=\"540\" data-end=\"575\">Milj\u00f8venlig og omkostningseffektiv<\/strong><br data-start=\"575\" data-end=\"578\" \/>Genanvendelig til <strong data-start=\"591\" data-end=\"602\">100\u2013200<\/strong> cyklusser for at reducere spild og mindske tab fra manglende varer. Bedre sporing betyder ogs\u00e5 mindre overlager \u2013 godt for budgetter og milj\u00f8et.<\/p>\n<p data-start=\"748\" data-end=\"901\"><strong data-start=\"748\" data-end=\"756\">Ofte stillede sp\u00f8rgsm\u00e5l<\/strong><br data-start=\"756\" data-end=\"759\" \/><strong data-start=\"759\" data-end=\"765\">Sp\u00f8rgsm\u00e5l:<\/strong> Kan jeg sy m\u00e6rket i t\u00f8jet?<br data-start=\"798\" data-end=\"801\" \/><strong data-start=\"801\" data-end=\"807\">EN:<\/strong> Ja \u2013 det fleksible design underst\u00f8tter syning, varmeforsegling eller inds\u00e6ttelse i s\u00f8mme og kraver.<\/p>\n<p data-start=\"903\" data-end=\"1071\"><strong data-start=\"903\" data-end=\"909\">Sp\u00f8rgsm\u00e5l:<\/strong> Vil m\u00e6rket overleve i kommercielle vaskemaskiner og t\u00f8rretumblere?<br data-start=\"961\" data-end=\"964\" \/><strong data-start=\"964\" data-end=\"970\">EN:<\/strong> Absolut. Det er testet for <strong data-start=\"999\" data-end=\"1010\">100\u2013200<\/strong> Industrielle vaskeprogrammer, inklusive t\u00f8rring ved h\u00f8j temperatur.<\/p>\n<p data-start=\"1073\" data-end=\"1158\"><strong data-start=\"1073\" data-end=\"1079\">Sp\u00f8rgsm\u00e5l:<\/strong> Kan jeg f\u00e5 en pr\u00f8ve?<br data-start=\"1099\" data-end=\"1102\" \/><strong data-start=\"1102\" data-end=\"1108\">EN:<\/strong> Ja \u2013 pr\u00f8ver er tilg\u00e6ngelige til testning p\u00e5 foresp\u00f8rgsel.<\/p>\n<h2 data-start=\"1213\" data-end=\"1238\">Tabel (Specifikationer)<\/h2>\n<div class=\"_tableContainer_1rjym_1\">\n<div class=\"group _tableWrapper_1rjym_13 flex w-fit flex-col-reverse\" tabindex=\"-1\">\n<table class=\"w-fit min-w-(--thread-content-width)\" data-start=\"1240\" data-end=\"2206\">\n<thead data-start=\"1240\" data-end=\"1319\">\n<tr data-start=\"1240\" data-end=\"1319\">\n<th data-start=\"1240\" data-end=\"1258\" data-col-size=\"sm\">Kategori<\/th>\n<th data-start=\"1258\" data-end=\"1280\" data-col-size=\"sm\">Parameter<\/th>\n<th data-start=\"1280\" data-end=\"1319\" data-col-size=\"md\">V\u00e6rdi<\/th>\n<\/tr>\n<\/thead>\n<tbody data-start=\"1400\" data-end=\"2206\">\n<tr data-start=\"1400\" data-end=\"1479\">\n<td data-start=\"1400\" data-end=\"1418\" data-col-size=\"sm\">RF<\/td>\n<td data-col-size=\"sm\" data-start=\"1418\" data-end=\"1440\">Frekvens<\/td>\n<td data-col-size=\"md\" data-start=\"1440\" data-end=\"1479\">860\u2013960 MHz (UHF)<\/td>\n<\/tr>\n<tr data-start=\"1480\" data-end=\"1559\">\n<td data-start=\"1480\" data-end=\"1498\" data-col-size=\"sm\"><\/td>\n<td data-start=\"1498\" data-end=\"1520\" data-col-size=\"sm\">Protokol<\/td>\n<td data-col-size=\"md\" data-start=\"1520\" data-end=\"1559\">ISO\/IEC 18000-6C (EPC Gen2)<\/td>\n<\/tr>\n<tr data-start=\"1560\" data-end=\"1639\">\n<td data-start=\"1560\" data-end=\"1578\" data-col-size=\"sm\">Chip-muligheder<\/td>\n<td data-col-size=\"sm\" data-start=\"1578\" data-end=\"1600\">IC<\/td>\n<td data-col-size=\"md\" data-start=\"1600\" data-end=\"1639\">U8 \/ U9<\/td>\n<\/tr>\n<tr data-start=\"1640\" data-end=\"1719\">\n<td data-start=\"1640\" data-end=\"1658\" data-col-size=\"sm\">Pr\u00e6station<\/td>\n<td data-start=\"1658\" data-end=\"1680\" data-col-size=\"sm\">L\u00e6seomr\u00e5de<\/td>\n<td data-col-size=\"md\" data-start=\"1680\" data-end=\"1719\">Op til 3 m<\/td>\n<\/tr>\n<tr data-start=\"1720\" data-end=\"1799\">\n<td data-start=\"1720\" data-end=\"1738\" data-col-size=\"sm\"><\/td>\n<td data-col-size=\"sm\" data-start=\"1738\" data-end=\"1760\">Programmeringscyklusser<\/td>\n<td data-col-size=\"md\" data-start=\"1760\" data-end=\"1799\">100,000+<\/td>\n<\/tr>\n<tr data-start=\"1800\" data-end=\"1879\">\n<td data-start=\"1800\" data-end=\"1818\" data-col-size=\"sm\">Holdbarhed<\/td>\n<td data-col-size=\"sm\" data-start=\"1818\" data-end=\"1840\">Vaskecyklusser<\/td>\n<td data-col-size=\"md\" data-start=\"1840\" data-end=\"1879\">100\u2013200<\/td>\n<\/tr>\n<tr data-start=\"1880\" data-end=\"1959\">\n<td data-start=\"1880\" data-end=\"1898\" data-col-size=\"sm\">Milj\u00f8<\/td>\n<td data-col-size=\"sm\" data-start=\"1898\" data-end=\"1920\">Temperaturomr\u00e5de<\/td>\n<td data-col-size=\"md\" data-start=\"1920\" data-end=\"1959\">\u221220 \u2103 til +100 \u2103<\/td>\n<\/tr>\n<tr data-start=\"1960\" data-end=\"2039\">\n<td data-start=\"1960\" data-end=\"1978\" data-col-size=\"sm\">Fysisk<\/td>\n<td data-col-size=\"sm\" data-start=\"1978\" data-end=\"2000\">Materiale<\/td>\n<td data-col-size=\"md\" data-start=\"2000\" data-end=\"2039\">Silikone<\/td>\n<\/tr>\n<tr data-start=\"2040\" data-end=\"2119\">\n<td data-start=\"2040\" data-end=\"2058\" data-col-size=\"sm\"><\/td>\n<td data-start=\"2058\" data-end=\"2080\" data-col-size=\"sm\">St\u00f8rrelse<\/td>\n<td data-col-size=\"md\" data-start=\"2080\" data-end=\"2119\">55 \u00d7 12 \u00d7 2,5 mm<\/td>\n<\/tr>\n<tr data-start=\"2120\" data-end=\"2206\">\n<td data-start=\"2120\" data-end=\"2138\" data-col-size=\"sm\">Applikationer<\/td>\n<td data-col-size=\"sm\" data-start=\"2138\" data-end=\"2160\">Typiske brugsscenarier<\/td>\n<td data-col-size=\"md\" data-start=\"2160\" data-end=\"2206\">Vasket\u00f8j, bekl\u00e6dning, linned, tekstilsporing<\/td>\n<\/tr>\n<\/tbody>\n<\/table>\n<\/div>\n<\/div>","protected":false},"excerpt":{"rendered":"<p>Fleksibel UHF-vasket\u00f8jsm\u00e6rke i silikone \u2013 55\u00d712\u00d72,5 mm, EPC Gen2 (U8\/U9), op til 3 m afl\u00e6sning og holdbarhed p\u00e5 100-200 vaskecyklusser til bekl\u00e6dningsgenstande, linned og uniformer.<\/p>","protected":false},"featured_media":763,"template":"","meta":{"_gspb_post_css":""},"product_brand":[],"product_cat":[17,20],"product_tag":[],"class_list":{"0":"post-762","1":"product","2":"type-product","3":"status-publish","4":"has-post-thumbnail","6":"product_cat-rfid-laundry-tags","7":"product_cat-silicone-rfid-laundry-tags","9":"first","10":"instock","11":"shipping-taxable","12":"purchasable","13":"product-type-simple"},"_links":{"self":[{"href":"https:\/\/www.cxjsmartcard.com\/da\/wp-json\/wp\/v2\/product\/762","targetHints":{"allow":["GET"]}}],"collection":[{"href":"https:\/\/www.cxjsmartcard.com\/da\/wp-json\/wp\/v2\/product"}],"about":[{"href":"https:\/\/www.cxjsmartcard.com\/da\/wp-json\/wp\/v2\/types\/product"}],"wp:featuredmedia":[{"embeddable":true,"href":"https:\/\/www.cxjsmartcard.com\/da\/wp-json\/wp\/v2\/media\/763"}],"wp:attachment":[{"href":"https:\/\/www.cxjsmartcard.com\/da\/wp-json\/wp\/v2\/media?parent=762"}],"wp:term":[{"taxonomy":"product_brand","embeddable":true,"href":"https:\/\/www.cxjsmartcard.com\/da\/wp-json\/wp\/v2\/product_brand?post=762"},{"taxonomy":"product_cat","embeddable":true,"href":"https:\/\/www.cxjsmartcard.com\/da\/wp-json\/wp\/v2\/product_cat?post=762"},{"taxonomy":"product_tag","embeddable":true,"href":"https:\/\/www.cxjsmartcard.com\/da\/wp-json\/wp\/v2\/product_tag?post=762"}],"curies":[{"name":"wp","href":"https:\/\/api.w.org\/{rel}","templated":true}]}}