{"id":751,"date":"2025-11-03T07:09:04","date_gmt":"2025-11-03T07:09:04","guid":{"rendered":"https:\/\/www.cxjsmartcard.com\/?post_type=product&#038;p=751"},"modified":"2025-12-29T01:27:10","modified_gmt":"2025-12-29T01:27:10","slug":"writable-heat-resist-washable-nfc-pps-laundry-tag","status":"publish","type":"product","link":"https:\/\/www.cxjsmartcard.com\/da\/writable-heat-resist-washable-nfc-pps-laundry-tag\/","title":{"rendered":"Skrivbar varmebestandig vaskbar NFC PPS vaskem\u00e6rke"},"content":{"rendered":"<p data-start=\"61\" data-end=\"498\">Det skrivbare, varmebestandige, vaskbare NFC PPS-vaskem\u00e6rke er en holdbar enhed, der normalt bruges til integration af produkter og bekl\u00e6dningsgenstande\/tilbeh\u00f8r. Det er designet med varmebestandigt PPS-materiale og kan modst\u00e5 neds\u00e6nkning i vand, varme, tryk og kemikalier. Det bruges til at udf\u00f8re og verificere lagerprocesser p\u00e5 hoteller, hospitaler, skoler og andre institutioner. Det kan nemt sys p\u00e5 lagner, h\u00e5ndkl\u00e6der, servietter og andre bekl\u00e6dningsgenstande.<\/p>\n<p data-start=\"500\" data-end=\"638\"><strong data-start=\"500\" data-end=\"527\">Temperaturydelse<\/strong><br data-start=\"527\" data-end=\"530\" \/>Fuldt vandt\u00e6t; fungerer fra <strong data-start=\"562\" data-end=\"580\">\u221225 \u2103 til +85 \u2103<\/strong> og t\u00e5ler langvarig eksponering for <strong data-start=\"618\" data-end=\"637\">\u221230 \u2103 til +120 \u2103<\/strong>.<\/p>\n<p data-start=\"640\" data-end=\"760\"><strong data-start=\"640\" data-end=\"660\">Produktfunktioner<\/strong><br data-start=\"660\" data-end=\"663\" \/>Fleksibel, nem at have p\u00e5, nem at bruge; vandt\u00e6t, fugtt\u00e6t, st\u00f8dsikker og varmebestandig.<\/p>\n<p data-start=\"762\" data-end=\"934\"><strong data-start=\"762\" data-end=\"792\">Ofte stillede sp\u00f8rgsm\u00e5l \u2014 Vid det f\u00f8r du k\u00f8ber<\/strong><br data-start=\"792\" data-end=\"795\" \/><strong data-start=\"795\" data-end=\"801\">Sp\u00f8rgsm\u00e5l:<\/strong> Kan dette m\u00e6rke overleve industrielle t\u00f8rretumblere og damppresning?<br data-start=\"860\" data-end=\"863\" \/><strong data-start=\"863\" data-end=\"869\">EN:<\/strong> Ja. Det er testet for <strong data-start=\"891\" data-end=\"911\">200+ vaskecyklusser<\/strong> ved h\u00f8j temperatur.<\/p>\n<p data-start=\"936\" data-end=\"1082\"><strong data-start=\"936\" data-end=\"942\">Sp\u00f8rgsm\u00e5l:<\/strong> Kan vi tilpasse hukommelsesst\u00f8rrelsen eller udskrive vores logo?<br data-start=\"994\" data-end=\"997\" \/><strong data-start=\"997\" data-end=\"1003\">EN:<\/strong> Ja. Brugerdefinerede RFID-muligheder inkluderer logotryk, kodning og st\u00f8rrelsesvarianter.<\/p>\n<p data-start=\"1084\" data-end=\"1211\"><strong data-start=\"1084\" data-end=\"1090\">Sp\u00f8rgsm\u00e5l:<\/strong> Hvilke farver er tilg\u00e6ngelige?<br data-start=\"1117\" data-end=\"1120\" \/><strong data-start=\"1120\" data-end=\"1126\">EN:<\/strong> <strong data-start=\"1127\" data-end=\"1163\">Sort, hvid, r\u00f8d, gr\u00f8n, gul<\/strong>, osv., for nem batchsortering og farvekodning.<\/p>\n<h2 data-start=\"1213\" data-end=\"1238\">Tabel (Specifikationer)<\/h2>\n<div class=\"_tableContainer_1rjym_1\">\n<div class=\"group _tableWrapper_1rjym_13 flex w-fit flex-col-reverse\" tabindex=\"-1\">\n<table class=\"w-fit min-w-(--thread-content-width)\" data-start=\"1239\" data-end=\"2513\">\n<thead data-start=\"1239\" data-end=\"1330\">\n<tr data-start=\"1239\" data-end=\"1330\">\n<th data-start=\"1239\" data-end=\"1260\" data-col-size=\"sm\">Kategori<\/th>\n<th data-start=\"1260\" data-end=\"1281\" data-col-size=\"sm\">Parameter<\/th>\n<th data-start=\"1281\" data-end=\"1330\" data-col-size=\"sm\">V\u00e6rdi<\/th>\n<\/tr>\n<\/thead>\n<tbody data-start=\"1422\" data-end=\"2513\">\n<tr data-start=\"1422\" data-end=\"1512\">\n<td data-start=\"1422\" data-end=\"1442\" data-col-size=\"sm\">RF<\/td>\n<td data-col-size=\"sm\" data-start=\"1442\" data-end=\"1463\">Frekvens<\/td>\n<td data-col-size=\"sm\" data-start=\"1463\" data-end=\"1512\">13,56 MHz<\/td>\n<\/tr>\n<tr data-start=\"1513\" data-end=\"1603\">\n<td data-start=\"1513\" data-end=\"1533\" data-col-size=\"sm\"><\/td>\n<td data-start=\"1533\" data-end=\"1554\" data-col-size=\"sm\">Protokol<\/td>\n<td data-col-size=\"sm\" data-start=\"1554\" data-end=\"1603\">ISO14443A \/ ISO15693<\/td>\n<\/tr>\n<tr data-start=\"1604\" data-end=\"1694\">\n<td data-start=\"1604\" data-end=\"1624\" data-col-size=\"sm\">Chip<\/td>\n<td data-start=\"1624\" data-end=\"1645\" data-col-size=\"sm\">Chiptype<\/td>\n<td data-col-size=\"sm\" data-start=\"1645\" data-end=\"1694\">ICODE SLIX, NTAG213, MIFARE 1K osv.<\/td>\n<\/tr>\n<tr data-start=\"1695\" data-end=\"1785\">\n<td data-start=\"1695\" data-end=\"1715\" data-col-size=\"sm\">Materialer<\/td>\n<td data-start=\"1715\" data-end=\"1736\" data-col-size=\"sm\">Legeme<\/td>\n<td data-col-size=\"sm\" data-start=\"1736\" data-end=\"1785\">PPS (varmebestandig)<\/td>\n<\/tr>\n<tr data-start=\"1786\" data-end=\"1876\">\n<td data-start=\"1786\" data-end=\"1806\" data-col-size=\"sm\">Dimensioner<\/td>\n<td data-col-size=\"sm\" data-start=\"1806\" data-end=\"1827\">St\u00f8rrelsesmuligheder<\/td>\n<td data-col-size=\"sm\" data-start=\"1827\" data-end=\"1876\">14 mm, 18 mm, 20 mm osv.<\/td>\n<\/tr>\n<tr data-start=\"1877\" data-end=\"1967\">\n<td data-start=\"1877\" data-end=\"1897\" data-col-size=\"sm\">Udseende<\/td>\n<td data-col-size=\"sm\" data-start=\"1897\" data-end=\"1918\">Farvemuligheder<\/td>\n<td data-col-size=\"sm\" data-start=\"1918\" data-end=\"1967\">Sort, hvid, r\u00f8d, gr\u00f8n, gul<\/td>\n<\/tr>\n<tr data-start=\"1968\" data-end=\"2058\">\n<td data-start=\"1968\" data-end=\"1988\" data-col-size=\"sm\">Beskyttelse<\/td>\n<td data-col-size=\"sm\" data-start=\"1988\" data-end=\"2009\">Vandt\u00e6thedsniveau<\/td>\n<td data-col-size=\"sm\" data-start=\"2009\" data-end=\"2058\">Vandt\u00e6t \/ Vejrbestandig<\/td>\n<\/tr>\n<tr data-start=\"2059\" data-end=\"2149\">\n<td data-start=\"2059\" data-end=\"2079\" data-col-size=\"sm\">Holdbarhed<\/td>\n<td data-col-size=\"sm\" data-start=\"2079\" data-end=\"2100\">Vask liv<\/td>\n<td data-col-size=\"sm\" data-start=\"2100\" data-end=\"2149\">&gt;200 vaskecyklusser<\/td>\n<\/tr>\n<tr data-start=\"2150\" data-end=\"2240\">\n<td data-start=\"2150\" data-end=\"2170\" data-col-size=\"sm\">Milj\u00f8<\/td>\n<td data-col-size=\"sm\" data-start=\"2170\" data-end=\"2191\">Driftstemperatur<\/td>\n<td data-col-size=\"sm\" data-start=\"2191\" data-end=\"2240\">\u221225 \u2103 til +85 \u2103<\/td>\n<\/tr>\n<tr data-start=\"2241\" data-end=\"2331\">\n<td data-start=\"2241\" data-end=\"2261\" data-col-size=\"sm\"><\/td>\n<td data-col-size=\"sm\" data-start=\"2261\" data-end=\"2282\">Langvarig eksponering<\/td>\n<td data-col-size=\"sm\" data-start=\"2282\" data-end=\"2331\">\u221230 \u2103 til +120 \u2103<\/td>\n<\/tr>\n<tr data-start=\"2332\" data-end=\"2422\">\n<td data-start=\"2332\" data-end=\"2352\" data-col-size=\"sm\">Applikationer<\/td>\n<td data-col-size=\"sm\" data-start=\"2352\" data-end=\"2373\">Anvendelsesomr\u00e5der<\/td>\n<td data-col-size=\"sm\" data-start=\"2373\" data-end=\"2422\">Vaskeri, bekl\u00e6dning, linned, UHF-brug<\/td>\n<\/tr>\n<tr data-start=\"2423\" data-end=\"2513\">\n<td data-start=\"2423\" data-end=\"2443\" data-col-size=\"sm\">Oprindelse<\/td>\n<td data-col-size=\"sm\" data-start=\"2443\" data-end=\"2464\">Oprindelsessted<\/td>\n<td data-col-size=\"sm\" data-start=\"2464\" data-end=\"2513\">Guangdong, Kina<\/td>\n<\/tr>\n<\/tbody>\n<\/table>\n<\/div>\n<\/div>","protected":false},"excerpt":{"rendered":"<p>Varmebestandigt, vaskbart NFC-vasket\u00f8jsm\u00e6rke lavet af PPS \u2013 vandt\u00e6t og kemikalieresistent, &gt;200 vaske, nem p\u00e5syning og flere chip-\/farvemuligheder.<\/p>","protected":false},"featured_media":752,"template":"","meta":{"_gspb_post_css":""},"product_brand":[],"product_cat":[17,19],"product_tag":[],"class_list":{"0":"post-751","1":"product","2":"type-product","3":"status-publish","4":"has-post-thumbnail","6":"product_cat-rfid-laundry-tags","7":"product_cat-pps-rfid-laundry-tags","9":"first","10":"instock","11":"shipping-taxable","12":"purchasable","13":"product-type-simple"},"_links":{"self":[{"href":"https:\/\/www.cxjsmartcard.com\/da\/wp-json\/wp\/v2\/product\/751","targetHints":{"allow":["GET"]}}],"collection":[{"href":"https:\/\/www.cxjsmartcard.com\/da\/wp-json\/wp\/v2\/product"}],"about":[{"href":"https:\/\/www.cxjsmartcard.com\/da\/wp-json\/wp\/v2\/types\/product"}],"wp:featuredmedia":[{"embeddable":true,"href":"https:\/\/www.cxjsmartcard.com\/da\/wp-json\/wp\/v2\/media\/752"}],"wp:attachment":[{"href":"https:\/\/www.cxjsmartcard.com\/da\/wp-json\/wp\/v2\/media?parent=751"}],"wp:term":[{"taxonomy":"product_brand","embeddable":true,"href":"https:\/\/www.cxjsmartcard.com\/da\/wp-json\/wp\/v2\/product_brand?post=751"},{"taxonomy":"product_cat","embeddable":true,"href":"https:\/\/www.cxjsmartcard.com\/da\/wp-json\/wp\/v2\/product_cat?post=751"},{"taxonomy":"product_tag","embeddable":true,"href":"https:\/\/www.cxjsmartcard.com\/da\/wp-json\/wp\/v2\/product_tag?post=751"}],"curies":[{"name":"wp","href":"https:\/\/api.w.org\/{rel}","templated":true}]}}