{"id":741,"date":"2025-11-03T07:04:00","date_gmt":"2025-11-03T07:04:00","guid":{"rendered":"https:\/\/www.cxjsmartcard.com\/?post_type=product&#038;p=741"},"modified":"2025-12-29T01:27:10","modified_gmt":"2025-12-29T01:27:10","slug":"pps-uhf-rfid-washable-tag-disc-button-for-laundry","status":"publish","type":"product","link":"https:\/\/www.cxjsmartcard.com\/da\/pps-uhf-rfid-washable-tag-disc-button-for-laundry\/","title":{"rendered":"PPS UHF RFID vaskbar tagskiveknap til vaskeri"},"content":{"rendered":"<p data-start=\"61\" data-end=\"888\">PPS UHF RFID vaskbar tagskiveknap anvender en PPS-plastemballage til den elektroniske etiket, hvilket giver <strong data-start=\"179\" data-end=\"280\">h\u00f8j temperaturbestandighed, flammeh\u00e6mning, kemisk korrosionsbestandighed og slidstyrke<\/strong>. Etiketten er ekstremt tynd og kan sys ind i en lille stofpose eller direkte p\u00e5 det tekstil, der skal h\u00e5ndteres, og sypositionen er nem at finde. Den bruges i vid udstr\u00e6kning i <strong data-start=\"455\" data-end=\"466\">vasket\u00f8j<\/strong>, <strong data-start=\"468\" data-end=\"491\">t\u00f8j af h\u00f8j kvalitet<\/strong>, <strong data-start=\"493\" data-end=\"512\">skoleuniformer<\/strong>, <strong data-start=\"514\" data-end=\"534\">s\u00e6rlige bekl\u00e6dningsgenstande<\/strong>, <strong data-start=\"536\" data-end=\"570\">produktionsstyring i t\u00f8j<\/strong>, <strong data-start=\"572\" data-end=\"592\">produktsporing<\/strong>, <strong data-start=\"594\" data-end=\"617\">lagerbeholdning<\/strong>, <strong data-start=\"619\" data-end=\"658\">vedligeholdelsesskilte for bilmotorer<\/strong>, <strong data-start=\"660\" data-end=\"696\">h\u00e5ndtering af kemiske r\u00e5varer<\/strong>, og andre barske milj\u00f8er.<br data-start=\"727\" data-end=\"730\" \/>Til vaskerisituationer (hotel, hospital, renseri, h\u00e5ndtering af t\u00e6pper fra flyselskaber) er etiketter almindeligvis tilg\u00e6ngelige i <strong data-start=\"843\" data-end=\"873\">PPS, silikone og tekstil<\/strong> konstruktioner.<\/p>\n<p data-start=\"890\" data-end=\"904\"><strong data-start=\"890\" data-end=\"902\">Funktioner<\/strong><\/p>\n<ol data-start=\"905\" data-end=\"1050\">\n<li data-start=\"905\" data-end=\"938\">\n<p data-start=\"908\" data-end=\"938\">H\u00f8j temperaturbestandighed.<\/p>\n<\/li>\n<li data-start=\"939\" data-end=\"964\">\n<p data-start=\"942\" data-end=\"964\">Trykmodstand.<\/p>\n<\/li>\n<li data-start=\"965\" data-end=\"991\">\n<p data-start=\"968\" data-end=\"991\">Korrosionsbestandighed.<\/p>\n<\/li>\n<li data-start=\"992\" data-end=\"1020\">\n<p data-start=\"995\" data-end=\"1020\">Vandt\u00e6t og holdbar.<\/p>\n<\/li>\n<li data-start=\"1021\" data-end=\"1050\">\n<p data-start=\"1024\" data-end=\"1050\">Tilpassede designmuligheder.<\/p>\n<\/li>\n<\/ol>\n<p data-start=\"1052\" data-end=\"1165\"><strong data-start=\"1052\" data-end=\"1065\">Funktioner<\/strong><br data-start=\"1065\" data-end=\"1068\" \/>Adgangskontrol, identitet og informationsindsamling i industrielle vaskeri- og tekstilarbejdsgange.<\/p>\n<h2 data-start=\"1167\" data-end=\"1192\">Tabel (Specifikationer)<\/h2>\n<div class=\"_tableContainer_1rjym_1\">\n<div class=\"group _tableWrapper_1rjym_13 flex w-fit flex-col-reverse\" tabindex=\"-1\">\n<table class=\"w-fit min-w-(--thread-content-width)\" data-start=\"1193\" data-end=\"3418\">\n<thead data-start=\"1193\" data-end=\"1338\">\n<tr data-start=\"1193\" data-end=\"1338\">\n<th data-start=\"1193\" data-end=\"1218\" data-col-size=\"sm\">Kategori<\/th>\n<th data-start=\"1218\" data-end=\"1249\" data-col-size=\"sm\">Parameter<\/th>\n<th data-start=\"1249\" data-end=\"1338\" data-col-size=\"lg\">V\u00e6rdi<\/th>\n<\/tr>\n<\/thead>\n<tbody data-start=\"1484\" data-end=\"3418\">\n<tr data-start=\"1484\" data-end=\"1629\">\n<td data-start=\"1484\" data-end=\"1508\" data-col-size=\"sm\">Fysisk<\/td>\n<td data-col-size=\"sm\" data-start=\"1508\" data-end=\"1540\">Materiale<\/td>\n<td data-col-size=\"lg\" data-start=\"1540\" data-end=\"1629\">PPS (polyphenylensulfid)<\/td>\n<\/tr>\n<tr data-start=\"1630\" data-end=\"1775\">\n<td data-start=\"1630\" data-end=\"1654\" data-col-size=\"sm\"><\/td>\n<td data-start=\"1654\" data-end=\"1686\" data-col-size=\"sm\">Formfaktor<\/td>\n<td data-col-size=\"lg\" data-start=\"1686\" data-end=\"1775\">Disk \/ knap<\/td>\n<\/tr>\n<tr data-start=\"1776\" data-end=\"1921\">\n<td data-start=\"1776\" data-end=\"1800\" data-col-size=\"sm\"><\/td>\n<td data-col-size=\"sm\" data-start=\"1800\" data-end=\"1832\">Dimensioner<\/td>\n<td data-col-size=\"lg\" data-start=\"1832\" data-end=\"1921\">\u00d818 mm \/ \u00d820 mm \/ \u00d825,5 mm; tykkelse 2,75 mm; <strong data-start=\"1881\" data-end=\"1898\">hul \u00d8 1,5 mm<\/strong><\/td>\n<\/tr>\n<tr data-start=\"1922\" data-end=\"2067\">\n<td data-start=\"1922\" data-end=\"1946\" data-col-size=\"sm\"><\/td>\n<td data-col-size=\"sm\" data-start=\"1946\" data-end=\"1978\">Vedh\u00e6ftet fil<\/td>\n<td data-col-size=\"lg\" data-start=\"1978\" data-end=\"2067\">Sy ind i en lille stofpose eller sy direkte p\u00e5 tekstilet<\/td>\n<\/tr>\n<tr data-start=\"2068\" data-end=\"2213\">\n<td data-start=\"2068\" data-end=\"2092\" data-col-size=\"sm\">Milj\u00f8<\/td>\n<td data-col-size=\"sm\" data-start=\"2092\" data-end=\"2124\">Temperaturomr\u00e5de<\/td>\n<td data-col-size=\"lg\" data-start=\"2124\" data-end=\"2213\">\u221230 \u2103 til +220 \u2103<\/td>\n<\/tr>\n<tr data-start=\"2214\" data-end=\"2359\">\n<td data-start=\"2214\" data-end=\"2238\" data-col-size=\"sm\">Personalisering<\/td>\n<td data-col-size=\"sm\" data-start=\"2238\" data-end=\"2270\">Tilpasning<\/td>\n<td data-col-size=\"lg\" data-start=\"2270\" data-end=\"2359\">Brugerdefineret logotryk; skrivbare chipdata (f.eks. URL\/websted, serienumre)<\/td>\n<\/tr>\n<tr data-start=\"2360\" data-end=\"2505\">\n<td data-start=\"2360\" data-end=\"2384\" data-col-size=\"sm\">Attributter<\/td>\n<td data-col-size=\"sm\" data-start=\"2384\" data-end=\"2416\">Beskyttende funktioner<\/td>\n<td data-col-size=\"lg\" data-start=\"2416\" data-end=\"2505\">H\u00f8j temperatur, tryk, korrosionsbestandighed; vandt\u00e6t; holdbar<\/td>\n<\/tr>\n<tr data-start=\"2506\" data-end=\"2651\">\n<td data-start=\"2506\" data-end=\"2530\" data-col-size=\"sm\">RFID<\/td>\n<td data-col-size=\"sm\" data-start=\"2530\" data-end=\"2562\">Frekvens<\/td>\n<td data-col-size=\"lg\" data-start=\"2562\" data-end=\"2651\">860\u2013960 MHz (UHF)<\/td>\n<\/tr>\n<tr data-start=\"2652\" data-end=\"2797\">\n<td data-start=\"2652\" data-end=\"2676\" data-col-size=\"sm\"><\/td>\n<td data-col-size=\"sm\" data-start=\"2676\" data-end=\"2708\">Protokol<\/td>\n<td data-col-size=\"lg\" data-start=\"2708\" data-end=\"2797\">ISO 18000-6C<\/td>\n<\/tr>\n<tr data-start=\"2798\" data-end=\"2943\">\n<td data-start=\"2798\" data-end=\"2822\" data-col-size=\"sm\"><\/td>\n<td data-start=\"2822\" data-end=\"2854\" data-col-size=\"sm\">Chip-muligheder<\/td>\n<td data-col-size=\"lg\" data-start=\"2854\" data-end=\"2943\">H9, H10, U9, U10, M4\/5\/6<\/td>\n<\/tr>\n<tr data-start=\"2944\" data-end=\"3089\">\n<td data-start=\"2944\" data-end=\"2968\" data-col-size=\"sm\">Pr\u00e6station<\/td>\n<td data-col-size=\"sm\" data-start=\"2968\" data-end=\"3000\">L\u00e6s afstand<\/td>\n<td data-col-size=\"lg\" data-start=\"3000\" data-end=\"3089\">1\u20138 m (afh\u00e6ngig af l\u00e6ser\/milj\u00f8)<\/td>\n<\/tr>\n<tr data-start=\"3090\" data-end=\"3272\">\n<td data-start=\"3090\" data-end=\"3114\" data-col-size=\"sm\">Brugsscenarier<\/td>\n<td data-col-size=\"sm\" data-start=\"3114\" data-end=\"3146\">Typiske anvendelser<\/td>\n<td data-col-size=\"lg\" data-start=\"3146\" data-end=\"3272\">Vaskeri, t\u00f8j af h\u00f8j kvalitet, skoleuniformer, specialt\u00f8j, produktionsstyring, produktsporing, lagerbeholdning<\/td>\n<\/tr>\n<tr data-start=\"3273\" data-end=\"3418\">\n<td data-start=\"3273\" data-end=\"3297\" data-col-size=\"sm\">Brancheeksempler<\/td>\n<td data-col-size=\"sm\" data-start=\"3297\" data-end=\"3329\">Vaskeriafdelinger<\/td>\n<td data-col-size=\"lg\" data-start=\"3329\" data-end=\"3418\">Hotel, hospital, renseri, h\u00e5ndtering af t\u00e6pper fra flyselskaber<\/td>\n<\/tr>\n<\/tbody>\n<\/table>\n<\/div>\n<\/div>","protected":false},"excerpt":{"rendered":"<p>Vaskbar PPS UHF RFID-skive\/knapm\u00e6rke til vasket\u00f8j \u2013 vandt\u00e6t, flammeh\u00e6mmende, korrosionsbestandig, \u221230\u2013220 \u2103, 1\u20138 m afl\u00e6sning; isyning eller pose; brugerdefineret logo\/data underst\u00f8ttes.<\/p>","protected":false},"featured_media":743,"template":"","meta":{"_gspb_post_css":""},"product_brand":[],"product_cat":[17,19],"product_tag":[],"class_list":{"0":"post-741","1":"product","2":"type-product","3":"status-publish","4":"has-post-thumbnail","6":"product_cat-rfid-laundry-tags","7":"product_cat-pps-rfid-laundry-tags","9":"first","10":"instock","11":"shipping-taxable","12":"purchasable","13":"product-type-simple"},"_links":{"self":[{"href":"https:\/\/www.cxjsmartcard.com\/da\/wp-json\/wp\/v2\/product\/741","targetHints":{"allow":["GET"]}}],"collection":[{"href":"https:\/\/www.cxjsmartcard.com\/da\/wp-json\/wp\/v2\/product"}],"about":[{"href":"https:\/\/www.cxjsmartcard.com\/da\/wp-json\/wp\/v2\/types\/product"}],"wp:featuredmedia":[{"embeddable":true,"href":"https:\/\/www.cxjsmartcard.com\/da\/wp-json\/wp\/v2\/media\/743"}],"wp:attachment":[{"href":"https:\/\/www.cxjsmartcard.com\/da\/wp-json\/wp\/v2\/media?parent=741"}],"wp:term":[{"taxonomy":"product_brand","embeddable":true,"href":"https:\/\/www.cxjsmartcard.com\/da\/wp-json\/wp\/v2\/product_brand?post=741"},{"taxonomy":"product_cat","embeddable":true,"href":"https:\/\/www.cxjsmartcard.com\/da\/wp-json\/wp\/v2\/product_cat?post=741"},{"taxonomy":"product_tag","embeddable":true,"href":"https:\/\/www.cxjsmartcard.com\/da\/wp-json\/wp\/v2\/product_tag?post=741"}],"curies":[{"name":"wp","href":"https:\/\/api.w.org\/{rel}","templated":true}]}}