{"id":736,"date":"2025-11-03T07:01:57","date_gmt":"2025-11-03T07:01:57","guid":{"rendered":"https:\/\/www.cxjsmartcard.com\/?post_type=product&#038;p=736"},"modified":"2025-12-29T01:27:10","modified_gmt":"2025-12-29T01:27:10","slug":"durable-pps-commercial-reusable-washable-rfid-tags-for-laundry-industry","status":"publish","type":"product","link":"https:\/\/www.cxjsmartcard.com\/da\/durable-pps-commercial-reusable-washable-rfid-tags-for-laundry-industry\/","title":{"rendered":"Holdbare PPS kommercielle genanvendelige vaskbare RFID-tags til vaskeriindustrien"},"content":{"rendered":"<p data-start=\"83\" data-end=\"381\">Holdbare, genanvendelige, vaskbare RFID-tags af PPS er konstrueret til de barske forhold i industriel vaskeridrift. De fungerer ved <strong data-start=\"214\" data-end=\"233\">13,56 MHz (NFC)<\/strong>, hvert vandt\u00e6t m\u00e6rke bruger en <strong data-start=\"262\" data-end=\"301\">harpiks + epoxykerne med en PPS-skal<\/strong> at modst\u00e5 h\u00f8je temperaturer, vandneds\u00e6nkning, kemikalier og konstant genbrug.<\/p>\n<p data-start=\"383\" data-end=\"721\"><strong data-start=\"383\" data-end=\"426\">Bygget til holdbarhed i industriel vaskeri<\/strong><br data-start=\"426\" data-end=\"429\" \/>Disse m\u00e6rker er specialbygget til vaskerier og kan h\u00e5ndtere <strong data-start=\"496\" data-end=\"516\">200+ vaskecyklusser<\/strong>, h\u00f8j luftfugtighed og <strong data-start=\"537\" data-end=\"556\">\u221225 \u2103 til +120 \u2103<\/strong> PPS (en h\u00f8jtydende termoplast) giver fremragende kemisk og mekanisk modstandsdygtighed for ensartet ydeevne under vask, t\u00f8rring og presning.<\/p>\n<p data-start=\"723\" data-end=\"927\"><strong data-start=\"723\" data-end=\"757\">Genanvendelig for langsigtede besparelser<\/strong><br data-start=\"757\" data-end=\"760\" \/>Indkapsling beskytter data ved hj\u00e6lp af damppresning og industriel strygning. Genbrug p\u00e5 tv\u00e6rs af mange cyklusser s\u00e6nker omkostningerne til sporing pr. vare og underst\u00f8tter b\u00e6redygtighedsm\u00e5l.<\/p>\n<p data-start=\"929\" data-end=\"943\"><strong data-start=\"929\" data-end=\"941\">Funktioner<\/strong><\/p>\n<ul data-start=\"944\" data-end=\"1206\">\n<li data-start=\"944\" data-end=\"989\">\n<p data-start=\"946\" data-end=\"989\">13,56 MHz NFC; <strong data-start=\"961\" data-end=\"987\">ISO 15693 \/ ISO 14443A<\/strong><\/p>\n<\/li>\n<li data-start=\"990\" data-end=\"1045\">\n<p data-start=\"992\" data-end=\"1045\"><strong data-start=\"992\" data-end=\"1030\">Vandt\u00e6t, vejrbestandig, genanvendelig<\/strong> konstruktion<\/p>\n<\/li>\n<li data-start=\"1046\" data-end=\"1094\">\n<p data-start=\"1048\" data-end=\"1094\">L\u00e6seomr\u00e5de op til <strong data-start=\"1065\" data-end=\"1074\">0\u20131 meter<\/strong> (afh\u00e6ngig af ops\u00e6tning)<\/p>\n<\/li>\n<li data-start=\"1095\" data-end=\"1150\">\n<p data-start=\"1097\" data-end=\"1150\"><strong data-start=\"1097\" data-end=\"1111\">R21 \u00d7 2 mm<\/strong> formfaktor (andre st\u00f8rrelser p\u00e5 foresp\u00f8rgsel)<\/p>\n<\/li>\n<li data-start=\"1151\" data-end=\"1206\">\n<p data-start=\"1153\" data-end=\"1206\">Tilpassede tjenester tilg\u00e6ngelige (kodning, form, branding)<\/p>\n<\/li>\n<\/ul>\n<p data-start=\"1208\" data-end=\"1307\"><strong data-start=\"1208\" data-end=\"1224\">Applikationer<\/strong><br data-start=\"1224\" data-end=\"1227\" \/>Vaskerier, linnedservice, bekl\u00e6dningsfabrikker, tekstiler til hoteller og restaurationsbranchen.<\/p>\n<p data-start=\"1309\" data-end=\"1652\"><strong data-start=\"1309\" data-end=\"1317\">Ofte stillede sp\u00f8rgsm\u00e5l<\/strong><br data-start=\"1317\" data-end=\"1320\" \/><strong data-start=\"1320\" data-end=\"1326\">Sp\u00f8rgsm\u00e5l:<\/strong> Kan disse m\u00e6rker overleve industriel vask og t\u00f8rring?<br data-start=\"1380\" data-end=\"1383\" \/><strong data-start=\"1383\" data-end=\"1389\">EN:<\/strong> Ja \u2013 bygget til 200+ cyklusser, h\u00f8j temperatur og tryk.<br data-start=\"1448\" data-end=\"1451\" \/><strong data-start=\"1451\" data-end=\"1457\">Sp\u00f8rgsm\u00e5l:<\/strong> Hvad er det typiske l\u00e6seomr\u00e5de?<br data-start=\"1488\" data-end=\"1491\" \/><strong data-start=\"1491\" data-end=\"1497\">EN:<\/strong> Op til 1 m afh\u00e6ngigt af l\u00e6ser og milj\u00f8.<br data-start=\"1544\" data-end=\"1547\" \/><strong data-start=\"1547\" data-end=\"1553\">Sp\u00f8rgsm\u00e5l:<\/strong> Kan jeg f\u00e5 brugerdefineret kodning eller st\u00f8rrelser?<br data-start=\"1589\" data-end=\"1592\" \/><strong data-start=\"1592\" data-end=\"1598\">EN:<\/strong> Ja \u2013 brugerdefinerede chips, former og branding er tilg\u00e6ngelige.<\/p>\n<h2 data-start=\"1654\" data-end=\"1679\">Tabel (Specifikationer)<\/h2>\n<div class=\"_tableContainer_1rjym_1\">\n<div class=\"group _tableWrapper_1rjym_13 flex w-fit flex-col-reverse\" tabindex=\"-1\">\n<table class=\"w-fit min-w-(--thread-content-width)\" data-start=\"1680\" data-end=\"2927\">\n<thead data-start=\"1680\" data-end=\"1769\">\n<tr data-start=\"1680\" data-end=\"1769\">\n<th data-start=\"1680\" data-end=\"1703\" data-col-size=\"sm\">Kategori<\/th>\n<th data-start=\"1703\" data-end=\"1727\" data-col-size=\"sm\">Parameter<\/th>\n<th data-start=\"1727\" data-end=\"1769\" data-col-size=\"sm\">V\u00e6rdi<\/th>\n<\/tr>\n<\/thead>\n<tbody data-start=\"1859\" data-end=\"2927\">\n<tr data-start=\"1859\" data-end=\"1947\">\n<td data-start=\"1859\" data-end=\"1881\" data-col-size=\"sm\">Produkt<\/td>\n<td data-col-size=\"sm\" data-start=\"1881\" data-end=\"1905\">Varenavn<\/td>\n<td data-col-size=\"sm\" data-start=\"1905\" data-end=\"1947\">Vandt\u00e6tte RFID-tags<\/td>\n<\/tr>\n<tr data-start=\"1948\" data-end=\"2036\">\n<td data-start=\"1948\" data-end=\"1970\" data-col-size=\"sm\">RF<\/td>\n<td data-col-size=\"sm\" data-start=\"1970\" data-end=\"1994\">Frekvens<\/td>\n<td data-col-size=\"sm\" data-start=\"1994\" data-end=\"2036\">13,56 MHz (NFC)<\/td>\n<\/tr>\n<tr data-start=\"2037\" data-end=\"2125\">\n<td data-start=\"2037\" data-end=\"2059\" data-col-size=\"sm\"><\/td>\n<td data-col-size=\"sm\" data-start=\"2059\" data-end=\"2083\">Protokol<\/td>\n<td data-col-size=\"sm\" data-start=\"2083\" data-end=\"2125\">ISO 15693 \/ ISO 14443A<\/td>\n<\/tr>\n<tr data-start=\"2126\" data-end=\"2214\">\n<td data-start=\"2126\" data-end=\"2148\" data-col-size=\"sm\">Hukommelse<\/td>\n<td data-col-size=\"sm\" data-start=\"2148\" data-end=\"2172\">Kapacitet<\/td>\n<td data-col-size=\"sm\" data-start=\"2172\" data-end=\"2214\">1024 bit (tilg\u00e6ngelige muligheder)<\/td>\n<\/tr>\n<tr data-start=\"2215\" data-end=\"2303\">\n<td data-start=\"2215\" data-end=\"2237\" data-col-size=\"sm\">Materialer<\/td>\n<td data-col-size=\"sm\" data-start=\"2237\" data-end=\"2261\">Konstruktion<\/td>\n<td data-col-size=\"sm\" data-start=\"2261\" data-end=\"2303\">Harpiks + Epoxykerne, <strong data-start=\"2283\" data-end=\"2297\">PPS-bekl\u00e6dning<\/strong><\/td>\n<\/tr>\n<tr data-start=\"2304\" data-end=\"2392\">\n<td data-start=\"2304\" data-end=\"2326\" data-col-size=\"sm\">Dimensioner<\/td>\n<td data-col-size=\"sm\" data-start=\"2326\" data-end=\"2350\">St\u00f8rrelse<\/td>\n<td data-col-size=\"sm\" data-start=\"2350\" data-end=\"2392\"><strong data-start=\"2352\" data-end=\"2366\">R21 \u00d7 2 mm<\/strong><\/td>\n<\/tr>\n<tr data-start=\"2393\" data-end=\"2482\">\n<td data-start=\"2393\" data-end=\"2415\" data-col-size=\"sm\">Pr\u00e6station<\/td>\n<td data-col-size=\"sm\" data-start=\"2415\" data-end=\"2439\">L\u00e6seomr\u00e5de<\/td>\n<td data-col-size=\"sm\" data-start=\"2439\" data-end=\"2482\"><strong data-start=\"2441\" data-end=\"2450\">0\u20131 meter<\/strong> (afh\u00e6ngig af l\u00e6ser\/milj\u00f8)<\/td>\n<\/tr>\n<tr data-start=\"2483\" data-end=\"2571\">\n<td data-start=\"2483\" data-end=\"2505\" data-col-size=\"sm\">Milj\u00f8<\/td>\n<td data-col-size=\"sm\" data-start=\"2505\" data-end=\"2529\">Driftstemperatur<\/td>\n<td data-col-size=\"sm\" data-start=\"2529\" data-end=\"2571\"><strong data-start=\"2531\" data-end=\"2550\">\u221225 \u2103 til +120 \u2103<\/strong><\/td>\n<\/tr>\n<tr data-start=\"2572\" data-end=\"2660\">\n<td data-start=\"2572\" data-end=\"2594\" data-col-size=\"sm\">Holdbarhed<\/td>\n<td data-col-size=\"sm\" data-start=\"2594\" data-end=\"2618\">Vaskecyklusser<\/td>\n<td data-col-size=\"sm\" data-start=\"2618\" data-end=\"2660\"><strong data-start=\"2620\" data-end=\"2628\">200+<\/strong> (industrielle processer)<\/td>\n<\/tr>\n<tr data-start=\"2661\" data-end=\"2749\">\n<td data-start=\"2661\" data-end=\"2683\" data-col-size=\"sm\">Applikationer<\/td>\n<td data-col-size=\"sm\" data-start=\"2683\" data-end=\"2707\">Omr\u00e5der<\/td>\n<td data-col-size=\"sm\" data-start=\"2707\" data-end=\"2749\">Vaskeri, linned, bekl\u00e6dningsfabrikker<\/td>\n<\/tr>\n<tr data-start=\"2750\" data-end=\"2838\">\n<td data-start=\"2750\" data-end=\"2772\" data-col-size=\"sm\">S\u00e6rlige funktioner<\/td>\n<td data-col-size=\"sm\" data-start=\"2772\" data-end=\"2796\">Attributter<\/td>\n<td data-col-size=\"sm\" data-start=\"2796\" data-end=\"2838\">Vandt\u00e6t \/ Vejrbestandig \/ Genanvendelig<\/td>\n<\/tr>\n<tr data-start=\"2839\" data-end=\"2927\">\n<td data-start=\"2839\" data-end=\"2861\" data-col-size=\"sm\">Oprindelse<\/td>\n<td data-col-size=\"sm\" data-start=\"2861\" data-end=\"2885\">Oprindelsessted<\/td>\n<td data-col-size=\"sm\" data-start=\"2885\" data-end=\"2927\">Shenzhen, Kina<\/td>\n<\/tr>\n<\/tbody>\n<\/table>\n<\/div>\n<\/div>","protected":false},"excerpt":{"rendered":"<p>Holdbare 13,56 MHz PPS RFID-vaskem\u00e6rker \u2013 vandt\u00e6tte, genanvendelige og kemikalieresistente med 0-1 m afl\u00e6sning og en holdbarhed p\u00e5 over 200 vaskecyklusser til sporing af industriel tekstil.<\/p>","protected":false},"featured_media":737,"template":"","meta":{"_gspb_post_css":""},"product_brand":[],"product_cat":[17,19],"product_tag":[],"class_list":{"0":"post-736","1":"product","2":"type-product","3":"status-publish","4":"has-post-thumbnail","6":"product_cat-rfid-laundry-tags","7":"product_cat-pps-rfid-laundry-tags","9":"first","10":"instock","11":"shipping-taxable","12":"purchasable","13":"product-type-simple"},"_links":{"self":[{"href":"https:\/\/www.cxjsmartcard.com\/da\/wp-json\/wp\/v2\/product\/736","targetHints":{"allow":["GET"]}}],"collection":[{"href":"https:\/\/www.cxjsmartcard.com\/da\/wp-json\/wp\/v2\/product"}],"about":[{"href":"https:\/\/www.cxjsmartcard.com\/da\/wp-json\/wp\/v2\/types\/product"}],"wp:featuredmedia":[{"embeddable":true,"href":"https:\/\/www.cxjsmartcard.com\/da\/wp-json\/wp\/v2\/media\/737"}],"wp:attachment":[{"href":"https:\/\/www.cxjsmartcard.com\/da\/wp-json\/wp\/v2\/media?parent=736"}],"wp:term":[{"taxonomy":"product_brand","embeddable":true,"href":"https:\/\/www.cxjsmartcard.com\/da\/wp-json\/wp\/v2\/product_brand?post=736"},{"taxonomy":"product_cat","embeddable":true,"href":"https:\/\/www.cxjsmartcard.com\/da\/wp-json\/wp\/v2\/product_cat?post=736"},{"taxonomy":"product_tag","embeddable":true,"href":"https:\/\/www.cxjsmartcard.com\/da\/wp-json\/wp\/v2\/product_tag?post=736"}],"curies":[{"name":"wp","href":"https:\/\/api.w.org\/{rel}","templated":true}]}}