{"id":731,"date":"2025-11-03T06:59:28","date_gmt":"2025-11-03T06:59:28","guid":{"rendered":"https:\/\/www.cxjsmartcard.com\/?post_type=product&#038;p=731"},"modified":"2025-12-29T01:27:10","modified_gmt":"2025-12-29T01:27:10","slug":"125khz-heat-resistant-washable-pps-rfid-laundry-tag-button-token","status":"publish","type":"product","link":"https:\/\/www.cxjsmartcard.com\/da\/125khz-heat-resistant-washable-pps-rfid-laundry-tag-button-token\/","title":{"rendered":"125kHz varmebestandig vaskbar PPS RFID vaskem\u00e6rke (knapm\u00e6rke)"},"content":{"rendered":"<p data-start=\"78\" data-end=\"810\">PPS RFID-vaskem\u00e6rker er ideelle til sporing af linned, uniformer og andet bekl\u00e6dningsgenstande. Vi opdaterer og tilf\u00f8jer l\u00f8bende RFID-produkter til vores hjemmeside. Men hvis du s\u00f8ger efter et bestemt vaskem\u00e6rke, men ikke kan finde det, bedes du kontakte os, da vi sandsynligvis kan levere det til dig.<br data-start=\"396\" data-end=\"399\" \/>PPS RFID-tokenm\u00e6rker er fremstillet af teknisk plast via spr\u00f8jtest\u00f8bning med en indkapslet RFID-chip. De bruges i vid udstr\u00e6kning til blegning og farvning af t\u00f8j og sweatere, vask med skrappe vaskemidler, produktion af kemiske materialer og specifikke medicinske arbejdsmilj\u00f8er. De er slidst\u00e6rke, h\u00f8jtemperaturbestandige, syre- og alkalibestandige, milj\u00f8venlige og designet til langvarig vaskesporing.<\/p>\n<p data-start=\"812\" data-end=\"826\"><strong data-start=\"812\" data-end=\"824\">Funktioner<\/strong><\/p>\n<ol data-start=\"827\" data-end=\"972\">\n<li data-start=\"827\" data-end=\"860\">\n<p data-start=\"830\" data-end=\"860\">H\u00f8j temperaturbestandighed.<\/p>\n<\/li>\n<li data-start=\"861\" data-end=\"886\">\n<p data-start=\"864\" data-end=\"886\">Trykmodstand.<\/p>\n<\/li>\n<li data-start=\"887\" data-end=\"913\">\n<p data-start=\"890\" data-end=\"913\">Korrosionsbestandighed.<\/p>\n<\/li>\n<li data-start=\"914\" data-end=\"942\">\n<p data-start=\"917\" data-end=\"942\">Vandt\u00e6t og holdbar.<\/p>\n<\/li>\n<li data-start=\"943\" data-end=\"972\">\n<p data-start=\"946\" data-end=\"972\">Tilpassede designmuligheder.<\/p>\n<\/li>\n<\/ol>\n<p data-start=\"974\" data-end=\"992\"><strong data-start=\"974\" data-end=\"990\">Applikationer<\/strong><\/p>\n<ul data-start=\"993\" data-end=\"1179\">\n<li data-start=\"993\" data-end=\"1051\">\n<p data-start=\"995\" data-end=\"1051\">Sporing af vaskeriaktiver for linned, uniformer og bekl\u00e6dningsgenstande.<\/p>\n<\/li>\n<li data-start=\"1052\" data-end=\"1116\">\n<p data-start=\"1054\" data-end=\"1116\">Industrielle processer: blegning\/farvning, kemisk produktion.<\/p>\n<\/li>\n<li data-start=\"1117\" data-end=\"1179\">\n<p data-start=\"1119\" data-end=\"1179\">Medicinske og andre barske milj\u00f8er, der kr\u00e6ver holdbare m\u00e6rker.<\/p>\n<\/li>\n<\/ul>\n<h2 data-start=\"1181\" data-end=\"1206\">Tabel (Specifikationer)<\/h2>\n<div class=\"_tableContainer_1rjym_1\">\n<div class=\"group _tableWrapper_1rjym_13 flex w-fit flex-col-reverse\" tabindex=\"-1\">\n<table class=\"w-fit min-w-(--thread-content-width)\" data-start=\"1207\" data-end=\"2835\">\n<thead data-start=\"1207\" data-end=\"1341\">\n<tr data-start=\"1207\" data-end=\"1341\">\n<th data-start=\"1207\" data-end=\"1225\" data-col-size=\"sm\">Kategori<\/th>\n<th data-start=\"1225\" data-end=\"1248\" data-col-size=\"sm\">Parameter<\/th>\n<th data-start=\"1248\" data-end=\"1341\" data-col-size=\"md\">V\u00e6rdi<\/th>\n<\/tr>\n<\/thead>\n<tbody data-start=\"1477\" data-end=\"2835\">\n<tr data-start=\"1477\" data-end=\"1612\">\n<td data-start=\"1477\" data-end=\"1495\" data-col-size=\"sm\">Produkt<\/td>\n<td data-col-size=\"sm\" data-start=\"1495\" data-end=\"1519\">Type<\/td>\n<td data-col-size=\"md\" data-start=\"1519\" data-end=\"1612\">PPS RFID vasket\u00f8jsm\u00e6rke \/ knaptoken<\/td>\n<\/tr>\n<tr data-start=\"1613\" data-end=\"1748\">\n<td data-start=\"1613\" data-end=\"1631\" data-col-size=\"sm\">Materialer<\/td>\n<td data-col-size=\"sm\" data-start=\"1631\" data-end=\"1655\">Legeme<\/td>\n<td data-col-size=\"md\" data-start=\"1655\" data-end=\"1748\">PPS (polyphenylensulfid) teknisk plast<\/td>\n<\/tr>\n<tr data-start=\"1749\" data-end=\"1884\">\n<td data-start=\"1749\" data-end=\"1767\" data-col-size=\"sm\">RF<\/td>\n<td data-col-size=\"sm\" data-start=\"1767\" data-end=\"1791\">Frekvens<\/td>\n<td data-col-size=\"md\" data-start=\"1791\" data-end=\"1884\">LF: 125 kHz<\/td>\n<\/tr>\n<tr data-start=\"1885\" data-end=\"2020\">\n<td data-start=\"1885\" data-end=\"1903\" data-col-size=\"sm\"><\/td>\n<td data-col-size=\"sm\" data-start=\"1903\" data-end=\"1927\">Chip-muligheder<\/td>\n<td data-col-size=\"md\" data-start=\"1927\" data-end=\"2020\">TK4100, EM4200, EM4305, T5577<\/td>\n<\/tr>\n<tr data-start=\"2021\" data-end=\"2155\">\n<td data-start=\"2021\" data-end=\"2039\" data-col-size=\"sm\">Holdbarhed<\/td>\n<td data-col-size=\"sm\" data-start=\"2039\" data-end=\"2063\">Livstid<\/td>\n<td data-col-size=\"md\" data-start=\"2063\" data-end=\"2155\">200 vaskecyklusser <strong data-start=\"2081\" data-end=\"2087\">eller<\/strong> 2 \u00e5r fra forsendelsesdatoen (alt efter hvad der kommer f\u00f8rst)<\/td>\n<\/tr>\n<tr data-start=\"2156\" data-end=\"2291\">\n<td data-start=\"2156\" data-end=\"2174\" data-col-size=\"sm\">Milj\u00f8<\/td>\n<td data-col-size=\"sm\" data-start=\"2174\" data-end=\"2198\">Fort\u00f8rring (tumbler)<\/td>\n<td data-col-size=\"md\" data-start=\"2198\" data-end=\"2291\">180 \u2103 (320 \u2109), 30 minutter<\/td>\n<\/tr>\n<tr data-start=\"2292\" data-end=\"2427\">\n<td data-start=\"2292\" data-end=\"2310\" data-col-size=\"sm\"><\/td>\n<td data-col-size=\"sm\" data-start=\"2310\" data-end=\"2334\">Strygning<\/td>\n<td data-col-size=\"md\" data-start=\"2334\" data-end=\"2427\">180 \u2103 (356 \u2109), 10 sekunder, 200 cyklusser<\/td>\n<\/tr>\n<tr data-start=\"2428\" data-end=\"2563\">\n<td data-start=\"2428\" data-end=\"2446\" data-col-size=\"sm\"><\/td>\n<td data-start=\"2446\" data-end=\"2470\" data-col-size=\"sm\">Sterilisering<\/td>\n<td data-col-size=\"md\" data-start=\"2470\" data-end=\"2563\">135 \u2103 (275 \u2109), 20 minutter<\/td>\n<\/tr>\n<tr data-start=\"2564\" data-end=\"2699\">\n<td data-start=\"2564\" data-end=\"2582\" data-col-size=\"sm\">Pr\u00e6station<\/td>\n<td data-col-size=\"sm\" data-start=\"2582\" data-end=\"2606\">Mekanisk<\/td>\n<td data-col-size=\"md\" data-start=\"2606\" data-end=\"2699\">Trykbestandig; korrosionsbestandig; vandt\u00e6t; slidst\u00e6rk<\/td>\n<\/tr>\n<tr data-start=\"2700\" data-end=\"2835\">\n<td data-start=\"2700\" data-end=\"2718\" data-col-size=\"sm\">Tilpasning<\/td>\n<td data-col-size=\"sm\" data-start=\"2718\" data-end=\"2742\">Valgmuligheder<\/td>\n<td data-col-size=\"md\" data-start=\"2742\" data-end=\"2835\">Tilpassede designs tilg\u00e6ngelige<\/td>\n<\/tr>\n<\/tbody>\n<\/table>\n<\/div>\n<\/div>","protected":false},"excerpt":{"rendered":"<p>Varmebestandig, vaskbar PPS RFID-vaskem\u00e6rke til linned og uniformer \u2013 vandt\u00e6t, tryk-\/korrosionsbestandig, 200-cyklus holdbarhed med flere LF-chipmuligheder.<\/p>","protected":false},"featured_media":734,"template":"","meta":{"_gspb_post_css":""},"product_brand":[],"product_cat":[17,19],"product_tag":[],"class_list":{"0":"post-731","1":"product","2":"type-product","3":"status-publish","4":"has-post-thumbnail","6":"product_cat-rfid-laundry-tags","7":"product_cat-pps-rfid-laundry-tags","9":"first","10":"instock","11":"shipping-taxable","12":"purchasable","13":"product-type-simple"},"_links":{"self":[{"href":"https:\/\/www.cxjsmartcard.com\/da\/wp-json\/wp\/v2\/product\/731","targetHints":{"allow":["GET"]}}],"collection":[{"href":"https:\/\/www.cxjsmartcard.com\/da\/wp-json\/wp\/v2\/product"}],"about":[{"href":"https:\/\/www.cxjsmartcard.com\/da\/wp-json\/wp\/v2\/types\/product"}],"wp:featuredmedia":[{"embeddable":true,"href":"https:\/\/www.cxjsmartcard.com\/da\/wp-json\/wp\/v2\/media\/734"}],"wp:attachment":[{"href":"https:\/\/www.cxjsmartcard.com\/da\/wp-json\/wp\/v2\/media?parent=731"}],"wp:term":[{"taxonomy":"product_brand","embeddable":true,"href":"https:\/\/www.cxjsmartcard.com\/da\/wp-json\/wp\/v2\/product_brand?post=731"},{"taxonomy":"product_cat","embeddable":true,"href":"https:\/\/www.cxjsmartcard.com\/da\/wp-json\/wp\/v2\/product_cat?post=731"},{"taxonomy":"product_tag","embeddable":true,"href":"https:\/\/www.cxjsmartcard.com\/da\/wp-json\/wp\/v2\/product_tag?post=731"}],"curies":[{"name":"wp","href":"https:\/\/api.w.org\/{rel}","templated":true}]}}