{"id":726,"date":"2025-11-03T06:55:07","date_gmt":"2025-11-03T06:55:07","guid":{"rendered":"https:\/\/www.cxjsmartcard.com\/?post_type=product&#038;p=726"},"modified":"2025-12-29T01:27:10","modified_gmt":"2025-12-29T01:27:10","slug":"13-56mhz-rewritable-washable-waterproof-coin-nfc-pps-laundry-tags","status":"publish","type":"product","link":"https:\/\/www.cxjsmartcard.com\/da\/13-56mhz-rewritable-washable-waterproof-coin-nfc-pps-laundry-tags\/","title":{"rendered":"13,56 MHz genskrivbare vaskbare vandt\u00e6tte m\u00f8nter NFC PPS vaskem\u00e6rker"},"content":{"rendered":"<p data-start=\"77\" data-end=\"334\">Den 13,56 MHz genskrivbare, vaskbare, vandt\u00e6tte m\u00f8nt-NFC PPS-vaskem\u00e6rke er bygget til vasket\u00f8jsh\u00e5ndtering, linnedsporing og bekl\u00e6dningsidentifikation. En robust PPS-skal modst\u00e5r h\u00f8je temperaturer, kemikalier og vand gennem gentagne vaskecyklusser.<\/p>\n<p data-start=\"336\" data-end=\"644\"><strong data-start=\"336\" data-end=\"382\">Genskrivbar NFC-funktion til smart sporing<\/strong><br data-start=\"382\" data-end=\"385\" \/>Drevet af NFC-chips som f.eks. <strong data-start=\"414\" data-end=\"425\">NTAG213<\/strong>, <strong data-start=\"427\" data-end=\"438\">NTAG216<\/strong>, og <strong data-start=\"444\" data-end=\"458\">ICODE SLIX<\/strong>, taggen underst\u00f8tter genskrivbar hukommelse til lagerdata, t\u00f8jstatus og vaskehistorik. Personalet kan scanne med standard RFID-l\u00e6sere \u2013 eller endda smartphones \u2013 for pr\u00e6cis sporing i realtid.<\/p>\n<p data-start=\"646\" data-end=\"660\"><strong data-start=\"646\" data-end=\"658\">Funktioner<\/strong><\/p>\n<ul data-start=\"661\" data-end=\"962\">\n<li data-start=\"661\" data-end=\"710\">\n<p data-start=\"663\" data-end=\"710\">13,56 MHz NFC-drift med genskrivbar hukommelse<\/p>\n<\/li>\n<li data-start=\"711\" data-end=\"771\">\n<p data-start=\"713\" data-end=\"771\">Holdbar PPS \/ silikone \/ ABS \/ bl\u00f8d plastkonstruktion<\/p>\n<\/li>\n<li data-start=\"772\" data-end=\"841\">\n<p data-start=\"774\" data-end=\"841\">Vaskbar, vandt\u00e6t, fugtt\u00e6t, st\u00f8dsikker, varmebestandig<\/p>\n<\/li>\n<li data-start=\"842\" data-end=\"909\">\n<p data-start=\"844\" data-end=\"909\">Sm\u00e5 m\u00f8ntformfaktorer for nem syning, indlejring eller opbevaring i poser<\/p>\n<\/li>\n<li data-start=\"910\" data-end=\"962\">\n<p data-start=\"912\" data-end=\"962\">Smartphone-venlig til hurtig markidentifikation<\/p>\n<\/li>\n<\/ul>\n<p data-start=\"964\" data-end=\"1068\"><strong data-start=\"964\" data-end=\"980\">Applikationer<\/strong><br data-start=\"980\" data-end=\"983\" \/>Udlejning af bekl\u00e6dningsgenstande, sko, tasker, hotellinned, medicinske tekstiler og uniformer.<\/p>\n<h2 data-start=\"1138\" data-end=\"1163\">Tabel (Specifikationer)<\/h2>\n<div class=\"_tableContainer_1rjym_1\">\n<div class=\"group _tableWrapper_1rjym_13 flex w-fit flex-col-reverse\" tabindex=\"-1\">\n<table class=\"w-fit min-w-(--thread-content-width)\" data-start=\"1164\" data-end=\"2558\">\n<thead data-start=\"1164\" data-end=\"1278\">\n<tr data-start=\"1164\" data-end=\"1278\">\n<th data-start=\"1164\" data-end=\"1186\" data-col-size=\"sm\">Kategori<\/th>\n<th data-start=\"1186\" data-end=\"1205\" data-col-size=\"sm\">Parameter<\/th>\n<th data-start=\"1205\" data-end=\"1278\" data-col-size=\"md\">V\u00e6rdi<\/th>\n<\/tr>\n<\/thead>\n<tbody data-start=\"1394\" data-end=\"2558\">\n<tr data-start=\"1394\" data-end=\"1508\">\n<td data-start=\"1394\" data-end=\"1416\" data-col-size=\"sm\">RF<\/td>\n<td data-col-size=\"sm\" data-start=\"1416\" data-end=\"1435\">Frekvens<\/td>\n<td data-col-size=\"md\" data-start=\"1435\" data-end=\"1508\">13,56 MHz<\/td>\n<\/tr>\n<tr data-start=\"1509\" data-end=\"1623\">\n<td data-start=\"1509\" data-end=\"1531\" data-col-size=\"sm\"><\/td>\n<td data-col-size=\"sm\" data-start=\"1531\" data-end=\"1550\">Protokol<\/td>\n<td data-col-size=\"md\" data-start=\"1550\" data-end=\"1623\">ISO14443A \/ ISO15693 \/ ISO18000-6C<\/td>\n<\/tr>\n<tr data-start=\"1624\" data-end=\"1738\">\n<td data-start=\"1624\" data-end=\"1646\" data-col-size=\"sm\">IC \/ Hukommelse<\/td>\n<td data-col-size=\"sm\" data-start=\"1646\" data-end=\"1665\">Chip-muligheder<\/td>\n<td data-col-size=\"md\" data-start=\"1665\" data-end=\"1738\">NTAG213 \/ NTAG216 \/ ICODE SLIX<\/td>\n<\/tr>\n<tr data-start=\"1739\" data-end=\"1853\">\n<td data-start=\"1739\" data-end=\"1761\" data-col-size=\"sm\"><\/td>\n<td data-col-size=\"sm\" data-start=\"1761\" data-end=\"1780\">Hukommelse<\/td>\n<td data-col-size=\"md\" data-start=\"1780\" data-end=\"1853\">1K, 144 bytes osv. (varierer afh\u00e6ngigt af chip)<\/td>\n<\/tr>\n<tr data-start=\"1854\" data-end=\"1968\">\n<td data-start=\"1854\" data-end=\"1876\" data-col-size=\"sm\">Fysisk<\/td>\n<td data-col-size=\"sm\" data-start=\"1876\" data-end=\"1895\">Materialer<\/td>\n<td data-col-size=\"md\" data-start=\"1895\" data-end=\"1968\">PPS \/ Silikone \/ ABS \/ Bl\u00f8d plastik<\/td>\n<\/tr>\n<tr data-start=\"1969\" data-end=\"2083\">\n<td data-start=\"1969\" data-end=\"1991\" data-col-size=\"sm\"><\/td>\n<td data-col-size=\"sm\" data-start=\"1991\" data-end=\"2010\">St\u00f8rrelsesmuligheder<\/td>\n<td data-col-size=\"md\" data-start=\"2010\" data-end=\"2083\">\u00d818 mm \/ \u00d820 mm \/ \u00d825 mm \/ \u00d830 mm, eller specialfremstillet<\/td>\n<\/tr>\n<tr data-start=\"2084\" data-end=\"2198\">\n<td data-start=\"2084\" data-end=\"2106\" data-col-size=\"sm\">Pr\u00e6station<\/td>\n<td data-col-size=\"sm\" data-start=\"2106\" data-end=\"2125\">L\u00e6seomr\u00e5de<\/td>\n<td data-col-size=\"md\" data-start=\"2125\" data-end=\"2198\">2\u201310 cm (afh\u00e6ngigt af chip og l\u00e6ser)<\/td>\n<\/tr>\n<tr data-start=\"2199\" data-end=\"2314\">\n<td data-start=\"2199\" data-end=\"2221\" data-col-size=\"sm\">Milj\u00f8<\/td>\n<td data-col-size=\"sm\" data-start=\"2221\" data-end=\"2240\">Temperatur<\/td>\n<td data-col-size=\"md\" data-start=\"2240\" data-end=\"2314\">\u221225 \u2103 til +120 \u2103<\/td>\n<\/tr>\n<tr data-start=\"2315\" data-end=\"2429\">\n<td data-start=\"2315\" data-end=\"2337\" data-col-size=\"sm\">Brugsscenarier<\/td>\n<td data-col-size=\"sm\" data-start=\"2337\" data-end=\"2356\">Applikationer<\/td>\n<td data-col-size=\"md\" data-start=\"2356\" data-end=\"2429\">Bekl\u00e6dningsgenstande, sko, tasker, hotellinned, medicinsk industri, uniformudlejning<\/td>\n<\/tr>\n<tr data-start=\"2430\" data-end=\"2558\">\n<td data-start=\"2430\" data-end=\"2452\" data-col-size=\"sm\">Produktfunktioner<\/td>\n<td data-col-size=\"sm\" data-start=\"2452\" data-end=\"2471\">Attributter<\/td>\n<td data-col-size=\"md\" data-start=\"2471\" data-end=\"2558\">Fleksibel, nem at have p\u00e5\/bruge; vandt\u00e6t, fugtt\u00e6t, st\u00f8dsikker, varmebestandig<\/td>\n<\/tr>\n<\/tbody>\n<\/table>\n<\/div>\n<\/div>","protected":false},"excerpt":{"rendered":"<p>Genskrivbar 13,56 MHz m\u00f8ntlignende NFC PPS vaskem\u00e6rke \u2013 vaskbar, vandt\u00e6t og holdbar til industrielle cyklusser; kan scannes via smartphone for hurtig tekstilsporing.<\/p>","protected":false},"featured_media":728,"template":"","meta":{"_gspb_post_css":""},"product_brand":[],"product_cat":[17,19],"product_tag":[],"class_list":{"0":"post-726","1":"product","2":"type-product","3":"status-publish","4":"has-post-thumbnail","6":"product_cat-rfid-laundry-tags","7":"product_cat-pps-rfid-laundry-tags","9":"first","10":"instock","11":"shipping-taxable","12":"purchasable","13":"product-type-simple"},"_links":{"self":[{"href":"https:\/\/www.cxjsmartcard.com\/da\/wp-json\/wp\/v2\/product\/726","targetHints":{"allow":["GET"]}}],"collection":[{"href":"https:\/\/www.cxjsmartcard.com\/da\/wp-json\/wp\/v2\/product"}],"about":[{"href":"https:\/\/www.cxjsmartcard.com\/da\/wp-json\/wp\/v2\/types\/product"}],"wp:featuredmedia":[{"embeddable":true,"href":"https:\/\/www.cxjsmartcard.com\/da\/wp-json\/wp\/v2\/media\/728"}],"wp:attachment":[{"href":"https:\/\/www.cxjsmartcard.com\/da\/wp-json\/wp\/v2\/media?parent=726"}],"wp:term":[{"taxonomy":"product_brand","embeddable":true,"href":"https:\/\/www.cxjsmartcard.com\/da\/wp-json\/wp\/v2\/product_brand?post=726"},{"taxonomy":"product_cat","embeddable":true,"href":"https:\/\/www.cxjsmartcard.com\/da\/wp-json\/wp\/v2\/product_cat?post=726"},{"taxonomy":"product_tag","embeddable":true,"href":"https:\/\/www.cxjsmartcard.com\/da\/wp-json\/wp\/v2\/product_tag?post=726"}],"curies":[{"name":"wp","href":"https:\/\/api.w.org\/{rel}","templated":true}]}}