{"id":721,"date":"2025-11-03T06:52:46","date_gmt":"2025-11-03T06:52:46","guid":{"rendered":"https:\/\/www.cxjsmartcard.com\/?post_type=product&#038;p=721"},"modified":"2025-12-29T01:27:11","modified_gmt":"2025-12-29T01:27:11","slug":"washable-rfid-tags-for-laundry-management","status":"publish","type":"product","link":"https:\/\/www.cxjsmartcard.com\/da\/washable-rfid-tags-for-laundry-management\/","title":{"rendered":"Vaskbare RFID-tags til vaskerih\u00e5ndtering"},"content":{"rendered":"<p data-start=\"53\" data-end=\"465\">Vaskbare RFID-tags er et vigtigt v\u00e6rkt\u00f8j til moderne vaskerih\u00e5ndtering, designet til holdbarhed og effektivitet i industrielle milj\u00f8er. Med UHF RFID-teknologi sporer disse tags pr\u00e6cist bekl\u00e6dningsgenstande, linned og uniformer gennem hele processen, hvilket forbedrer organiseringen og reducerer spild. De er vandt\u00e6tte, h\u00f8jtemperaturbestandige og vaskbare \u2013 ideelle til h\u00f8jtydende vaskerisystemer.<\/p>\n<p data-start=\"467\" data-end=\"481\"><strong data-start=\"467\" data-end=\"479\">Funktioner<\/strong><\/p>\n<ol data-start=\"482\" data-end=\"895\">\n<li data-start=\"482\" data-end=\"545\">\n<p data-start=\"485\" data-end=\"545\">Stofkonstruktion (nylon), ultra-holdbar og vandt\u00e6t.<\/p>\n<\/li>\n<li data-start=\"546\" data-end=\"589\">\n<p data-start=\"549\" data-end=\"589\">ISO18000-6C-protokol; UHF 860\u2013960 MHz.<\/p>\n<\/li>\n<li data-start=\"590\" data-end=\"630\">\n<p data-start=\"593\" data-end=\"630\">EPC-hukommelsesmuligheder: 96 eller 128 bit.<\/p>\n<\/li>\n<li data-start=\"631\" data-end=\"678\">\n<p data-start=\"634\" data-end=\"678\">L\u00e6ser\u00e6kkevidde: 1\u20136 meter (afh\u00e6ngigt af enheden).<\/p>\n<\/li>\n<li data-start=\"679\" data-end=\"745\">\n<p data-start=\"682\" data-end=\"745\">Driftstemperatur: \u221225 \u00b0C til +110 \u00b0C; opbevaring: \u221240 \u00b0C til +85 \u00b0C.<\/p>\n<\/li>\n<li data-start=\"746\" data-end=\"796\">\n<p data-start=\"749\" data-end=\"796\">Vaskemodstand: 200 cyklusser eller op til 3 \u00e5r.<\/p>\n<\/li>\n<li data-start=\"797\" data-end=\"895\">\n<p data-start=\"800\" data-end=\"895\">Temperaturbestandighed: 90 \u00b0C (15 min); 180 \u00b0C t\u00f8rretumbler (30 min); 135 \u00b0C sterilisering (20 min).<\/p>\n<\/li>\n<\/ol>\n<p data-start=\"897\" data-end=\"915\"><strong data-start=\"897\" data-end=\"913\">Vigtigste fordele<\/strong><\/p>\n<ol data-start=\"916\" data-end=\"1377\">\n<li data-start=\"916\" data-end=\"1046\">\n<p data-start=\"919\" data-end=\"1046\"><strong data-start=\"919\" data-end=\"938\">H\u00f8j holdbarhed<\/strong> \u2014 t\u00e5ler op til 200 vaske og barske forhold (tryk, varme, strygning) med en levetid p\u00e5 ~3 \u00e5r.<\/p>\n<\/li>\n<li data-start=\"1047\" data-end=\"1160\">\n<p data-start=\"1050\" data-end=\"1160\"><strong data-start=\"1050\" data-end=\"1072\">Effektiv sporing<\/strong> \u2014 UHF-l\u00e6ser\u00e6kkevidde p\u00e5 op til 6 m underst\u00f8tter hurtig og pr\u00e6cis sporing fra sortering til levering.<\/p>\n<\/li>\n<li data-start=\"1161\" data-end=\"1273\">\n<p data-start=\"1164\" data-end=\"1273\"><strong data-start=\"1164\" data-end=\"1189\">Vandt\u00e6t og vaskbar<\/strong> \u2014 sikker til gentagen vask, neds\u00e6nkning i vand og strygning uden tab af ydeevne.<\/p>\n<\/li>\n<li data-start=\"1274\" data-end=\"1377\">\n<p data-start=\"1277\" data-end=\"1377\"><strong data-start=\"1277\" data-end=\"1308\">H\u00f8j temperaturbestandighed<\/strong> \u2014 klarer t\u00f8rring ved 180 \u00b0C og sterilisering ved 135 \u00b0C til industriel brug.<\/p>\n<\/li>\n<\/ol>\n<p data-start=\"1379\" data-end=\"1397\"><strong data-start=\"1379\" data-end=\"1395\">Applikationer<\/strong><\/p>\n<ul data-start=\"1398\" data-end=\"1723\">\n<li data-start=\"1398\" data-end=\"1475\">\n<p data-start=\"1400\" data-end=\"1475\"><strong data-start=\"1400\" data-end=\"1423\">Industrielt vaskeri:<\/strong> Spor arbejdsuniformer, h\u00e5ndkl\u00e6der og senget\u00f8j i stor skala.<\/p>\n<\/li>\n<li data-start=\"1476\" data-end=\"1565\">\n<p data-start=\"1478\" data-end=\"1565\"><strong data-start=\"1478\" data-end=\"1493\">Sundhedspleje:<\/strong> Administrer medicinske uniformer og linned med henblik p\u00e5 hygiejne og lagerstyring.<\/p>\n<\/li>\n<li data-start=\"1566\" data-end=\"1645\">\n<p data-start=\"1568\" data-end=\"1645\"><strong data-start=\"1568\" data-end=\"1584\">G\u00e6stfrihed:<\/strong> Hold \u00f8je med hotellets sengelinned, h\u00e5ndkl\u00e6der og uniformer for at reducere tab.<\/p>\n<\/li>\n<li data-start=\"1646\" data-end=\"1723\">\n<p data-start=\"1648\" data-end=\"1723\"><strong data-start=\"1648\" data-end=\"1670\">Bekl\u00e6dningsfabrikker:<\/strong> Spor tekstilvarer fra produktion til distribution.<\/p>\n<\/li>\n<\/ul>\n<p data-start=\"1725\" data-end=\"1940\"><strong data-start=\"1725\" data-end=\"1755\">S\u00e5dan fungerer RFID-vaskem\u00e6rker<\/strong><br data-start=\"1755\" data-end=\"1758\" \/>Hvert m\u00e6rke gemmer detaljer (ID, vaskehistorik, ejer). RFID-l\u00e6sere registrerer disse data fra op til 6 meters afstand, hvilket muligg\u00f8r str\u00f8mlinet sporing gennem alle trin i vaskeriarbejdet.<\/p>\n<p data-start=\"1942\" data-end=\"2052\"><strong data-start=\"1942\" data-end=\"1950\">Ofte stillede sp\u00f8rgsm\u00e5l<\/strong><br data-start=\"1950\" data-end=\"1953\" \/><strong data-start=\"1953\" data-end=\"1986\">1) Hvor l\u00e6nge holder m\u00e6rkerne?<\/strong><br data-start=\"1986\" data-end=\"1989\" \/>Op til <strong data-start=\"1995\" data-end=\"2014\">200 vaskecyklusser<\/strong> eller <strong data-start=\"2018\" data-end=\"2029\">3 \u00e5r<\/strong>, afh\u00e6ngigt af brugen.<\/p>\n<p data-start=\"2054\" data-end=\"2164\"><strong data-start=\"2054\" data-end=\"2101\">2) Kan disse m\u00e6rker modst\u00e5 h\u00f8je temperaturer?<\/strong><br data-start=\"2101\" data-end=\"2104\" \/>Ja-<strong data-start=\"2108\" data-end=\"2118\">180 \u00b0C<\/strong> i t\u00f8rretumblere og <strong data-start=\"2133\" data-end=\"2143\">135 \u00b0C<\/strong> til sterilisering.<\/p>\n<p data-start=\"2166\" data-end=\"2264\"><strong data-start=\"2166\" data-end=\"2202\">3) Er der mulighed for brugerdefinerede designs?<\/strong><br data-start=\"2202\" data-end=\"2205\" \/>Ja - brugerdefineret branding\/specifikationer tilg\u00e6ngelige (MOQ <strong data-start=\"2246\" data-end=\"2256\">50,000<\/strong> enheder).<\/p>\n<h2 data-start=\"2266\" data-end=\"2291\">Tabel (Specifikationer)<\/h2>\n<div class=\"_tableContainer_1rjym_1\">\n<div class=\"group _tableWrapper_1rjym_13 flex w-fit flex-col-reverse\" tabindex=\"-1\">\n<table class=\"w-fit min-w-(--thread-content-width)\" data-start=\"2292\" data-end=\"3747\">\n<thead data-start=\"2292\" data-end=\"2389\">\n<tr data-start=\"2292\" data-end=\"2389\">\n<th data-start=\"2292\" data-end=\"2313\" data-col-size=\"sm\">Kategori<\/th>\n<th data-start=\"2313\" data-end=\"2338\" data-col-size=\"sm\">Parameter<\/th>\n<th data-start=\"2338\" data-end=\"2389\" data-col-size=\"md\">V\u00e6rdi<\/th>\n<\/tr>\n<\/thead>\n<tbody data-start=\"2487\" data-end=\"3747\">\n<tr data-start=\"2487\" data-end=\"2583\">\n<td data-start=\"2487\" data-end=\"2507\" data-col-size=\"sm\">Materialer<\/td>\n<td data-col-size=\"sm\" data-start=\"2507\" data-end=\"2533\">Stof<\/td>\n<td data-col-size=\"md\" data-start=\"2533\" data-end=\"2583\">Nylon<\/td>\n<\/tr>\n<tr data-start=\"2584\" data-end=\"2680\">\n<td data-start=\"2584\" data-end=\"2604\" data-col-size=\"sm\">Udseende<\/td>\n<td data-col-size=\"sm\" data-start=\"2604\" data-end=\"2630\">Farve<\/td>\n<td data-col-size=\"md\" data-start=\"2630\" data-end=\"2680\">Hvid<\/td>\n<\/tr>\n<tr data-start=\"2681\" data-end=\"2777\">\n<td data-start=\"2681\" data-end=\"2701\" data-col-size=\"sm\">RF \/ Protokol<\/td>\n<td data-col-size=\"sm\" data-start=\"2701\" data-end=\"2727\">Standard<\/td>\n<td data-col-size=\"md\" data-start=\"2727\" data-end=\"2777\">ISO18000-6C<\/td>\n<\/tr>\n<tr data-start=\"2778\" data-end=\"2874\">\n<td data-start=\"2778\" data-end=\"2798\" data-col-size=\"sm\"><\/td>\n<td data-col-size=\"sm\" data-start=\"2798\" data-end=\"2824\">Frekvens<\/td>\n<td data-col-size=\"md\" data-start=\"2824\" data-end=\"2874\">860\u2013960 MHz<\/td>\n<\/tr>\n<tr data-start=\"2875\" data-end=\"2971\">\n<td data-start=\"2875\" data-end=\"2895\" data-col-size=\"sm\">Hukommelse<\/td>\n<td data-col-size=\"sm\" data-start=\"2895\" data-end=\"2921\">EPC<\/td>\n<td data-col-size=\"md\" data-start=\"2921\" data-end=\"2971\">96 bit \/ 128 bit<\/td>\n<\/tr>\n<tr data-start=\"2972\" data-end=\"3068\">\n<td data-start=\"2972\" data-end=\"2992\" data-col-size=\"sm\">Pr\u00e6station<\/td>\n<td data-start=\"2992\" data-end=\"3018\" data-col-size=\"sm\">L\u00e6seomr\u00e5de<\/td>\n<td data-col-size=\"md\" data-start=\"3018\" data-end=\"3068\">1\u20136 m (afh\u00e6ngig af enhed)<\/td>\n<\/tr>\n<tr data-start=\"3069\" data-end=\"3165\">\n<td data-start=\"3069\" data-end=\"3089\" data-col-size=\"sm\">Milj\u00f8<\/td>\n<td data-col-size=\"sm\" data-start=\"3089\" data-end=\"3115\">Arbejdstemperatur<\/td>\n<td data-col-size=\"md\" data-start=\"3115\" data-end=\"3165\">\u221225 \u00b0C til +110 \u00b0C<\/td>\n<\/tr>\n<tr data-start=\"3166\" data-end=\"3262\">\n<td data-start=\"3166\" data-end=\"3186\" data-col-size=\"sm\"><\/td>\n<td data-start=\"3186\" data-end=\"3212\" data-col-size=\"sm\">Opbevaringstemperatur<\/td>\n<td data-col-size=\"md\" data-start=\"3212\" data-end=\"3262\">\u221240 \u00b0C til +85 \u00b0C<\/td>\n<\/tr>\n<tr data-start=\"3263\" data-end=\"3359\">\n<td data-start=\"3263\" data-end=\"3283\" data-col-size=\"sm\">Holdbarhed<\/td>\n<td data-start=\"3283\" data-end=\"3309\" data-col-size=\"sm\">Vaskemodstand<\/td>\n<td data-col-size=\"md\" data-start=\"3309\" data-end=\"3359\">200 cyklusser eller ~3 \u00e5r<\/td>\n<\/tr>\n<tr data-start=\"3360\" data-end=\"3456\">\n<td data-start=\"3360\" data-end=\"3380\" data-col-size=\"sm\">Varmemodstand<\/td>\n<td data-col-size=\"sm\" data-start=\"3380\" data-end=\"3406\">Vask<\/td>\n<td data-col-size=\"md\" data-start=\"3406\" data-end=\"3456\">90 \u00b0C, 15 min.<\/td>\n<\/tr>\n<tr data-start=\"3457\" data-end=\"3553\">\n<td data-start=\"3457\" data-end=\"3477\" data-col-size=\"sm\"><\/td>\n<td data-col-size=\"sm\" data-start=\"3477\" data-end=\"3503\">T\u00f8rring (t\u00f8rretumbler)<\/td>\n<td data-col-size=\"md\" data-start=\"3503\" data-end=\"3553\">180 \u00b0C, 30 min.<\/td>\n<\/tr>\n<tr data-start=\"3554\" data-end=\"3650\">\n<td data-start=\"3554\" data-end=\"3574\" data-col-size=\"sm\"><\/td>\n<td data-col-size=\"sm\" data-start=\"3574\" data-end=\"3600\">Sterilisering<\/td>\n<td data-col-size=\"md\" data-start=\"3600\" data-end=\"3650\">135 \u00b0C, 20 minutter<\/td>\n<\/tr>\n<tr data-start=\"3651\" data-end=\"3747\">\n<td data-start=\"3651\" data-end=\"3671\" data-col-size=\"sm\">Applikationer<\/td>\n<td data-col-size=\"sm\" data-start=\"3671\" data-end=\"3697\">Typiske brugsscenarier<\/td>\n<td data-col-size=\"md\" data-start=\"3697\" data-end=\"3747\">Vaskeri, tekstilh\u00e5ndtering, uniformsporing<\/td>\n<\/tr>\n<\/tbody>\n<\/table>\n<\/div>\n<\/div>","protected":false},"excerpt":{"rendered":"<p>Vandt\u00e6tte, vaskbare UHF RFID-tags til linned, uniformer og tekstiler \u2013 1-6 m l\u00e6ser\u00e6kkevidde, ISO18000-6C og holdbarhed til 200 vaskecyklusser for at str\u00f8mline sporing af industriel vaskeri.<\/p>","protected":false},"featured_media":725,"template":"","meta":{"_gspb_post_css":""},"product_brand":[],"product_cat":[17,18],"product_tag":[],"class_list":{"0":"post-721","1":"product","2":"type-product","3":"status-publish","4":"has-post-thumbnail","6":"product_cat-rfid-laundry-tags","7":"product_cat-textile-rfid-laundry-tags","9":"first","10":"instock","11":"shipping-taxable","12":"purchasable","13":"product-type-simple"},"_links":{"self":[{"href":"https:\/\/www.cxjsmartcard.com\/da\/wp-json\/wp\/v2\/product\/721","targetHints":{"allow":["GET"]}}],"collection":[{"href":"https:\/\/www.cxjsmartcard.com\/da\/wp-json\/wp\/v2\/product"}],"about":[{"href":"https:\/\/www.cxjsmartcard.com\/da\/wp-json\/wp\/v2\/types\/product"}],"wp:featuredmedia":[{"embeddable":true,"href":"https:\/\/www.cxjsmartcard.com\/da\/wp-json\/wp\/v2\/media\/725"}],"wp:attachment":[{"href":"https:\/\/www.cxjsmartcard.com\/da\/wp-json\/wp\/v2\/media?parent=721"}],"wp:term":[{"taxonomy":"product_brand","embeddable":true,"href":"https:\/\/www.cxjsmartcard.com\/da\/wp-json\/wp\/v2\/product_brand?post=721"},{"taxonomy":"product_cat","embeddable":true,"href":"https:\/\/www.cxjsmartcard.com\/da\/wp-json\/wp\/v2\/product_cat?post=721"},{"taxonomy":"product_tag","embeddable":true,"href":"https:\/\/www.cxjsmartcard.com\/da\/wp-json\/wp\/v2\/product_tag?post=721"}],"curies":[{"name":"wp","href":"https:\/\/api.w.org\/{rel}","templated":true}]}}