{"id":711,"date":"2025-11-03T06:48:32","date_gmt":"2025-11-03T06:48:32","guid":{"rendered":"https:\/\/www.cxjsmartcard.com\/?post_type=product&#038;p=711"},"modified":"2025-12-29T01:27:11","modified_gmt":"2025-12-29T01:27:11","slug":"washable-uhf-laundry-label-for-fabric-tracking","status":"publish","type":"product","link":"https:\/\/www.cxjsmartcard.com\/da\/washable-uhf-laundry-label-for-fabric-tracking\/","title":{"rendered":"Vaskbar UHF-vaskem\u00e6rke til tekstilsporing"},"content":{"rendered":"<p data-start=\"58\" data-end=\"322\">RFID UHF vasket\u00f8jslabel er designet til at modst\u00e5 hotel- og institutionsvaskeriprocesser med holdbarhed til vask, t\u00f8rring, rensning og strygning. Den er ideel til h\u00e5ndtering af professionelle uniformer, kostumer og udlejningsartikler s\u00e5som m\u00e5tter og h\u00e5ndkl\u00e6der.<\/p>\n<p data-start=\"324\" data-end=\"338\"><strong data-start=\"324\" data-end=\"336\">Funktioner<\/strong><\/p>\n<ol data-start=\"339\" data-end=\"666\">\n<li data-start=\"339\" data-end=\"400\">\n<p data-start=\"342\" data-end=\"400\">Ultratynd, fleksibel, bl\u00f8d \u2013 udelukkende lavet af stof.<\/p>\n<\/li>\n<li data-start=\"401\" data-end=\"465\">\n<p data-start=\"404\" data-end=\"465\">Op til 10 m l\u00e6seafstand (uden for metal) med line\u00e6r polarisering.<\/p>\n<\/li>\n<li data-start=\"466\" data-end=\"521\">\n<p data-start=\"469\" data-end=\"521\">Impinj R6-P IC, EPC Gen2 \/ ISO 18000-6C-kompatibel.<\/p>\n<\/li>\n<li data-start=\"522\" data-end=\"568\">\n<p data-start=\"525\" data-end=\"568\">Optimeret i luft; 50 \u00e5rs dataopbevaring.<\/p>\n<\/li>\n<li data-start=\"569\" data-end=\"623\">\n<p data-start=\"572\" data-end=\"623\">IP68-klassificering; modst\u00e5r mekanisk belastning p\u00e5 60 bar.<\/p>\n<\/li>\n<li data-start=\"624\" data-end=\"666\">\n<p data-start=\"627\" data-end=\"666\">Mulighed for varmeforsegling eller isyning.<\/p>\n<\/li>\n<\/ol>\n<p data-start=\"668\" data-end=\"686\"><strong data-start=\"668\" data-end=\"684\">Applikationer<\/strong><\/p>\n<ol data-start=\"687\" data-end=\"808\">\n<li data-start=\"687\" data-end=\"740\">\n<p data-start=\"690\" data-end=\"740\">Velegnet til vask, rensning og strygning.<\/p>\n<\/li>\n<li data-start=\"741\" data-end=\"808\">\n<p data-start=\"744\" data-end=\"808\">Sporing og styring af hotellagner, uniformer, scrubs osv.<\/p>\n<\/li>\n<\/ol>\n<p data-start=\"810\" data-end=\"966\"><strong data-start=\"810\" data-end=\"842\">Ofte stillede sp\u00f8rgsm\u00e5l om RFID-vaskem\u00e6rker<\/strong><br data-start=\"842\" data-end=\"845\" \/><strong data-start=\"845\" data-end=\"851\">Sp\u00f8rgsm\u00e5l:<\/strong> Er disse tags kompatible med alle RFID-l\u00e6sere?<br data-start=\"900\" data-end=\"903\" \/><strong data-start=\"903\" data-end=\"909\">EN:<\/strong> Ja \u2013 enhver l\u00e6ser, der underst\u00f8tter ISO\/IEC 18000-6C (EPC Gen2).<\/p>\n<p data-start=\"968\" data-end=\"1096\"><strong data-start=\"968\" data-end=\"974\">Sp\u00f8rgsm\u00e5l:<\/strong> Kan m\u00e6rkerne sys i ethvert stof?<br data-start=\"1012\" data-end=\"1015\" \/><strong data-start=\"1015\" data-end=\"1021\">EN:<\/strong> Absolut. Designet til bekl\u00e6dningsgenstande og tekstiler \u2013 uniformer, lagner, skrubt\u00f8j.<\/p>\n<p data-start=\"1098\" data-end=\"1202\"><strong data-start=\"1098\" data-end=\"1104\">Sp\u00f8rgsm\u00e5l:<\/strong> Giver I pr\u00f8ver?<br data-start=\"1128\" data-end=\"1131\" \/><strong data-start=\"1131\" data-end=\"1137\">EN:<\/strong> Ja. Fort\u00e6l os dine behov for RFID-l\u00f8sninger, s\u00e5 arrangerer vi pr\u00f8ver.<\/p>\n<h2 data-start=\"1278\" data-end=\"1303\">Tabel (Specifikationer)<\/h2>\n<div class=\"_tableContainer_1rjym_1\">\n<div class=\"group _tableWrapper_1rjym_13 flex w-fit flex-col-reverse\" tabindex=\"-1\">\n<table class=\"w-fit min-w-(--thread-content-width)\" data-start=\"1305\" data-end=\"5015\">\n<thead data-start=\"1305\" data-end=\"1452\">\n<tr data-start=\"1305\" data-end=\"1452\">\n<th data-start=\"1305\" data-end=\"1333\" data-col-size=\"sm\">Kategori<\/th>\n<th data-start=\"1333\" data-end=\"1361\" data-col-size=\"sm\">Parameter<\/th>\n<th data-start=\"1361\" data-end=\"1452\" data-col-size=\"lg\">V\u00e6rdi<\/th>\n<\/tr>\n<\/thead>\n<tbody data-start=\"1600\" data-end=\"5015\">\n<tr data-start=\"1600\" data-end=\"1745\">\n<td data-start=\"1600\" data-end=\"1627\" data-col-size=\"sm\">RF-specifikationer<\/td>\n<td data-col-size=\"sm\" data-start=\"1627\" data-end=\"1655\">RF-luftprotokol<\/td>\n<td data-col-size=\"lg\" data-start=\"1655\" data-end=\"1745\">EPC Global Klasse 1 Gen2 \/ ISO 18000-6C<\/td>\n<\/tr>\n<tr data-start=\"1746\" data-end=\"1891\">\n<td data-start=\"1746\" data-end=\"1773\" data-col-size=\"sm\"><\/td>\n<td data-start=\"1773\" data-end=\"1801\" data-col-size=\"sm\">Driftsfrekvens<\/td>\n<td data-col-size=\"lg\" data-start=\"1801\" data-end=\"1891\">UHF 866\u2013868 MHz (ETSI) \/ 902\u2013928 MHz (FCC)<\/td>\n<\/tr>\n<tr data-start=\"1892\" data-end=\"2038\">\n<td data-start=\"1892\" data-end=\"1919\" data-col-size=\"sm\"><\/td>\n<td data-start=\"1919\" data-end=\"1947\" data-col-size=\"sm\">Milj\u00f8kompatibilitet<\/td>\n<td data-start=\"1947\" data-end=\"2038\" data-col-size=\"lg\">Optimeret i luften<\/td>\n<\/tr>\n<tr data-start=\"2039\" data-end=\"2185\">\n<td data-start=\"2039\" data-end=\"2066\" data-col-size=\"sm\"><\/td>\n<td data-start=\"2066\" data-end=\"2094\" data-col-size=\"sm\">Dataopbevaring<\/td>\n<td data-col-size=\"lg\" data-start=\"2094\" data-end=\"2185\">50 \u00e5r<\/td>\n<\/tr>\n<tr data-start=\"2186\" data-end=\"2332\">\n<td data-start=\"2186\" data-end=\"2213\" data-col-size=\"sm\"><\/td>\n<td data-start=\"2213\" data-end=\"2241\" data-col-size=\"sm\">L\u00e6seomr\u00e5de<\/td>\n<td data-start=\"2241\" data-end=\"2332\" data-col-size=\"lg\">Op til 10 m (ud over metal)<\/td>\n<\/tr>\n<tr data-start=\"2333\" data-end=\"2479\">\n<td data-start=\"2333\" data-end=\"2360\" data-col-size=\"sm\"><\/td>\n<td data-start=\"2360\" data-end=\"2388\" data-col-size=\"sm\">Polarisering<\/td>\n<td data-col-size=\"lg\" data-start=\"2388\" data-end=\"2479\">Line\u00e6r<\/td>\n<\/tr>\n<tr data-start=\"2480\" data-end=\"2626\">\n<td data-start=\"2480\" data-end=\"2507\" data-col-size=\"sm\"><\/td>\n<td data-start=\"2507\" data-end=\"2535\" data-col-size=\"sm\">IC-type<\/td>\n<td data-start=\"2535\" data-end=\"2626\" data-col-size=\"lg\">Impinj R6-P<\/td>\n<\/tr>\n<tr data-start=\"2627\" data-end=\"2773\">\n<td data-start=\"2627\" data-end=\"2654\" data-col-size=\"sm\"><\/td>\n<td data-start=\"2654\" data-end=\"2682\" data-col-size=\"sm\">Hukommelseskonfiguration<\/td>\n<td data-col-size=\"lg\" data-start=\"2682\" data-end=\"2773\">EPC 128 bit; TID 96 bit; Bruger 32 bit<\/td>\n<\/tr>\n<tr data-start=\"2774\" data-end=\"2920\">\n<td data-start=\"2774\" data-end=\"2801\" data-col-size=\"sm\">Mekanisk<\/td>\n<td data-col-size=\"sm\" data-start=\"2801\" data-end=\"2829\">Etiketmaterialer<\/td>\n<td data-col-size=\"lg\" data-start=\"2829\" data-end=\"2920\">Metaltr\u00e5d<\/td>\n<\/tr>\n<tr data-start=\"2921\" data-end=\"3067\">\n<td data-start=\"2921\" data-end=\"2948\" data-col-size=\"sm\"><\/td>\n<td data-col-size=\"sm\" data-start=\"2948\" data-end=\"2976\">Overfladematerialer<\/td>\n<td data-col-size=\"lg\" data-start=\"2976\" data-end=\"3067\">Tekstil<\/td>\n<\/tr>\n<tr data-start=\"3068\" data-end=\"3214\">\n<td data-start=\"3068\" data-end=\"3095\" data-col-size=\"sm\"><\/td>\n<td data-col-size=\"sm\" data-start=\"3095\" data-end=\"3123\">Dimensioner<\/td>\n<td data-col-size=\"lg\" data-start=\"3123\" data-end=\"3214\">15 \u00d7 75 \u00d7 1,5 mm<\/td>\n<\/tr>\n<tr data-start=\"3215\" data-end=\"3361\">\n<td data-start=\"3215\" data-end=\"3242\" data-col-size=\"sm\"><\/td>\n<td data-col-size=\"sm\" data-start=\"3242\" data-end=\"3270\">V\u00e6gt<\/td>\n<td data-col-size=\"lg\" data-start=\"3270\" data-end=\"3361\">0,5 g<\/td>\n<\/tr>\n<tr data-start=\"3362\" data-end=\"3508\">\n<td data-start=\"3362\" data-end=\"3389\" data-col-size=\"sm\"><\/td>\n<td data-col-size=\"sm\" data-start=\"3389\" data-end=\"3417\">Vedh\u00e6ftet fil<\/td>\n<td data-col-size=\"lg\" data-start=\"3417\" data-end=\"3508\">L-T7515S: Sy s\u00f8mmen eller den v\u00e6vede etiket i; L-T7515P: Varmeforsegling ved 215 \u2103 \u00d7 15 s @ 4 bar<\/td>\n<\/tr>\n<tr data-start=\"3509\" data-end=\"3655\">\n<td data-start=\"3509\" data-end=\"3536\" data-col-size=\"sm\">Udseende<\/td>\n<td data-col-size=\"sm\" data-start=\"3536\" data-end=\"3564\">Farve<\/td>\n<td data-col-size=\"lg\" data-start=\"3564\" data-end=\"3655\">Hvid<\/td>\n<\/tr>\n<tr data-start=\"3656\" data-end=\"3802\">\n<td data-start=\"3656\" data-end=\"3683\" data-col-size=\"sm\">Milj\u00f8m\u00e6ssig<\/td>\n<td data-start=\"3683\" data-end=\"3711\" data-col-size=\"sm\">Driftstemperatur<\/td>\n<td data-col-size=\"lg\" data-start=\"3711\" data-end=\"3802\">\u221230 \u2103 til +85 \u2103<\/td>\n<\/tr>\n<tr data-start=\"3803\" data-end=\"3949\">\n<td data-start=\"3803\" data-end=\"3830\" data-col-size=\"sm\"><\/td>\n<td data-col-size=\"sm\" data-start=\"3830\" data-end=\"3858\">Omgivelsestemperatur<\/td>\n<td data-col-size=\"lg\" data-start=\"3858\" data-end=\"3949\">\u221230 \u2103 til +110 \u2103<\/td>\n<\/tr>\n<tr data-start=\"3950\" data-end=\"4096\">\n<td data-start=\"3950\" data-end=\"3977\" data-col-size=\"sm\"><\/td>\n<td data-col-size=\"sm\" data-start=\"3977\" data-end=\"4005\">Mekanisk modstand<\/td>\n<td data-col-size=\"lg\" data-start=\"4005\" data-end=\"4096\">60 bar<\/td>\n<\/tr>\n<tr data-start=\"4097\" data-end=\"4243\">\n<td data-start=\"4097\" data-end=\"4124\" data-col-size=\"sm\"><\/td>\n<td data-col-size=\"sm\" data-start=\"4124\" data-end=\"4152\">Kemisk resistens<\/td>\n<td data-col-size=\"lg\" data-start=\"4152\" data-end=\"4243\">Normale kemikalier i vaskeprocesser<\/td>\n<\/tr>\n<tr data-start=\"4244\" data-end=\"4427\">\n<td data-start=\"4244\" data-end=\"4271\" data-col-size=\"sm\"><\/td>\n<td data-col-size=\"sm\" data-start=\"4271\" data-end=\"4299\">Varmemodstand<\/td>\n<td data-col-size=\"lg\" data-start=\"4299\" data-end=\"4427\">Vask: 90 \u2103, 15 min, 200 cyklusser; Fort\u00f8rring: 180 \u2103, 30 min; Strygning: 180 \u2103, 10 sek., 200 cyklusser; Sterilisering: 135 \u2103, 20 min<\/td>\n<\/tr>\n<tr data-start=\"4428\" data-end=\"4574\">\n<td data-start=\"4428\" data-end=\"4455\" data-col-size=\"sm\">Vurderinger og overholdelse<\/td>\n<td data-start=\"4455\" data-end=\"4483\" data-col-size=\"sm\">Indtr\u00e6ngningsbeskyttelse<\/td>\n<td data-col-size=\"lg\" data-start=\"4483\" data-end=\"4574\">IP68<\/td>\n<\/tr>\n<tr data-start=\"4575\" data-end=\"4721\">\n<td data-start=\"4575\" data-end=\"4602\" data-col-size=\"sm\"><\/td>\n<td data-col-size=\"sm\" data-start=\"4602\" data-end=\"4630\">St\u00f8d og vibrationer<\/td>\n<td data-col-size=\"lg\" data-start=\"4630\" data-end=\"4721\">MIL-STD-810F<\/td>\n<\/tr>\n<tr data-start=\"4722\" data-end=\"4868\">\n<td data-start=\"4722\" data-end=\"4749\" data-col-size=\"sm\"><\/td>\n<td data-col-size=\"sm\" data-start=\"4749\" data-end=\"4777\">Certificeringer<\/td>\n<td data-col-size=\"lg\" data-start=\"4777\" data-end=\"4868\">CE, RoHS, ATEX\/IECEx<\/td>\n<\/tr>\n<tr data-start=\"4869\" data-end=\"5015\">\n<td data-start=\"4869\" data-end=\"4896\" data-col-size=\"sm\">Livscyklus og garanti<\/td>\n<td data-col-size=\"sm\" data-start=\"4896\" data-end=\"4924\">Garanti<\/td>\n<td data-col-size=\"lg\" data-start=\"4924\" data-end=\"5015\">2 \u00e5r eller 200 vaskecyklusser<\/td>\n<\/tr>\n<\/tbody>\n<\/table>\n<\/div>\n<\/div>","protected":false},"excerpt":{"rendered":"<p>Vaskbar UHF-stofetiket med Impinj R6-P, op til 10 m l\u00e6ser\u00e6kkevidde, IP68-klassificering og 200-cyklus varme-\/trykbestandighed \u2013 isyning eller varmeforsegling til hotel- og hospitalslinned.<\/p>","protected":false},"featured_media":715,"template":"","meta":{"_gspb_post_css":""},"product_brand":[],"product_cat":[17,18],"product_tag":[],"class_list":{"0":"post-711","1":"product","2":"type-product","3":"status-publish","4":"has-post-thumbnail","6":"product_cat-rfid-laundry-tags","7":"product_cat-textile-rfid-laundry-tags","9":"first","10":"instock","11":"shipping-taxable","12":"purchasable","13":"product-type-simple"},"_links":{"self":[{"href":"https:\/\/www.cxjsmartcard.com\/da\/wp-json\/wp\/v2\/product\/711","targetHints":{"allow":["GET"]}}],"collection":[{"href":"https:\/\/www.cxjsmartcard.com\/da\/wp-json\/wp\/v2\/product"}],"about":[{"href":"https:\/\/www.cxjsmartcard.com\/da\/wp-json\/wp\/v2\/types\/product"}],"wp:featuredmedia":[{"embeddable":true,"href":"https:\/\/www.cxjsmartcard.com\/da\/wp-json\/wp\/v2\/media\/715"}],"wp:attachment":[{"href":"https:\/\/www.cxjsmartcard.com\/da\/wp-json\/wp\/v2\/media?parent=711"}],"wp:term":[{"taxonomy":"product_brand","embeddable":true,"href":"https:\/\/www.cxjsmartcard.com\/da\/wp-json\/wp\/v2\/product_brand?post=711"},{"taxonomy":"product_cat","embeddable":true,"href":"https:\/\/www.cxjsmartcard.com\/da\/wp-json\/wp\/v2\/product_cat?post=711"},{"taxonomy":"product_tag","embeddable":true,"href":"https:\/\/www.cxjsmartcard.com\/da\/wp-json\/wp\/v2\/product_tag?post=711"}],"curies":[{"name":"wp","href":"https:\/\/api.w.org\/{rel}","templated":true}]}}