{"id":706,"date":"2025-11-03T06:46:07","date_gmt":"2025-11-03T06:46:07","guid":{"rendered":"https:\/\/www.cxjsmartcard.com\/?post_type=product&#038;p=706"},"modified":"2025-12-29T01:27:11","modified_gmt":"2025-12-29T01:27:11","slug":"sewing-washable-uhf-textile-rfid-laundry-tags","status":"publish","type":"product","link":"https:\/\/www.cxjsmartcard.com\/da\/sewing-washable-uhf-textile-rfid-laundry-tags\/","title":{"rendered":"Syning af vaskbare UHF-tekstil RFID-vaskem\u00e6rker"},"content":{"rendered":"<p data-start=\"95\" data-end=\"390\">RFID UHF-vaskem\u00e6rker er designet til at modst\u00e5 hotel- og institutionsvaskeriprocesser og giver holdbarhed og egnethed til vask, t\u00f8rring, rensning og strygning. De kan bruges til at h\u00e5ndtere andre professionelle uniformer, kostumer eller lejeartikler s\u00e5som m\u00e5tter og h\u00e5ndkl\u00e6der.<\/p>\n<p data-start=\"392\" data-end=\"410\"><strong data-start=\"392\" data-end=\"408\">N\u00f8glefunktioner<\/strong><\/p>\n<ol data-start=\"411\" data-end=\"692\">\n<li data-start=\"411\" data-end=\"507\">\n<p data-start=\"414\" data-end=\"507\">Fremragende ydeevne og en omkostningseffektiv l\u00f8sning til industrielle vaskeriapplikationer.<\/p>\n<\/li>\n<li data-start=\"508\" data-end=\"595\">\n<p data-start=\"511\" data-end=\"595\">Det ultratynde og bl\u00f8de m\u00e6rke kan nemt sys p\u00e5 h\u00f8r med eller uden en pose.<\/p>\n<\/li>\n<li data-start=\"596\" data-end=\"654\">\n<p data-start=\"599\" data-end=\"654\">Anti-kollision, h\u00f8j temperatur, modst\u00e5 tryk.<\/p>\n<\/li>\n<li data-start=\"655\" data-end=\"692\">\n<p data-start=\"658\" data-end=\"692\">Mere end 200 vaskecyklusser.<\/p>\n<\/li>\n<\/ol>\n<p data-start=\"694\" data-end=\"916\">Disse RFID-vaskem\u00e6rker er vandt\u00e6tte, lavet af nylon og polyester og designet til RFID-vaskeri- og linnedh\u00e5ndtering. De kan underst\u00f8tte forskellige driftstemperaturomr\u00e5der. M\u00e6rker tilbydes i forskellige diametre\/st\u00f8rrelser.<\/p>\n<p data-start=\"918\" data-end=\"936\"><strong data-start=\"918\" data-end=\"934\">Applikationer<\/strong><\/p>\n<ol data-start=\"937\" data-end=\"1047\">\n<li data-start=\"937\" data-end=\"989\">\n<p data-start=\"940\" data-end=\"989\">Velegnet til vask, rensning og strygning.<\/p>\n<\/li>\n<li data-start=\"990\" data-end=\"1047\">\n<p data-start=\"993\" data-end=\"1047\">Sporingsstyring for hotellagner, uniformer osv.<\/p>\n<\/li>\n<\/ol>\n<p data-start=\"1049\" data-end=\"1254\"><strong data-start=\"1049\" data-end=\"1089\">Ofte stillede sp\u00f8rgsm\u00e5l om RFID-vaskem\u00e6rker til tekstiler<\/strong><br data-start=\"1089\" data-end=\"1092\" \/><strong data-start=\"1092\" data-end=\"1098\">Sp\u00f8rgsm\u00e5l:<\/strong> Kan etiketterne overleve pressemaskiner?<br data-start=\"1138\" data-end=\"1141\" \/><strong data-start=\"1141\" data-end=\"1147\">EN:<\/strong> Ja. Disse RFID-tags er bygget til at modst\u00e5 h\u00f8j varme og tryk \u2013 ideelle til industrielle t\u00f8rretumblere og pressere.<\/p>\n<p data-start=\"1256\" data-end=\"1370\"><strong data-start=\"1256\" data-end=\"1262\">Sp\u00f8rgsm\u00e5l:<\/strong> Hvad er den forventede levetid for disse tags?<br data-start=\"1306\" data-end=\"1309\" \/><strong data-start=\"1309\" data-end=\"1315\">EN:<\/strong> I gennemsnit 200 vaske eller op til 3 \u00e5rs brug.<\/p>\n<p data-start=\"1372\" data-end=\"1534\"><strong data-start=\"1372\" data-end=\"1378\">Sp\u00f8rgsm\u00e5l:<\/strong> Hvordan v\u00e6lger jeg den rigtige m\u00e6rkest\u00f8rrelse?<br data-start=\"1414\" data-end=\"1417\" \/><strong data-start=\"1417\" data-end=\"1423\">EN:<\/strong> Vi tilbyder flere st\u00f8rrelsesmuligheder. Udfyld venligst formularen og fort\u00e6l os dine specifikationer for bekl\u00e6dningsgenstanden eller linned.<\/p>\n<h2 data-start=\"1536\" data-end=\"1561\">Tabel (Specifikationer)<\/h2>\n<div class=\"_tableContainer_1rjym_1\">\n<div class=\"group _tableWrapper_1rjym_13 flex w-fit flex-col-reverse\" tabindex=\"-1\">\n<table class=\"w-fit min-w-(--thread-content-width)\" data-start=\"1563\" data-end=\"3688\">\n<thead data-start=\"1563\" data-end=\"1713\">\n<tr data-start=\"1563\" data-end=\"1713\">\n<th data-start=\"1563\" data-end=\"1585\" data-col-size=\"sm\">Kategori<\/th>\n<th data-start=\"1585\" data-end=\"1607\" data-col-size=\"sm\">Parameter<\/th>\n<th data-start=\"1607\" data-end=\"1713\" data-col-size=\"lg\">V\u00e6rdi<\/th>\n<\/tr>\n<\/thead>\n<tbody data-start=\"1865\" data-end=\"3688\">\n<tr data-start=\"1865\" data-end=\"2015\">\n<td data-start=\"1865\" data-end=\"1887\" data-col-size=\"sm\">Produkt<\/td>\n<td data-col-size=\"sm\" data-start=\"1887\" data-end=\"1909\">Produktnavn<\/td>\n<td data-col-size=\"lg\" data-start=\"1909\" data-end=\"2015\">Syning af vaskbare UHF-tekstil RFID-vaskem\u00e6rker<\/td>\n<\/tr>\n<tr data-start=\"2016\" data-end=\"2165\">\n<td data-start=\"2016\" data-end=\"2038\" data-col-size=\"sm\">Materialer<\/td>\n<td data-col-size=\"sm\" data-start=\"2038\" data-end=\"2060\">Materiale<\/td>\n<td data-col-size=\"lg\" data-start=\"2060\" data-end=\"2165\">Stof\/v\u00e6vet, jernlim, sytype, metalhul osv.<\/td>\n<\/tr>\n<tr data-start=\"2166\" data-end=\"2316\">\n<td data-start=\"2166\" data-end=\"2188\" data-col-size=\"sm\">RFID<\/td>\n<td data-col-size=\"sm\" data-start=\"2188\" data-end=\"2210\">Chipmodel<\/td>\n<td data-col-size=\"lg\" data-start=\"2210\" data-end=\"2316\">NXP UCODE\u00ae 9<\/td>\n<\/tr>\n<tr data-start=\"2317\" data-end=\"2467\">\n<td data-start=\"2317\" data-end=\"2339\" data-col-size=\"sm\"><\/td>\n<td data-col-size=\"sm\" data-start=\"2339\" data-end=\"2361\">Hukommelse<\/td>\n<td data-col-size=\"lg\" data-start=\"2361\" data-end=\"2467\">EPC: 96 bit<\/td>\n<\/tr>\n<tr data-start=\"2468\" data-end=\"2618\">\n<td data-start=\"2468\" data-end=\"2490\" data-col-size=\"sm\"><\/td>\n<td data-col-size=\"sm\" data-start=\"2490\" data-end=\"2512\">Protokol<\/td>\n<td data-col-size=\"lg\" data-start=\"2512\" data-end=\"2618\">EPC C1 G2<\/td>\n<\/tr>\n<tr data-start=\"2619\" data-end=\"2770\">\n<td data-start=\"2619\" data-end=\"2641\" data-col-size=\"sm\">Fysisk<\/td>\n<td data-col-size=\"sm\" data-start=\"2641\" data-end=\"2663\">St\u00f8rrelse<\/td>\n<td data-col-size=\"lg\" data-start=\"2663\" data-end=\"2770\">70\u00d715 mm<\/td>\n<\/tr>\n<tr data-start=\"2771\" data-end=\"2921\">\n<td data-start=\"2771\" data-end=\"2793\" data-col-size=\"sm\"><\/td>\n<td data-col-size=\"sm\" data-start=\"2793\" data-end=\"2815\">Andre st\u00f8rrelser<\/td>\n<td data-col-size=\"lg\" data-start=\"2815\" data-end=\"2921\">86\u00d716 mm; 50\u00d720 mm; 72\u00d716 mm; 35\u00d715 mm osv.<\/td>\n<\/tr>\n<tr data-start=\"2922\" data-end=\"3072\">\n<td data-start=\"2922\" data-end=\"2944\" data-col-size=\"sm\">Udseende<\/td>\n<td data-col-size=\"sm\" data-start=\"2944\" data-end=\"2966\">Farve<\/td>\n<td data-col-size=\"lg\" data-start=\"2966\" data-end=\"3072\">Hvid<\/td>\n<\/tr>\n<tr data-start=\"3073\" data-end=\"3223\">\n<td data-start=\"3073\" data-end=\"3095\" data-col-size=\"sm\">Holdbarhed<\/td>\n<td data-col-size=\"sm\" data-start=\"3095\" data-end=\"3117\">Arbejdstider<\/td>\n<td data-col-size=\"lg\" data-start=\"3117\" data-end=\"3223\">Gennemsnit 200 cyklusser; nogle modeller &gt;300 cyklusser<\/td>\n<\/tr>\n<tr data-start=\"3224\" data-end=\"3375\">\n<td data-start=\"3224\" data-end=\"3246\" data-col-size=\"sm\">Milj\u00f8<\/td>\n<td data-start=\"3246\" data-end=\"3270\" data-col-size=\"sm\">Driftstemperatur<\/td>\n<td data-col-size=\"lg\" data-start=\"3270\" data-end=\"3375\">\u221225 \u2103 til +150 \u2103<\/td>\n<\/tr>\n<tr data-start=\"3376\" data-end=\"3526\">\n<td data-start=\"3376\" data-end=\"3398\" data-col-size=\"sm\">Pr\u00e6station<\/td>\n<td data-col-size=\"sm\" data-start=\"3398\" data-end=\"3420\">L\u00e6seafstand<\/td>\n<td data-col-size=\"lg\" data-start=\"3420\" data-end=\"3526\">5\u201310 meter<\/td>\n<\/tr>\n<tr data-start=\"3527\" data-end=\"3688\">\n<td data-start=\"3527\" data-end=\"3549\" data-col-size=\"sm\">Brug<\/td>\n<td data-col-size=\"sm\" data-start=\"3549\" data-end=\"3571\">Anvendelse<\/td>\n<td data-col-size=\"lg\" data-start=\"3571\" data-end=\"3688\">Vaskeril\u00f8sning, vaskeri, industrivask, h\u00e5ndtering af hotelt\u00f8j, administration af supermarkeder\/t\u00f8jbutikker osv.<\/td>\n<\/tr>\n<\/tbody>\n<\/table>\n<\/div>\n<\/div>","protected":false},"excerpt":{"rendered":"<p>Sybare, vaskbare UHF-tekstil RFID-tags til linned og uniformer \u2013 vandt\u00e6tte, varmebestandige, 5-10 m l\u00e6ser\u00e6kkevidde og holdbarhed p\u00e5 over 200 vaskecyklusser til industrivaskeri.<\/p>","protected":false},"featured_media":707,"template":"","meta":{"_gspb_post_css":""},"product_brand":[],"product_cat":[17,18],"product_tag":[],"class_list":{"0":"post-706","1":"product","2":"type-product","3":"status-publish","4":"has-post-thumbnail","6":"product_cat-rfid-laundry-tags","7":"product_cat-textile-rfid-laundry-tags","9":"first","10":"instock","11":"shipping-taxable","12":"purchasable","13":"product-type-simple"},"_links":{"self":[{"href":"https:\/\/www.cxjsmartcard.com\/da\/wp-json\/wp\/v2\/product\/706","targetHints":{"allow":["GET"]}}],"collection":[{"href":"https:\/\/www.cxjsmartcard.com\/da\/wp-json\/wp\/v2\/product"}],"about":[{"href":"https:\/\/www.cxjsmartcard.com\/da\/wp-json\/wp\/v2\/types\/product"}],"wp:featuredmedia":[{"embeddable":true,"href":"https:\/\/www.cxjsmartcard.com\/da\/wp-json\/wp\/v2\/media\/707"}],"wp:attachment":[{"href":"https:\/\/www.cxjsmartcard.com\/da\/wp-json\/wp\/v2\/media?parent=706"}],"wp:term":[{"taxonomy":"product_brand","embeddable":true,"href":"https:\/\/www.cxjsmartcard.com\/da\/wp-json\/wp\/v2\/product_brand?post=706"},{"taxonomy":"product_cat","embeddable":true,"href":"https:\/\/www.cxjsmartcard.com\/da\/wp-json\/wp\/v2\/product_cat?post=706"},{"taxonomy":"product_tag","embeddable":true,"href":"https:\/\/www.cxjsmartcard.com\/da\/wp-json\/wp\/v2\/product_tag?post=706"}],"curies":[{"name":"wp","href":"https:\/\/api.w.org\/{rel}","templated":true}]}}