{"id":701,"date":"2025-11-03T06:44:06","date_gmt":"2025-11-03T06:44:06","guid":{"rendered":"https:\/\/www.cxjsmartcard.com\/?post_type=product&#038;p=701"},"modified":"2025-12-29T01:27:11","modified_gmt":"2025-12-29T01:27:11","slug":"textile-washable-waterproof-uhf-rfid-laundry-tags","status":"publish","type":"product","link":"https:\/\/www.cxjsmartcard.com\/da\/textile-washable-waterproof-uhf-rfid-laundry-tags\/","title":{"rendered":"Vaskbare vandt\u00e6tte UHF RFID-vaskem\u00e6rker til tekstil"},"content":{"rendered":"<p data-start=\"141\" data-end=\"525\">Vaskbare vandt\u00e6tte UHF RFID-vaskem\u00e6rker til tekstiler er ikke-overf\u00f8rbare m\u00e6rker med et sikkert forseglet RFID-indl\u00e6g indeni, der p\u00e5lideligt opbevarer og overf\u00f8rer data. De er modstandsdygtige over for h\u00f8je temperaturer og barske milj\u00f8er. De bruges is\u00e6r til linnedh\u00e5ndtering og vaskek\u00e6der. M\u00e6rker f\u00e5s i forskellige st\u00f8rrelser og kan fastg\u00f8res ved at sy, lime, n\u00e5le eller binde dem fast.<\/p>\n<p data-start=\"527\" data-end=\"541\"><strong data-start=\"527\" data-end=\"539\">Funktioner<\/strong><\/p>\n<ol data-start=\"542\" data-end=\"899\">\n<li data-start=\"542\" data-end=\"602\">\n<p data-start=\"545\" data-end=\"602\">UHF-teknologi til at l\u00e6se hundredvis af tags samtidigt.<\/p>\n<\/li>\n<li data-start=\"603\" data-end=\"642\">\n<p data-start=\"606\" data-end=\"642\">L\u00e6seafstand p\u00e5 mere end 2,4 meter.<\/p>\n<\/li>\n<li data-start=\"643\" data-end=\"711\">\n<p data-start=\"646\" data-end=\"711\">Nyt mekanisk design for forbedret ydeevne til fladt linned.<\/p>\n<\/li>\n<li data-start=\"712\" data-end=\"768\">\n<p data-start=\"715\" data-end=\"768\">Velegnet til h\u00f8jtryksudsugere op til 60 bar.<\/p>\n<\/li>\n<li data-start=\"769\" data-end=\"811\">\n<p data-start=\"772\" data-end=\"811\">Velegnet til autoklaversterilisering.<\/p>\n<\/li>\n<li data-start=\"812\" data-end=\"899\">\n<p data-start=\"815\" data-end=\"899\">Lille, bl\u00f8dt og fleksibelt materiale, ideelt til tekstiler, linned, bekl\u00e6dningsgenstande og accessories.<\/p>\n<\/li>\n<\/ol>\n<p data-start=\"901\" data-end=\"1018\"><strong data-start=\"901\" data-end=\"925\">Forretningsapplikation<\/strong><br data-start=\"925\" data-end=\"928\" \/>Anvendelsesomr\u00e5de: Vaskerum, hotel, skole, kvalitetskontrol, lagerstyring osv.<\/p>\n<p data-start=\"1020\" data-end=\"1050\"><strong data-start=\"1020\" data-end=\"1048\">Hvordan installerer man tags?<\/strong><\/p>\n<ol data-start=\"1051\" data-end=\"1195\">\n<li data-start=\"1051\" data-end=\"1109\">\n<p data-start=\"1054\" data-end=\"1109\">Undg\u00e5 antennen, og monter den ved at sy begge ender sammen.<\/p>\n<\/li>\n<li data-start=\"1110\" data-end=\"1195\">\n<p data-start=\"1113\" data-end=\"1195\">Installer den ved at stryge den ved en h\u00f8j temperatur p\u00e5 210 grader Celsius i 15 sekunder.<\/p>\n<\/li>\n<\/ol>\n<p data-start=\"1197\" data-end=\"1534\"><strong data-start=\"1197\" data-end=\"1249\">Hvorfor bruge RFID-vaskem\u00e6rker i industrielt vaskeri?<\/strong><br data-start=\"1249\" data-end=\"1252\" \/>RFID-vaskem\u00e6rker automatiserer vaskerier med h\u00f8j volumen, hvilket reducerer manuelt arbejde og menneskelige fejl. Disse m\u00e6rker er designet til kommercielle vaskerier, medicinske uniformer og hospitalslinned og forenkler sporing og administration ved at muligg\u00f8re problemfri dataoverf\u00f8rsel til RFID-l\u00e6sere.<\/p>\n<p data-start=\"1536\" data-end=\"1716\"><strong data-start=\"1536\" data-end=\"1568\">Ofte stillede sp\u00f8rgsm\u00e5l om RFID-vaskem\u00e6rker<\/strong><br data-start=\"1568\" data-end=\"1571\" \/><strong data-start=\"1571\" data-end=\"1577\">Sp\u00f8rgsm\u00e5l:<\/strong> Kan disse m\u00e6rker overleve industrielle t\u00f8rretumblere?<br data-start=\"1619\" data-end=\"1622\" \/><strong data-start=\"1622\" data-end=\"1628\">EN:<\/strong> Ja, disse vaskbare UHF RFID-tags er konstrueret til at modst\u00e5 h\u00f8j varme og tryk.<\/p>\n<p data-start=\"1718\" data-end=\"1834\"><strong data-start=\"1718\" data-end=\"1724\">Sp\u00f8rgsm\u00e5l:<\/strong> Hvilke RFID-l\u00e6sere er kompatible?<br data-start=\"1758\" data-end=\"1761\" \/><strong data-start=\"1761\" data-end=\"1767\">EN:<\/strong> Enhver l\u00e6ser, der underst\u00f8tter ISO 18000-6C- eller EPC Class 1 Gen2-standarderne.<\/p>\n<p data-start=\"1836\" data-end=\"2028\"><strong data-start=\"1836\" data-end=\"1842\">Sp\u00f8rgsm\u00e5l:<\/strong> Hvordan integrerer jeg dem i mit nuv\u00e6rende system?<br data-start=\"1890\" data-end=\"1893\" \/><strong data-start=\"1893\" data-end=\"1899\">EN:<\/strong> Vi tilbyder fuld teknisk support. Udfyld venligst formularen nedenfor, og fort\u00e6l os, hvilken type l\u00e6ser eller antenneops\u00e6tning du har brug for.<\/p>\n<p data-start=\"2030\" data-end=\"2188\"><strong data-start=\"2030\" data-end=\"2038\">\u7b80\u8981\u63cf\u8ff0<\/strong><br data-start=\"2038\" data-end=\"2041\" \/>Holdbare UHF RFID-vaskem\u00e6rker til tekstiler og bekl\u00e6dningsgenstande. Vandt\u00e6tte, vaskbare og med lang r\u00e6kkevidde \u2013 ideelle til sporing og styring af industriel vaskeridrift.<\/p>\n<h2 data-start=\"2190\" data-end=\"2215\">Tabel (Specifikationer)<\/h2>\n<div class=\"_tableContainer_1rjym_1\">\n<div class=\"group _tableWrapper_1rjym_13 flex w-fit flex-col-reverse\" tabindex=\"-1\">\n<table class=\"w-fit min-w-(--thread-content-width)\" data-start=\"2217\" data-end=\"4716\">\n<thead data-start=\"2217\" data-end=\"2341\">\n<tr data-start=\"2217\" data-end=\"2341\">\n<th data-start=\"2217\" data-end=\"2242\" data-col-size=\"sm\">Kategori<\/th>\n<th data-start=\"2242\" data-end=\"2268\" data-col-size=\"sm\">Parameter<\/th>\n<th data-start=\"2268\" data-end=\"2341\" data-col-size=\"md\">V\u00e6rdi<\/th>\n<\/tr>\n<\/thead>\n<tbody data-start=\"2467\" data-end=\"4716\">\n<tr data-start=\"2467\" data-end=\"2591\">\n<td data-start=\"2467\" data-end=\"2492\" data-col-size=\"sm\">Fysiske parametre<\/td>\n<td data-col-size=\"sm\" data-start=\"2492\" data-end=\"2518\">Produktst\u00f8rrelse<\/td>\n<td data-col-size=\"md\" data-start=\"2518\" data-end=\"2591\">55\u00d710\u00d72,2 mm; 70\u00d715\u00d71,5 mm; osv.<\/td>\n<\/tr>\n<tr data-start=\"2592\" data-end=\"2716\">\n<td data-start=\"2592\" data-end=\"2617\" data-col-size=\"sm\"><\/td>\n<td data-start=\"2617\" data-end=\"2643\" data-col-size=\"sm\">Materialer<\/td>\n<td data-col-size=\"md\" data-start=\"2643\" data-end=\"2716\">100% polyester<\/td>\n<\/tr>\n<tr data-start=\"2717\" data-end=\"2841\">\n<td data-start=\"2717\" data-end=\"2742\" data-col-size=\"sm\"><\/td>\n<td data-col-size=\"sm\" data-start=\"2742\" data-end=\"2768\">Farve<\/td>\n<td data-col-size=\"md\" data-start=\"2768\" data-end=\"2841\">Bl\u00e5, hvid (andre kan tilpasses)<\/td>\n<\/tr>\n<tr data-start=\"2842\" data-end=\"2966\">\n<td data-start=\"2842\" data-end=\"2867\" data-col-size=\"sm\"><\/td>\n<td data-col-size=\"sm\" data-start=\"2867\" data-end=\"2893\">H\u00e5ndv\u00e6rk<\/td>\n<td data-col-size=\"md\" data-start=\"2893\" data-end=\"2966\">Logotryk, lasernummertryk<\/td>\n<\/tr>\n<tr data-start=\"2967\" data-end=\"3091\">\n<td data-start=\"2967\" data-end=\"2992\" data-col-size=\"sm\">Milj\u00f8m\u00e6ssig<\/td>\n<td data-col-size=\"sm\" data-start=\"2992\" data-end=\"3018\">Arbejdstemperatur<\/td>\n<td data-col-size=\"md\" data-start=\"3018\" data-end=\"3091\">\u221240 ~ +160 \u00b0C (160 \u00b0C \/ 20 minutter)<\/td>\n<\/tr>\n<tr data-start=\"3092\" data-end=\"3216\">\n<td data-start=\"3092\" data-end=\"3117\" data-col-size=\"sm\"><\/td>\n<td data-start=\"3117\" data-end=\"3143\" data-col-size=\"sm\">Opbevaringstemperatur<\/td>\n<td data-col-size=\"md\" data-start=\"3143\" data-end=\"3216\">\u221240 ~ +160 \u00b0C (160 \u00b0C \/ 20 minutter)<\/td>\n<\/tr>\n<tr data-start=\"3217\" data-end=\"3341\">\n<td data-start=\"3217\" data-end=\"3242\" data-col-size=\"sm\">Teknisk<\/td>\n<td data-col-size=\"sm\" data-start=\"3242\" data-end=\"3268\">Arbejdsfrekvens<\/td>\n<td data-col-size=\"md\" data-start=\"3268\" data-end=\"3341\">840 ~ 960 MHz<\/td>\n<\/tr>\n<tr data-start=\"3342\" data-end=\"3466\">\n<td data-start=\"3342\" data-end=\"3367\" data-col-size=\"sm\"><\/td>\n<td data-col-size=\"sm\" data-start=\"3367\" data-end=\"3393\">Chip<\/td>\n<td data-col-size=\"md\" data-start=\"3393\" data-end=\"3466\">NXP U-KODE 9<\/td>\n<\/tr>\n<tr data-start=\"3467\" data-end=\"3591\">\n<td data-start=\"3467\" data-end=\"3492\" data-col-size=\"sm\"><\/td>\n<td data-col-size=\"sm\" data-start=\"3492\" data-end=\"3518\">Protokol<\/td>\n<td data-col-size=\"md\" data-start=\"3518\" data-end=\"3591\">ISO18000-6C, EPC Klasse Gen 2<\/td>\n<\/tr>\n<tr data-start=\"3592\" data-end=\"3716\">\n<td data-start=\"3592\" data-end=\"3617\" data-col-size=\"sm\"><\/td>\n<td data-col-size=\"sm\" data-start=\"3617\" data-end=\"3643\">Livslang<\/td>\n<td data-col-size=\"md\" data-start=\"3643\" data-end=\"3716\">Normal vask 200 gange<\/td>\n<\/tr>\n<tr data-start=\"3717\" data-end=\"3841\">\n<td data-start=\"3717\" data-end=\"3742\" data-col-size=\"sm\"><\/td>\n<td data-col-size=\"sm\" data-start=\"3742\" data-end=\"3768\">L\u00e6seomr\u00e5de<\/td>\n<td data-col-size=\"md\" data-start=\"3768\" data-end=\"3841\">10 meter<\/td>\n<\/tr>\n<tr data-start=\"3842\" data-end=\"3966\">\n<td data-start=\"3842\" data-end=\"3867\" data-col-size=\"sm\">Ydeevne\/H\u00e5ndtering<\/td>\n<td data-start=\"3867\" data-end=\"3893\" data-col-size=\"sm\">Samtidige l\u00e6sninger<\/td>\n<td data-start=\"3893\" data-end=\"3966\" data-col-size=\"md\">Hundredvis af tags (UHF)<\/td>\n<\/tr>\n<tr data-start=\"3967\" data-end=\"4091\">\n<td data-start=\"3967\" data-end=\"3992\" data-col-size=\"sm\"><\/td>\n<td data-col-size=\"sm\" data-start=\"3992\" data-end=\"4018\">Ekstraktorkompatibilitet<\/td>\n<td data-col-size=\"md\" data-start=\"4018\" data-end=\"4091\">H\u00f8jtryksudsugere op til 60 bar<\/td>\n<\/tr>\n<tr data-start=\"4092\" data-end=\"4216\">\n<td data-start=\"4092\" data-end=\"4117\" data-col-size=\"sm\"><\/td>\n<td data-col-size=\"sm\" data-start=\"4117\" data-end=\"4143\">Sterilisering<\/td>\n<td data-col-size=\"md\" data-start=\"4143\" data-end=\"4216\">Velegnet til autoklavering<\/td>\n<\/tr>\n<tr data-start=\"4217\" data-end=\"4341\">\n<td data-start=\"4217\" data-end=\"4242\" data-col-size=\"sm\">Formfaktor<\/td>\n<td data-start=\"4242\" data-end=\"4268\" data-col-size=\"sm\">Konstruktion<\/td>\n<td data-col-size=\"md\" data-start=\"4268\" data-end=\"4341\">Lille, bl\u00f8d, fleksibel \u2013 ideel til tekstiler\/linned\/bekl\u00e6dningsgenstande\/tilbeh\u00f8r<\/td>\n<\/tr>\n<tr data-start=\"4342\" data-end=\"4466\">\n<td data-start=\"4342\" data-end=\"4367\" data-col-size=\"sm\">Installation<\/td>\n<td data-start=\"4367\" data-end=\"4393\" data-col-size=\"sm\">Syning<\/td>\n<td data-col-size=\"md\" data-start=\"4393\" data-end=\"4466\">Sy begge ender sammen; undg\u00e5 antennen<\/td>\n<\/tr>\n<tr data-start=\"4467\" data-end=\"4591\">\n<td data-start=\"4467\" data-end=\"4492\" data-col-size=\"sm\"><\/td>\n<td data-start=\"4492\" data-end=\"4518\" data-col-size=\"sm\">Varmepresse<\/td>\n<td data-start=\"4518\" data-end=\"4591\" data-col-size=\"md\">Stryges ved 210 \u00b0C i 15 sekunder<\/td>\n<\/tr>\n<tr data-start=\"4592\" data-end=\"4716\">\n<td data-start=\"4592\" data-end=\"4617\" data-col-size=\"sm\">Applikationer<\/td>\n<td data-col-size=\"sm\" data-start=\"4617\" data-end=\"4643\">Typiske anvendelsesscenarier<\/td>\n<td data-col-size=\"md\" data-start=\"4643\" data-end=\"4716\">Vaskerum, hotel, skole, kvalitetskontrol, lagerstyring<\/td>\n<\/tr>\n<\/tbody>\n<\/table>\n<\/div>\n<\/div>","protected":false},"excerpt":{"rendered":"<p>Holdbare, vaskbare, vandt\u00e6tte UHF RFID-vaskem\u00e6rker til tekstiler og linned, med lang l\u00e6ser\u00e6kkevidde, h\u00f8j temperaturbestandighed og underst\u00f8ttelse af autoklaver og 60-bar udsugningssystemer.<\/p>","protected":false},"featured_media":702,"template":"","meta":{"_gspb_post_css":""},"product_brand":[],"product_cat":[17,18],"product_tag":[],"class_list":{"0":"post-701","1":"product","2":"type-product","3":"status-publish","4":"has-post-thumbnail","6":"product_cat-rfid-laundry-tags","7":"product_cat-textile-rfid-laundry-tags","9":"first","10":"instock","11":"shipping-taxable","12":"purchasable","13":"product-type-simple"},"_links":{"self":[{"href":"https:\/\/www.cxjsmartcard.com\/da\/wp-json\/wp\/v2\/product\/701","targetHints":{"allow":["GET"]}}],"collection":[{"href":"https:\/\/www.cxjsmartcard.com\/da\/wp-json\/wp\/v2\/product"}],"about":[{"href":"https:\/\/www.cxjsmartcard.com\/da\/wp-json\/wp\/v2\/types\/product"}],"wp:featuredmedia":[{"embeddable":true,"href":"https:\/\/www.cxjsmartcard.com\/da\/wp-json\/wp\/v2\/media\/702"}],"wp:attachment":[{"href":"https:\/\/www.cxjsmartcard.com\/da\/wp-json\/wp\/v2\/media?parent=701"}],"wp:term":[{"taxonomy":"product_brand","embeddable":true,"href":"https:\/\/www.cxjsmartcard.com\/da\/wp-json\/wp\/v2\/product_brand?post=701"},{"taxonomy":"product_cat","embeddable":true,"href":"https:\/\/www.cxjsmartcard.com\/da\/wp-json\/wp\/v2\/product_cat?post=701"},{"taxonomy":"product_tag","embeddable":true,"href":"https:\/\/www.cxjsmartcard.com\/da\/wp-json\/wp\/v2\/product_tag?post=701"}],"curies":[{"name":"wp","href":"https:\/\/api.w.org\/{rel}","templated":true}]}}