{"id":692,"date":"2025-11-02T09:12:58","date_gmt":"2025-11-02T09:12:58","guid":{"rendered":"https:\/\/www.cxjsmartcard.com\/?post_type=product&#038;p=692"},"modified":"2025-12-29T01:27:11","modified_gmt":"2025-12-29T01:27:11","slug":"heating-sealing-uhf-laundry-tag-for-hotel-linen-management","status":"publish","type":"product","link":"https:\/\/www.cxjsmartcard.com\/da\/heating-sealing-uhf-laundry-tag-for-hotel-linen-management\/","title":{"rendered":"Varmeforsegling UHF-vasket\u00f8jsm\u00e6rke til hotellinnedh\u00e5ndtering"},"content":{"rendered":"<p data-start=\"78\" data-end=\"323\">Vandt\u00e6t, bl\u00f8d UHF-vaskem\u00e6rke designet til at blive varmeforseglet eller syet ind i smalle kanter p\u00e5 hotellagner, arbejdst\u00f8j og andre tekstiler. Bygget til vask\/t\u00f8rring ved h\u00f8j temperatur og batchscanning for at forbedre lagerbeholdningens n\u00f8jagtighed og reducere arbejdskraft.<\/p>\n<p data-start=\"325\" data-end=\"341\"><strong data-start=\"325\" data-end=\"341\">N\u00f8glefunktioner<\/strong><\/p>\n<ul data-start=\"342\" data-end=\"864\">\n<li data-start=\"342\" data-end=\"394\">\n<p data-start=\"344\" data-end=\"394\">St\u00f8rrelser: 55\u00d712 mm, 70\u00d715 mm, 87\u00d717 mm (kan tilpasses)<\/p>\n<\/li>\n<li data-start=\"395\" data-end=\"419\">\n<p data-start=\"397\" data-end=\"419\">Chips: NXP U8 \/ NXP U9<\/p>\n<\/li>\n<li data-start=\"420\" data-end=\"450\">\n<p data-start=\"422\" data-end=\"450\">Frekvens: 865\u2013928 MHz (UHF)<\/p>\n<\/li>\n<li data-start=\"451\" data-end=\"501\">\n<p data-start=\"453\" data-end=\"501\">Materiale: Polyester; fleksibel til ops\u00f8mme og s\u00f8mme<\/p>\n<\/li>\n<li data-start=\"502\" data-end=\"570\">\n<p data-start=\"504\" data-end=\"570\">L\u00e6seafstand: Op til 3 m (bekr\u00e6ft med din l\u00e6ser og omgivelserne)<\/p>\n<\/li>\n<li data-start=\"571\" data-end=\"633\">\n<p data-start=\"573\" data-end=\"633\">Garanti: Den f\u00f8rste af 200 vaske eller 3 \u00e5r fra forsendelsesdatoen<\/p>\n<\/li>\n<li data-start=\"634\" data-end=\"697\">\n<p data-start=\"636\" data-end=\"697\">Kemisk resistens: Kompatibel med almindelige vaskemidler<\/p>\n<\/li>\n<li data-start=\"698\" data-end=\"864\">\n<p data-start=\"700\" data-end=\"864\">Driftsm\u00e6ssige fordele: Muligg\u00f8r hurtig indsamling, sortering, automatisk lagerstyring, historisk sporing og rapportgenerering; underst\u00f8tter batchscanning for at reducere fejl og omkostninger<\/p>\n<\/li>\n<\/ul>\n<p data-start=\"866\" data-end=\"894\"><strong data-start=\"866\" data-end=\"894\">Tekniske specifikationer<\/strong><\/p>\n<div class=\"_tableContainer_1rjym_1\">\n<div class=\"group _tableWrapper_1rjym_13 flex w-fit flex-col-reverse\" tabindex=\"-1\">\n<table class=\"w-fit min-w-(--thread-content-width)\" data-start=\"896\" data-end=\"3705\">\n<thead data-start=\"896\" data-end=\"1060\">\n<tr data-start=\"896\" data-end=\"1060\">\n<th data-start=\"896\" data-end=\"921\" data-col-size=\"sm\">Punkt<\/th>\n<th data-start=\"921\" data-end=\"1060\" data-col-size=\"lg\">Detaljer<\/th>\n<\/tr>\n<\/thead>\n<tbody data-start=\"1226\" data-end=\"3705\">\n<tr data-start=\"1226\" data-end=\"1390\">\n<td data-start=\"1226\" data-end=\"1251\" data-col-size=\"sm\">Anvendelse<\/td>\n<td data-col-size=\"lg\" data-start=\"1251\" data-end=\"1390\">Hotellagner\/linned, arbejdst\u00f8j, andre tekstilprodukter<\/td>\n<\/tr>\n<tr data-start=\"1391\" data-end=\"1555\">\n<td data-start=\"1391\" data-end=\"1416\" data-col-size=\"sm\">St\u00f8rrelsesmuligheder<\/td>\n<td data-col-size=\"lg\" data-start=\"1416\" data-end=\"1555\">55\u00d712 mm, 70\u00d715 mm, 87\u00d717 mm (specialfremstillet)<\/td>\n<\/tr>\n<tr data-start=\"1556\" data-end=\"1720\">\n<td data-start=\"1556\" data-end=\"1581\" data-col-size=\"sm\">IC \/ Chip<\/td>\n<td data-col-size=\"lg\" data-start=\"1581\" data-end=\"1720\">NXP U8, NXP U9<\/td>\n<\/tr>\n<tr data-start=\"1721\" data-end=\"1885\">\n<td data-start=\"1721\" data-end=\"1746\" data-col-size=\"sm\">Driftsfrekvens<\/td>\n<td data-start=\"1746\" data-end=\"1885\" data-col-size=\"lg\">865\u2013928 MHz<\/td>\n<\/tr>\n<tr data-start=\"1886\" data-end=\"2050\">\n<td data-start=\"1886\" data-end=\"1911\" data-col-size=\"sm\">Etiketmateriale<\/td>\n<td data-col-size=\"lg\" data-start=\"1911\" data-end=\"2050\">Polyester<\/td>\n<\/tr>\n<tr data-start=\"2051\" data-end=\"2215\">\n<td data-start=\"2051\" data-end=\"2076\" data-col-size=\"sm\">L\u00e6seafstand<\/td>\n<td data-col-size=\"lg\" data-start=\"2076\" data-end=\"2215\">Op til 3 m (op til ~9 ft); skal verificeres med en l\u00e6ser p\u00e5 stedet<\/td>\n<\/tr>\n<tr data-start=\"2216\" data-end=\"2380\">\n<td data-start=\"2216\" data-end=\"2241\" data-col-size=\"sm\">M\u00e6rkegaranti<\/td>\n<td data-col-size=\"lg\" data-start=\"2241\" data-end=\"2380\">F\u00f8rste af 200 vaskecyklusser <strong data-start=\"2268\" data-end=\"2274\">eller<\/strong> 3 \u00e5r fra afsendelsesdatoen<\/td>\n<\/tr>\n<tr data-start=\"2381\" data-end=\"2545\">\n<td data-start=\"2381\" data-end=\"2406\" data-col-size=\"sm\">Opbevaringstemperatur<\/td>\n<td data-start=\"2406\" data-end=\"2545\" data-col-size=\"lg\">\u221240 \u00b0C til +120 \u00b0C (\u221240 \u00b0F til +248 \u00b0F)<\/td>\n<\/tr>\n<tr data-start=\"2546\" data-end=\"2710\">\n<td data-start=\"2546\" data-end=\"2571\" data-col-size=\"sm\">Vaskecyklus<\/td>\n<td data-start=\"2571\" data-end=\"2710\" data-col-size=\"lg\">+90 \u00b0C (+194 \u00b0F) i 60 minutter<\/td>\n<\/tr>\n<tr data-start=\"2711\" data-end=\"2875\">\n<td data-start=\"2711\" data-end=\"2736\" data-col-size=\"sm\">T\u00f8rring<\/td>\n<td data-start=\"2736\" data-end=\"2875\" data-col-size=\"lg\">+180 \u00b0C (+356 \u00b0F) i 3 min; dehydreringspresse: 35 bar<\/td>\n<\/tr>\n<tr data-start=\"2876\" data-end=\"3040\">\n<td data-start=\"2876\" data-end=\"2901\" data-col-size=\"sm\">Strygeren<\/td>\n<td data-col-size=\"lg\" data-start=\"2901\" data-end=\"3040\">+195 \u00b0C (+383 \u00b0F) i 30 sek., &lt;18 bar; vandudsugning: 60 bar i 80 sek.<\/td>\n<\/tr>\n<tr data-start=\"3041\" data-end=\"3209\">\n<td data-start=\"3041\" data-end=\"3066\" data-col-size=\"sm\">Autoklave<\/td>\n<td data-start=\"3066\" data-end=\"3209\" data-col-size=\"lg\">Luftudsugning: +100 \u00b0C (+212 \u00b0F), 5 min, 0,1 bar; T\u00f8rring: +45 \u00b0C (+113 \u00b0F), 15 min, 0,2 bar; Sterilisering: +134 \u00b0C (+273 \u00b0F), 20 min, 3,25 bar<\/td>\n<\/tr>\n<tr data-start=\"3210\" data-end=\"3375\">\n<td data-start=\"3210\" data-end=\"3235\" data-col-size=\"sm\">Kemisk resistens<\/td>\n<td data-col-size=\"lg\" data-start=\"3235\" data-end=\"3375\">Modst\u00e5r kemikalier, der er almindelige i industriel vaskeriproces<\/td>\n<\/tr>\n<tr data-start=\"3376\" data-end=\"3540\">\n<td data-start=\"3376\" data-end=\"3401\" data-col-size=\"sm\">Emballeringsmuligheder<\/td>\n<td data-col-size=\"lg\" data-start=\"3401\" data-end=\"3540\">Non-woven\/silikone\/PPS-varianter tilg\u00e6ngelige; kan tilpasses med serienummer, stregkoder, QR-koder<\/td>\n<\/tr>\n<tr data-start=\"3541\" data-end=\"3705\">\n<td data-start=\"3541\" data-end=\"3566\" data-col-size=\"sm\">Typiske fordele<\/td>\n<td data-start=\"3566\" data-end=\"3705\" data-col-size=\"lg\">Batch-ID, hurtigere sortering, f\u00e6rre fejl, automatiseret rapportering, historisk sporbarhed<\/td>\n<\/tr>\n<\/tbody>\n<\/table>\n<\/div>\n<\/div>","protected":false},"excerpt":{"rendered":"<p>Varmeforseglbar, vandt\u00e6t UHF RFID-vaskem\u00e6rke til hotellinned og arbejdst\u00f8j; 865-928 MHz, NXP U8\/U9, op til 3 m l\u00e6sning, klassificeret til 200 vaske eller 3 \u00e5rs garanti.<\/p>","protected":false},"featured_media":693,"template":"","meta":{"_gspb_post_css":""},"product_brand":[],"product_cat":[17,18],"product_tag":[],"class_list":{"0":"post-692","1":"product","2":"type-product","3":"status-publish","4":"has-post-thumbnail","6":"product_cat-rfid-laundry-tags","7":"product_cat-textile-rfid-laundry-tags","9":"first","10":"instock","11":"shipping-taxable","12":"purchasable","13":"product-type-simple"},"_links":{"self":[{"href":"https:\/\/www.cxjsmartcard.com\/da\/wp-json\/wp\/v2\/product\/692","targetHints":{"allow":["GET"]}}],"collection":[{"href":"https:\/\/www.cxjsmartcard.com\/da\/wp-json\/wp\/v2\/product"}],"about":[{"href":"https:\/\/www.cxjsmartcard.com\/da\/wp-json\/wp\/v2\/types\/product"}],"wp:featuredmedia":[{"embeddable":true,"href":"https:\/\/www.cxjsmartcard.com\/da\/wp-json\/wp\/v2\/media\/693"}],"wp:attachment":[{"href":"https:\/\/www.cxjsmartcard.com\/da\/wp-json\/wp\/v2\/media?parent=692"}],"wp:term":[{"taxonomy":"product_brand","embeddable":true,"href":"https:\/\/www.cxjsmartcard.com\/da\/wp-json\/wp\/v2\/product_brand?post=692"},{"taxonomy":"product_cat","embeddable":true,"href":"https:\/\/www.cxjsmartcard.com\/da\/wp-json\/wp\/v2\/product_cat?post=692"},{"taxonomy":"product_tag","embeddable":true,"href":"https:\/\/www.cxjsmartcard.com\/da\/wp-json\/wp\/v2\/product_tag?post=692"}],"curies":[{"name":"wp","href":"https:\/\/api.w.org\/{rel}","templated":true}]}}