{"id":682,"date":"2025-11-01T11:12:34","date_gmt":"2025-11-01T11:12:34","guid":{"rendered":"https:\/\/www.cxjsmartcard.com\/?post_type=product&#038;p=682"},"modified":"2025-12-29T01:27:11","modified_gmt":"2025-12-29T01:27:11","slug":"stainless-steel-metal-blank-black-nfc-business-cards","status":"publish","type":"product","link":"https:\/\/www.cxjsmartcard.com\/da\/stainless-steel-metal-blank-black-nfc-business-cards\/","title":{"rendered":"Blanke sorte NFC-visitkort i rustfrit st\u00e5l"},"content":{"rendered":"<p data-start=\"59\" data-end=\"379\">Premium NFC-metalvisitkort i rustfrit st\u00e5l med sort galvaniseret finish. Underst\u00f8tter integreret kontaktl\u00f8s NFC-chip (NTAG\/MIFARE) til tryk-for-at-\u00e5bne links, digitale profiler, WiFi eller deling af kontakter. Holdbart, eksklusivt, ridsefast, ideelt til VIP-, brand-, event-, adgangs- og firmagaver.<\/p>\n<p data-start=\"381\" data-end=\"400\"><strong data-start=\"381\" data-end=\"398\">Specifikation<\/strong><\/p>\n<div class=\"_tableContainer_1rjym_1\">\n<div class=\"group _tableWrapper_1rjym_13 flex w-fit flex-col-reverse\" tabindex=\"-1\">\n<table class=\"w-fit min-w-(--thread-content-width)\" data-start=\"401\" data-end=\"1213\">\n<thead data-start=\"401\" data-end=\"419\">\n<tr data-start=\"401\" data-end=\"419\">\n<th data-start=\"401\" data-end=\"408\" data-col-size=\"sm\">Punkt<\/th>\n<th data-start=\"408\" data-end=\"419\" data-col-size=\"lg\">Detaljer<\/th>\n<\/tr>\n<\/thead>\n<tbody data-start=\"430\" data-end=\"1213\">\n<tr data-start=\"430\" data-end=\"471\">\n<td data-start=\"430\" data-end=\"441\" data-col-size=\"sm\">Materiale<\/td>\n<td data-col-size=\"lg\" data-start=\"441\" data-end=\"471\">Rustfrit st\u00e5l \/ aluminium<\/td>\n<\/tr>\n<tr data-start=\"472\" data-end=\"511\">\n<td data-start=\"472\" data-end=\"488\" data-col-size=\"sm\">Standardst\u00f8rrelse<\/td>\n<td data-start=\"488\" data-end=\"511\" data-col-size=\"lg\">85,5 \u00d7 54 mm (CR80)<\/td>\n<\/tr>\n<tr data-start=\"512\" data-end=\"593\">\n<td data-start=\"512\" data-end=\"534\" data-col-size=\"sm\">Tilg\u00e6ngelig tykkelse<\/td>\n<td data-col-size=\"lg\" data-start=\"534\" data-end=\"593\">0,3 \/ 0,35 \/ 0,4 \/ 0,5 \/ 0,6 \/ 0,8 \/ 1,0 \/ 1,2 \/ 1,3 mm<\/td>\n<\/tr>\n<tr data-start=\"594\" data-end=\"666\">\n<td data-start=\"594\" data-end=\"613\" data-col-size=\"sm\">Overfladebehandlinger<\/td>\n<td data-col-size=\"lg\" data-start=\"613\" data-end=\"666\">B\u00f8rstet, poleret, spejlblank, matteret, naturst\u00e5l<\/td>\n<\/tr>\n<tr data-start=\"667\" data-end=\"748\">\n<td data-start=\"667\" data-end=\"683\" data-col-size=\"sm\">Farvemuligheder<\/td>\n<td data-col-size=\"lg\" data-start=\"683\" data-end=\"748\">Sort, guld, rosaguld, s\u00f8lv, cyan, bronze (galvanisering)<\/td>\n<\/tr>\n<tr data-start=\"749\" data-end=\"824\">\n<td data-start=\"749\" data-end=\"760\" data-col-size=\"sm\">Trykning<\/td>\n<td data-col-size=\"lg\" data-start=\"760\" data-end=\"824\">Silketryk, UV-farvetryk, \u00e6tsning + silketryk, anti-\u00e6tsning<\/td>\n<\/tr>\n<tr data-start=\"825\" data-end=\"939\">\n<td data-start=\"825\" data-end=\"834\" data-col-size=\"sm\">H\u00e5ndv\u00e6rk<\/td>\n<td data-start=\"834\" data-end=\"939\" data-col-size=\"lg\">Udsk\u00e6ringsm\u00f8nster, lasergravering + bl\u00e6kp\u00e5fyldning, QR-kode, serienummer, magnetstribe, signaturpanel<\/td>\n<\/tr>\n<tr data-start=\"940\" data-end=\"1010\">\n<td data-start=\"940\" data-end=\"957\" data-col-size=\"sm\">NFC\/IC-muligheder<\/td>\n<td data-col-size=\"lg\" data-start=\"957\" data-end=\"1010\">Kontaktl\u00f8s NFC-chip (13,56 MHz), kontakt-IC-chip<\/td>\n<\/tr>\n<tr data-start=\"1011\" data-end=\"1141\">\n<td data-start=\"1011\" data-end=\"1025\" data-col-size=\"sm\">Anvendelse<\/td>\n<td data-start=\"1025\" data-end=\"1141\" data-col-size=\"lg\">Klub, promovering, reklame, virksomhed, bank, trafik, forsikring, supermarked, parkering, skole, adgangskontrol<\/td>\n<\/tr>\n<tr data-start=\"1142\" data-end=\"1213\">\n<td data-start=\"1142\" data-end=\"1153\" data-col-size=\"sm\">Funktioner<\/td>\n<td data-start=\"1153\" data-end=\"1213\" data-col-size=\"lg\">Luksuri\u00f8st udseende, lang levetid, vand- og slidbestandig<\/td>\n<\/tr>\n<\/tbody>\n<\/table>\n<\/div>\n<\/div>\n<p data-start=\"1215\" data-end=\"1226\"><strong data-start=\"1215\" data-end=\"1224\">Noter<\/strong><\/p>\n<ul data-start=\"1227\" data-end=\"1431\">\n<li data-start=\"1227\" data-end=\"1282\">\n<p data-start=\"1229\" data-end=\"1282\">Kan v\u00e6re helt blankt sort metal til efterbearbejdning\/gravering<\/p>\n<\/li>\n<li data-start=\"1283\" data-end=\"1317\">\n<p data-start=\"1285\" data-end=\"1317\">Ingen formgebyr for brugerdefineret st\u00f8rrelse<\/p>\n<\/li>\n<li data-start=\"1318\" data-end=\"1368\">\n<p data-start=\"1320\" data-end=\"1368\">Underst\u00f8tter b\u00e5de branding og NFC smart-funktioner<\/p>\n<\/li>\n<li data-start=\"1369\" data-end=\"1431\">\n<p data-start=\"1371\" data-end=\"1431\">Metalkabinet giver en st\u00e6rk taktil fornemmelse og f\u00f8rsteklasses positionering<\/p>\n<\/li>\n<\/ul>","protected":false},"excerpt":{"rendered":"<p>Sort NFC-metalvisitkort i rustfrit st\u00e5l med brugerdefinerbar finish, laser-\/QR-\/udsk\u00e6ringsdesign og 13,56 MHz NFC til tryk-for-at-forbinde-branding.<\/p>","protected":false},"featured_media":684,"template":"","meta":{"_gspb_post_css":""},"product_brand":[],"product_cat":[15],"product_tag":[],"class_list":{"0":"post-682","1":"product","2":"type-product","3":"status-publish","4":"has-post-thumbnail","6":"product_cat-rfid-cards","8":"first","9":"instock","10":"shipping-taxable","11":"purchasable","12":"product-type-simple"},"_links":{"self":[{"href":"https:\/\/www.cxjsmartcard.com\/da\/wp-json\/wp\/v2\/product\/682","targetHints":{"allow":["GET"]}}],"collection":[{"href":"https:\/\/www.cxjsmartcard.com\/da\/wp-json\/wp\/v2\/product"}],"about":[{"href":"https:\/\/www.cxjsmartcard.com\/da\/wp-json\/wp\/v2\/types\/product"}],"wp:featuredmedia":[{"embeddable":true,"href":"https:\/\/www.cxjsmartcard.com\/da\/wp-json\/wp\/v2\/media\/684"}],"wp:attachment":[{"href":"https:\/\/www.cxjsmartcard.com\/da\/wp-json\/wp\/v2\/media?parent=682"}],"wp:term":[{"taxonomy":"product_brand","embeddable":true,"href":"https:\/\/www.cxjsmartcard.com\/da\/wp-json\/wp\/v2\/product_brand?post=682"},{"taxonomy":"product_cat","embeddable":true,"href":"https:\/\/www.cxjsmartcard.com\/da\/wp-json\/wp\/v2\/product_cat?post=682"},{"taxonomy":"product_tag","embeddable":true,"href":"https:\/\/www.cxjsmartcard.com\/da\/wp-json\/wp\/v2\/product_tag?post=682"}],"curies":[{"name":"wp","href":"https:\/\/api.w.org\/{rel}","templated":true}]}}