{"id":677,"date":"2025-11-01T11:10:38","date_gmt":"2025-11-01T11:10:38","guid":{"rendered":"https:\/\/www.cxjsmartcard.com\/?post_type=product&#038;p=677"},"modified":"2025-12-29T01:27:11","modified_gmt":"2025-12-29T01:27:11","slug":"stainless-steel-custom-black-metal-nfc-business-cards","status":"publish","type":"product","link":"https:\/\/www.cxjsmartcard.com\/da\/stainless-steel-custom-black-metal-nfc-business-cards\/","title":{"rendered":"Brugerdefinerede NFC-visitkort i rustfrit st\u00e5l i sort metal"},"content":{"rendered":"<p data-start=\"60\" data-end=\"422\">NFC-visitkort i rustfrit st\u00e5l til events, netv\u00e6rk og premium branding. Bygget p\u00e5 13,56 MHz chips (NTAG213\/215\/216, MIFARE S50\/S70, Ultralight) med ISO 14443A-underst\u00f8ttelse; holdbare, vandt\u00e6tte og ridsefaste overflader med brugerdefinerede finish og h\u00e5ndv\u00e6rk til \u00f8jeblikkelig deling ved at trykke for at forbinde.<\/p>\n<p data-start=\"424\" data-end=\"443\"><strong data-start=\"424\" data-end=\"441\">Specifikation<\/strong><\/p>\n<div class=\"_tableContainer_1rjym_1\">\n<div class=\"group _tableWrapper_1rjym_13 flex w-fit flex-col-reverse\" tabindex=\"-1\">\n<table class=\"w-fit min-w-(--thread-content-width)\" data-start=\"444\" data-end=\"1339\">\n<thead data-start=\"444\" data-end=\"462\">\n<tr data-start=\"444\" data-end=\"462\">\n<th data-start=\"444\" data-end=\"451\" data-col-size=\"sm\">Punkt<\/th>\n<th data-start=\"451\" data-end=\"462\" data-col-size=\"md\">Detaljer<\/th>\n<\/tr>\n<\/thead>\n<tbody data-start=\"473\" data-end=\"1339\">\n<tr data-start=\"473\" data-end=\"522\">\n<td data-start=\"473\" data-end=\"488\" data-col-size=\"sm\">Produkttype<\/td>\n<td data-col-size=\"md\" data-start=\"488\" data-end=\"522\">NFC-kort i rustfrit st\u00e5l<\/td>\n<\/tr>\n<tr data-start=\"523\" data-end=\"553\">\n<td data-start=\"523\" data-end=\"534\" data-col-size=\"sm\">Materiale<\/td>\n<td data-col-size=\"md\" data-start=\"534\" data-end=\"553\">Rustfrit st\u00e5l<\/td>\n<\/tr>\n<tr data-start=\"554\" data-end=\"598\">\n<td data-start=\"554\" data-end=\"561\" data-col-size=\"sm\">St\u00f8rrelse<\/td>\n<td data-col-size=\"md\" data-start=\"561\" data-end=\"598\">CR80 (85,5 \u00d7 54 mm) eller tilpasset<\/td>\n<\/tr>\n<tr data-start=\"599\" data-end=\"636\">\n<td data-start=\"599\" data-end=\"611\" data-col-size=\"sm\">Tykkelse<\/td>\n<td data-col-size=\"md\" data-start=\"611\" data-end=\"636\">0,8 mm (kan tilpasses)<\/td>\n<\/tr>\n<tr data-start=\"637\" data-end=\"662\">\n<td data-start=\"637\" data-end=\"649\" data-col-size=\"sm\">Frekvens<\/td>\n<td data-col-size=\"md\" data-start=\"649\" data-end=\"662\">13,56 MHz<\/td>\n<\/tr>\n<tr data-start=\"663\" data-end=\"692\">\n<td data-start=\"663\" data-end=\"674\" data-col-size=\"sm\">Protokol<\/td>\n<td data-col-size=\"md\" data-start=\"674\" data-end=\"692\">ISO\/IEC 14443A<\/td>\n<\/tr>\n<tr data-start=\"693\" data-end=\"791\">\n<td data-start=\"693\" data-end=\"711\" data-col-size=\"sm\">HF-chipmuligheder<\/td>\n<td data-col-size=\"md\" data-start=\"711\" data-end=\"791\">NTAG213 \/ NTAG215 \/ NTAG216 \/ MIFARE S50 (1K) \/ MIFARE S70 (4K) \/ Ultralet<\/td>\n<\/tr>\n<tr data-start=\"792\" data-end=\"859\">\n<td data-start=\"792\" data-end=\"803\" data-col-size=\"sm\">Finisher<\/td>\n<td data-col-size=\"md\" data-start=\"803\" data-end=\"859\">Sort, guld, s\u00f8lv; b\u00f8rstet, spejl, mat, frostet<\/td>\n<\/tr>\n<tr data-start=\"860\" data-end=\"969\">\n<td data-start=\"860\" data-end=\"876\" data-col-size=\"sm\">H\u00e5ndv\u00e6rksmuligheder<\/td>\n<td data-col-size=\"md\" data-start=\"876\" data-end=\"969\">Gravering \/ laser\u00e6tsning \/ silketryk \/ pr\u00e6get nummer \/ QR-kode \/ stregkode \/ UV-spot<\/td>\n<\/tr>\n<tr data-start=\"970\" data-end=\"1053\">\n<td data-start=\"970\" data-end=\"989\" data-col-size=\"sm\">S\u00e6rlige funktioner<\/td>\n<td data-col-size=\"md\" data-start=\"989\" data-end=\"1053\">Vandt\u00e6t, vejrbestandig, ridsefast; mulighed for mini-tag<\/td>\n<\/tr>\n<tr data-start=\"1054\" data-end=\"1124\">\n<td data-start=\"1054\" data-end=\"1070\" data-col-size=\"sm\">Kompatibilitet<\/td>\n<td data-col-size=\"md\" data-start=\"1070\" data-end=\"1124\">Fungerer med NFC-aktiverede smartphones (iOS og Android)<\/td>\n<\/tr>\n<tr data-start=\"1125\" data-end=\"1160\">\n<td data-start=\"1125\" data-end=\"1142\" data-col-size=\"sm\">Certificeringer<\/td>\n<td data-col-size=\"md\" data-start=\"1142\" data-end=\"1160\">ISO, RoHS, SGS<\/td>\n<\/tr>\n<tr data-start=\"1161\" data-end=\"1257\">\n<td data-start=\"1161\" data-end=\"1176\" data-col-size=\"sm\">Applikationer<\/td>\n<td data-start=\"1176\" data-end=\"1257\" data-col-size=\"md\">VIP-arrangementer, fester, koncerter, networking, digitale visitkort, kampagner<\/td>\n<\/tr>\n<tr data-start=\"1258\" data-end=\"1300\">\n<td data-start=\"1258\" data-end=\"1268\" data-col-size=\"sm\">Pr\u00f8ver<\/td>\n<td data-col-size=\"md\" data-start=\"1268\" data-end=\"1300\">Gratis lagerpr\u00f8ver tilg\u00e6ngelige<\/td>\n<\/tr>\n<tr data-start=\"1301\" data-end=\"1339\">\n<td data-start=\"1301\" data-end=\"1319\" data-col-size=\"sm\">Oprindelsessted<\/td>\n<td data-col-size=\"md\" data-start=\"1319\" data-end=\"1339\">Guangdong, Kina<\/td>\n<\/tr>\n<\/tbody>\n<\/table>\n<\/div>\n<\/div>","protected":false},"excerpt":{"rendered":"<p>NFC-visitkort i rustfrit st\u00e5l (CR80, 0,8 mm) med NTAG\/MIFARE-chips, ISO 14443A og brugerdefinerbare sorte metalfinisher til holdbar deling med trykknapfunktion.<\/p>","protected":false},"featured_media":681,"template":"","meta":{"_gspb_post_css":""},"product_brand":[],"product_cat":[15],"product_tag":[],"class_list":{"0":"post-677","1":"product","2":"type-product","3":"status-publish","4":"has-post-thumbnail","6":"product_cat-rfid-cards","8":"first","9":"instock","10":"shipping-taxable","11":"purchasable","12":"product-type-simple"},"_links":{"self":[{"href":"https:\/\/www.cxjsmartcard.com\/da\/wp-json\/wp\/v2\/product\/677","targetHints":{"allow":["GET"]}}],"collection":[{"href":"https:\/\/www.cxjsmartcard.com\/da\/wp-json\/wp\/v2\/product"}],"about":[{"href":"https:\/\/www.cxjsmartcard.com\/da\/wp-json\/wp\/v2\/types\/product"}],"wp:featuredmedia":[{"embeddable":true,"href":"https:\/\/www.cxjsmartcard.com\/da\/wp-json\/wp\/v2\/media\/681"}],"wp:attachment":[{"href":"https:\/\/www.cxjsmartcard.com\/da\/wp-json\/wp\/v2\/media?parent=677"}],"wp:term":[{"taxonomy":"product_brand","embeddable":true,"href":"https:\/\/www.cxjsmartcard.com\/da\/wp-json\/wp\/v2\/product_brand?post=677"},{"taxonomy":"product_cat","embeddable":true,"href":"https:\/\/www.cxjsmartcard.com\/da\/wp-json\/wp\/v2\/product_cat?post=677"},{"taxonomy":"product_tag","embeddable":true,"href":"https:\/\/www.cxjsmartcard.com\/da\/wp-json\/wp\/v2\/product_tag?post=677"}],"curies":[{"name":"wp","href":"https:\/\/api.w.org\/{rel}","templated":true}]}}