{"id":657,"date":"2025-11-01T08:41:57","date_gmt":"2025-11-01T08:41:57","guid":{"rendered":"https:\/\/www.cxjsmartcard.com\/?post_type=product&#038;p=657"},"modified":"2025-12-29T01:27:11","modified_gmt":"2025-12-29T01:27:11","slug":"plastic-pvc-mifare-classic-4k-s70-rfid-card","status":"publish","type":"product","link":"https:\/\/www.cxjsmartcard.com\/da\/plastic-pvc-mifare-classic-4k-s70-rfid-card\/","title":{"rendered":"Plast PVC MIFARE Classic 4K S70 RFID-kort"},"content":{"rendered":"<p data-start=\"50\" data-end=\"378\">Kontaktl\u00f8st 13,56 MHz PVC RFID-kort baseret p\u00e5 MIFARE Classic 4K (S70), designet til adgangskontrol, kontantl\u00f8s betaling, spille-\/underholdningssteder, parkering, campus, events og medlemskab. Standard CR80-st\u00f8rrelse, offset\/digital\/silketrykbar, underst\u00f8tter UID\/seriel\/stregkode\/magnetstribe og chipkodning.<\/p>\n<p data-start=\"380\" data-end=\"399\"><strong data-start=\"380\" data-end=\"397\">Specifikation<\/strong><\/p>\n<div class=\"_tableContainer_1rjym_1\">\n<div class=\"group _tableWrapper_1rjym_13 flex w-fit flex-col-reverse\" tabindex=\"-1\">\n<table class=\"w-fit min-w-(--thread-content-width)\" data-start=\"400\" data-end=\"1455\">\n<thead data-start=\"400\" data-end=\"418\">\n<tr data-start=\"400\" data-end=\"418\">\n<th data-start=\"400\" data-end=\"407\" data-col-size=\"sm\">Punkt<\/th>\n<th data-start=\"407\" data-end=\"418\" data-col-size=\"md\">Detaljer<\/th>\n<\/tr>\n<\/thead>\n<tbody data-start=\"429\" data-end=\"1455\">\n<tr data-start=\"429\" data-end=\"491\">\n<td data-start=\"429\" data-end=\"444\" data-col-size=\"sm\">Produktnavn<\/td>\n<td data-col-size=\"md\" data-start=\"444\" data-end=\"491\">Plast PVC MIFARE Classic 4K S70 RFID-kort<\/td>\n<\/tr>\n<tr data-start=\"492\" data-end=\"584\">\n<td data-start=\"492\" data-end=\"514\" data-col-size=\"sm\">Chip-\/RFID-muligheder<\/td>\n<td data-col-size=\"md\" data-start=\"514\" data-end=\"584\">MIFARE Classic 4K S70; ogs\u00e5 MIFARE Ultralight EV1\/C\/AES (valgfrit)<\/td>\n<\/tr>\n<tr data-start=\"585\" data-end=\"614\">\n<td data-start=\"585\" data-end=\"596\" data-col-size=\"sm\">Protokol<\/td>\n<td data-col-size=\"md\" data-start=\"596\" data-end=\"614\">ISO\/IEC 14443A<\/td>\n<\/tr>\n<tr data-start=\"615\" data-end=\"640\">\n<td data-start=\"615\" data-end=\"627\" data-col-size=\"sm\">Frekvens<\/td>\n<td data-start=\"627\" data-end=\"640\" data-col-size=\"md\">13,56 MHz<\/td>\n<\/tr>\n<tr data-start=\"641\" data-end=\"721\">\n<td data-start=\"641\" data-end=\"650\" data-col-size=\"sm\">Hukommelse<\/td>\n<td data-start=\"650\" data-end=\"721\" data-col-size=\"md\">4 KB EEPROM (organiseret i 16 sektorer \u00d7 4 blokke, multiapplikation)<\/td>\n<\/tr>\n<tr data-start=\"722\" data-end=\"764\">\n<td data-start=\"722\" data-end=\"745\" data-col-size=\"sm\">L\u00e6se-\/skriveudholdenhed<\/td>\n<td data-col-size=\"md\" data-start=\"745\" data-end=\"764\">\u2265100.000 cyklusser<\/td>\n<\/tr>\n<tr data-start=\"765\" data-end=\"820\">\n<td data-start=\"765\" data-end=\"782\" data-col-size=\"sm\">Dataintegritet<\/td>\n<td data-start=\"782\" data-end=\"820\" data-col-size=\"md\">16-bit CRC, paritet, anti-kollision<\/td>\n<\/tr>\n<tr data-start=\"821\" data-end=\"888\">\n<td data-start=\"821\" data-end=\"833\" data-col-size=\"sm\">Kortst\u00f8rrelse<\/td>\n<td data-col-size=\"md\" data-start=\"833\" data-end=\"888\">CR80, 85,5 \u00d7 54 mm; tykkelse 0,84\u20130,88 mm (specialfremstillet)<\/td>\n<\/tr>\n<tr data-start=\"889\" data-end=\"931\">\n<td data-start=\"889\" data-end=\"900\" data-col-size=\"sm\">Materiale<\/td>\n<td data-col-size=\"md\" data-start=\"900\" data-end=\"931\">PVC af h\u00f8j kvalitet, printbar<\/td>\n<\/tr>\n<tr data-start=\"932\" data-end=\"1001\">\n<td data-start=\"932\" data-end=\"943\" data-col-size=\"sm\">Trykning<\/td>\n<td data-start=\"943\" data-end=\"1001\" data-col-size=\"md\">Heidelberg offset \/ Digital \/ Silketryk \/ Fuld farve<\/td>\n<\/tr>\n<tr data-start=\"1002\" data-end=\"1098\">\n<td data-start=\"1002\" data-end=\"1016\" data-col-size=\"sm\">Korth\u00e5ndv\u00e6rk<\/td>\n<td data-col-size=\"md\" data-start=\"1016\" data-end=\"1098\">Serienummer, Chip UID, QR\/stregkode, Magnetstribe (HICO\/LOCO), Signaturpanel<\/td>\n<\/tr>\n<tr data-start=\"1099\" data-end=\"1169\">\n<td data-start=\"1099\" data-end=\"1118\" data-col-size=\"sm\">Kodningstjeneste<\/td>\n<td data-col-size=\"md\" data-start=\"1118\" data-end=\"1169\">URL, tekst, tal, sektorn\u00f8gler, l\u00e5s\/kryptering<\/td>\n<\/tr>\n<tr data-start=\"1170\" data-end=\"1241\">\n<td data-start=\"1170\" data-end=\"1180\" data-col-size=\"sm\">Pakke<\/td>\n<td data-col-size=\"md\" data-start=\"1180\" data-end=\"1241\">200 stk.\/kasse; 2000 stk.\/karton (specialfremstillet emballage tilg\u00e6ngelig)<\/td>\n<\/tr>\n<tr data-start=\"1242\" data-end=\"1306\">\n<td data-start=\"1242\" data-end=\"1260\" data-col-size=\"sm\">Kvalitetskontrol<\/td>\n<td data-start=\"1260\" data-end=\"1306\" data-col-size=\"md\">100% chipf\u00f8lsomhedstest f\u00f8r forsendelse<\/td>\n<\/tr>\n<tr data-start=\"1307\" data-end=\"1347\">\n<td data-start=\"1307\" data-end=\"1313\" data-col-size=\"sm\">MOQ<\/td>\n<td data-start=\"1313\" data-end=\"1347\" data-col-size=\"md\">500 stk. (med specialtryk)<\/td>\n<\/tr>\n<tr data-start=\"1348\" data-end=\"1455\">\n<td data-start=\"1348\" data-end=\"1363\" data-col-size=\"sm\">Applikationer<\/td>\n<td data-start=\"1363\" data-end=\"1455\" data-col-size=\"md\">Adgangskontrol, kontantl\u00f8s betaling, spil, underholdning, medlemskab, transportbilletter<\/td>\n<\/tr>\n<\/tbody>\n<\/table>\n<\/div>\n<\/div>\n<p data-start=\"1457\" data-end=\"1471\"><strong data-start=\"1457\" data-end=\"1469\">Funktioner<\/strong><\/p>\n<ul data-start=\"1472\" data-end=\"1754\">\n<li data-start=\"1472\" data-end=\"1530\">\n<p data-start=\"1474\" data-end=\"1530\">Kontaktl\u00f8s dataoverf\u00f8rsel og str\u00f8mforsyning, intet batteri<\/p>\n<\/li>\n<li data-start=\"1531\" data-end=\"1595\">\n<p data-start=\"1533\" data-end=\"1595\">Driftsafstand op til ~100 mm (afh\u00e6nger af antenne\/l\u00e6ser)<\/p>\n<\/li>\n<li data-start=\"1596\" data-end=\"1630\">\n<p data-start=\"1598\" data-end=\"1630\">Hurtig billetsalg\/indgang (&lt;100 ms)<\/p>\n<\/li>\n<li data-start=\"1631\" data-end=\"1664\">\n<p data-start=\"1633\" data-end=\"1664\">Unikt serienummer pr. kort<\/p>\n<\/li>\n<li data-start=\"1665\" data-end=\"1714\">\n<p data-start=\"1667\" data-end=\"1714\">Underst\u00f8tter flere applikationer med n\u00f8glehierarki<\/p>\n<\/li>\n<li data-start=\"1715\" data-end=\"1754\">\n<p data-start=\"1717\" data-end=\"1754\">Kan forblive i pungen under transaktionen<\/p>\n<\/li>\n<\/ul>","protected":false},"excerpt":{"rendered":"<p>PVC 13,56 MHz MIFARE Classic 4K S70 kontaktl\u00f8st kort, ISO14443A, printbart, med kodning og personalisering til adgang, betaling og underholdningssteder.<\/p>","protected":false},"featured_media":658,"template":"","meta":{"_gspb_post_css":""},"product_brand":[],"product_cat":[15],"product_tag":[],"class_list":{"0":"post-657","1":"product","2":"type-product","3":"status-publish","4":"has-post-thumbnail","6":"product_cat-rfid-cards","8":"first","9":"instock","10":"shipping-taxable","11":"purchasable","12":"product-type-simple"},"_links":{"self":[{"href":"https:\/\/www.cxjsmartcard.com\/da\/wp-json\/wp\/v2\/product\/657","targetHints":{"allow":["GET"]}}],"collection":[{"href":"https:\/\/www.cxjsmartcard.com\/da\/wp-json\/wp\/v2\/product"}],"about":[{"href":"https:\/\/www.cxjsmartcard.com\/da\/wp-json\/wp\/v2\/types\/product"}],"wp:featuredmedia":[{"embeddable":true,"href":"https:\/\/www.cxjsmartcard.com\/da\/wp-json\/wp\/v2\/media\/658"}],"wp:attachment":[{"href":"https:\/\/www.cxjsmartcard.com\/da\/wp-json\/wp\/v2\/media?parent=657"}],"wp:term":[{"taxonomy":"product_brand","embeddable":true,"href":"https:\/\/www.cxjsmartcard.com\/da\/wp-json\/wp\/v2\/product_brand?post=657"},{"taxonomy":"product_cat","embeddable":true,"href":"https:\/\/www.cxjsmartcard.com\/da\/wp-json\/wp\/v2\/product_cat?post=657"},{"taxonomy":"product_tag","embeddable":true,"href":"https:\/\/www.cxjsmartcard.com\/da\/wp-json\/wp\/v2\/product_tag?post=657"}],"curies":[{"name":"wp","href":"https:\/\/api.w.org\/{rel}","templated":true}]}}