{"id":652,"date":"2025-11-01T08:38:58","date_gmt":"2025-11-01T08:38:58","guid":{"rendered":"https:\/\/www.cxjsmartcard.com\/?post_type=product&#038;p=652"},"modified":"2025-12-29T01:27:12","modified_gmt":"2025-12-29T01:27:12","slug":"nxp-ntag213-blank-white-nfc-cards","status":"publish","type":"product","link":"https:\/\/www.cxjsmartcard.com\/da\/nxp-ntag213-blank-white-nfc-cards\/","title":{"rendered":"NXP NTAG213 Blanke Hvide NFC-kort"},"content":{"rendered":"<p data-start=\"40\" data-end=\"379\">Blanke, hvide NFC-kort med \u00e6gte NXP NTAG213-chip, kompatibel med NFC Forum Type 2 Tag og ISO\/IEC 14443A, designet til smart marketing, produktgodkendelse, URL\/APP-lancering, loyalitetsprogrammer, spil og parring af forbrugerelektronik. 13,56 MHz HF, stabil RF-ydeevne, adgangskodebeskyttelse og underst\u00f8ttelse af pr\u00e6kodning.<\/p>\n<p data-start=\"381\" data-end=\"400\"><strong data-start=\"381\" data-end=\"398\">Specifikation<\/strong><\/p>\n<div class=\"_tableContainer_1rjym_1\">\n<div class=\"group _tableWrapper_1rjym_13 flex w-fit flex-col-reverse\" tabindex=\"-1\">\n<table class=\"w-fit min-w-(--thread-content-width)\" data-start=\"401\" data-end=\"1193\">\n<thead data-start=\"401\" data-end=\"419\">\n<tr data-start=\"401\" data-end=\"419\">\n<th data-start=\"401\" data-end=\"408\" data-col-size=\"sm\">Punkt<\/th>\n<th data-start=\"408\" data-end=\"419\" data-col-size=\"md\">Detaljer<\/th>\n<\/tr>\n<\/thead>\n<tbody data-start=\"430\" data-end=\"1193\">\n<tr data-start=\"430\" data-end=\"476\">\n<td data-start=\"430\" data-end=\"447\" data-col-size=\"sm\">Chip\/frekvens<\/td>\n<td data-col-size=\"md\" data-start=\"447\" data-end=\"476\">NXP NTAG213, 13,56 MHz HF<\/td>\n<\/tr>\n<tr data-start=\"477\" data-end=\"528\">\n<td data-start=\"477\" data-end=\"488\" data-col-size=\"sm\">Standard<\/td>\n<td data-col-size=\"md\" data-start=\"488\" data-end=\"528\">NFC Forum Type 2-tag, ISO\/IEC 14443A<\/td>\n<\/tr>\n<tr data-start=\"529\" data-end=\"563\">\n<td data-start=\"529\" data-end=\"538\" data-col-size=\"sm\">Hukommelse<\/td>\n<td data-start=\"538\" data-end=\"563\" data-col-size=\"md\">144 bytes brugerhukommelse<\/td>\n<\/tr>\n<tr data-start=\"564\" data-end=\"615\">\n<td data-start=\"564\" data-end=\"571\" data-col-size=\"sm\">St\u00f8rrelse<\/td>\n<td data-col-size=\"md\" data-start=\"571\" data-end=\"615\">85,5 \u00d7 54 \u00d7 0,84 mm (CR80) eller tilpasset<\/td>\n<\/tr>\n<tr data-start=\"616\" data-end=\"665\">\n<td data-start=\"616\" data-end=\"627\" data-col-size=\"sm\">Materiale<\/td>\n<td data-col-size=\"md\" data-start=\"627\" data-end=\"665\">PVC (PET\/PET-G underst\u00f8ttes p\u00e5 foresp\u00f8rgsel)<\/td>\n<\/tr>\n<tr data-start=\"666\" data-end=\"718\">\n<td data-start=\"666\" data-end=\"679\" data-col-size=\"sm\">L\u00e6seomr\u00e5de<\/td>\n<td data-start=\"679\" data-end=\"718\" data-col-size=\"md\">1\u20135 cm (afh\u00e6ngig af l\u00e6ser og antenne)<\/td>\n<\/tr>\n<tr data-start=\"719\" data-end=\"756\">\n<td data-start=\"719\" data-end=\"737\" data-col-size=\"sm\">Skriveudholdenhed<\/td>\n<td data-col-size=\"md\" data-start=\"737\" data-end=\"756\">\u2265100.000 cyklusser<\/td>\n<\/tr>\n<tr data-start=\"757\" data-end=\"801\">\n<td data-start=\"757\" data-end=\"773\" data-col-size=\"sm\">Dataoverf\u00f8rsel<\/td>\n<td data-col-size=\"md\" data-start=\"773\" data-end=\"801\">106 kbit\/s h\u00f8jhastigheds-RF<\/td>\n<\/tr>\n<tr data-start=\"802\" data-end=\"882\">\n<td data-start=\"802\" data-end=\"813\" data-col-size=\"sm\">Sikkerhed<\/td>\n<td data-start=\"813\" data-end=\"882\" data-col-size=\"md\">7-byte UID, adgangskodebeskyttelse, l\u00e5sebits, originalitetssignatur<\/td>\n<\/tr>\n<tr data-start=\"883\" data-end=\"946\">\n<td data-start=\"883\" data-end=\"894\" data-col-size=\"sm\">Trykning<\/td>\n<td data-start=\"894\" data-end=\"946\" data-col-size=\"md\">Silketryk, fuldfarvet CMYK, blank\/mat finish<\/td>\n<\/tr>\n<tr data-start=\"947\" data-end=\"1028\">\n<td data-start=\"947\" data-end=\"965\" data-col-size=\"sm\">Personalisering<\/td>\n<td data-col-size=\"md\" data-start=\"965\" data-end=\"1028\">QR\/stregkode, logo, serienummer, UID-kortl\u00e6gning, URL-forskrivning<\/td>\n<\/tr>\n<tr data-start=\"1029\" data-end=\"1091\">\n<td data-start=\"1029\" data-end=\"1041\" data-col-size=\"sm\">Emballage<\/td>\n<td data-start=\"1041\" data-end=\"1091\" data-col-size=\"md\">200 stk\/kasse, 2000 stk\/karton (ca. 13 kg\/karton)<\/td>\n<\/tr>\n<tr data-start=\"1092\" data-end=\"1193\">\n<td data-start=\"1092\" data-end=\"1107\" data-col-size=\"sm\">Applikationer<\/td>\n<td data-col-size=\"md\" data-start=\"1107\" data-end=\"1193\">Smart reklame, produkt NFC-tag, adgang, betalingsdemo, logistik, O2O, SoLoMo<\/td>\n<\/tr>\n<\/tbody>\n<\/table>\n<\/div>\n<\/div>\n<p data-start=\"1195\" data-end=\"1209\"><strong data-start=\"1195\" data-end=\"1207\">Funktioner<\/strong><\/p>\n<ul data-start=\"1210\" data-end=\"1498\">\n<li data-start=\"1210\" data-end=\"1272\">\n<p data-start=\"1212\" data-end=\"1272\">Hurtig l\u00e6sning (FAST_READ) for at hente en komplet NDEF i \u00e9n kommando<\/p>\n<\/li>\n<li data-start=\"1273\" data-end=\"1327\">\n<p data-start=\"1275\" data-end=\"1327\">God RF-ydeevne til forskellige former\/materialer<\/p>\n<\/li>\n<li data-start=\"1328\" data-end=\"1368\">\n<p data-start=\"1330\" data-end=\"1368\">Feltprogrammerbar skrivebeskyttet l\u00e5sning<\/p>\n<\/li>\n<li data-start=\"1369\" data-end=\"1426\">\n<p data-start=\"1371\" data-end=\"1426\">ECC-baseret originalitetssignatur for chip-\u00e6gthed<\/p>\n<\/li>\n<li data-start=\"1427\" data-end=\"1498\">\n<p data-start=\"1429\" data-end=\"1498\">Anti-kollision \u2013 flere NFC-kort kan l\u00e6ses \u00e9t efter \u00e9t i felten<\/p>\n<\/li>\n<\/ul>","protected":false},"excerpt":{"rendered":"<p>Blanke, hvide 13,56 MHz NXP NTAG213 NFC-kort med 144B-hukommelse, ISO14443A\/NFC Type 2-overholdelse og underst\u00f8ttelse af fuldfarveudskrivning og pr\u00e6kodning.<\/p>","protected":false},"featured_media":653,"template":"","meta":{"_gspb_post_css":""},"product_brand":[],"product_cat":[15],"product_tag":[],"class_list":{"0":"post-652","1":"product","2":"type-product","3":"status-publish","4":"has-post-thumbnail","6":"product_cat-rfid-cards","8":"first","9":"instock","10":"shipping-taxable","11":"purchasable","12":"product-type-simple"},"_links":{"self":[{"href":"https:\/\/www.cxjsmartcard.com\/da\/wp-json\/wp\/v2\/product\/652","targetHints":{"allow":["GET"]}}],"collection":[{"href":"https:\/\/www.cxjsmartcard.com\/da\/wp-json\/wp\/v2\/product"}],"about":[{"href":"https:\/\/www.cxjsmartcard.com\/da\/wp-json\/wp\/v2\/types\/product"}],"wp:featuredmedia":[{"embeddable":true,"href":"https:\/\/www.cxjsmartcard.com\/da\/wp-json\/wp\/v2\/media\/653"}],"wp:attachment":[{"href":"https:\/\/www.cxjsmartcard.com\/da\/wp-json\/wp\/v2\/media?parent=652"}],"wp:term":[{"taxonomy":"product_brand","embeddable":true,"href":"https:\/\/www.cxjsmartcard.com\/da\/wp-json\/wp\/v2\/product_brand?post=652"},{"taxonomy":"product_cat","embeddable":true,"href":"https:\/\/www.cxjsmartcard.com\/da\/wp-json\/wp\/v2\/product_cat?post=652"},{"taxonomy":"product_tag","embeddable":true,"href":"https:\/\/www.cxjsmartcard.com\/da\/wp-json\/wp\/v2\/product_tag?post=652"}],"curies":[{"name":"wp","href":"https:\/\/api.w.org\/{rel}","templated":true}]}}