{"id":648,"date":"2025-11-01T08:35:32","date_gmt":"2025-11-01T08:35:32","guid":{"rendered":"https:\/\/www.cxjsmartcard.com\/?post_type=product&#038;p=648"},"modified":"2025-12-29T01:27:12","modified_gmt":"2025-12-29T01:27:12","slug":"nxp-mifare-desfire-ev2-2k-4k-8k-rfid-cards","status":"publish","type":"product","link":"https:\/\/www.cxjsmartcard.com\/da\/nxp-mifare-desfire-ev2-2k-4k-8k-rfid-cards\/","title":{"rendered":"NXP MIFARE DESFire EV2 2K 4K 8K RFID-kort"},"content":{"rendered":"<p data-start=\"49\" data-end=\"396\">H\u00f8jsikkerheds 13,56 MHz kontaktl\u00f8se kort baseret p\u00e5 NXP MIFARE DESFire EV2, tilg\u00e6ngelige i 2K, 4K og 8K EEPROM. De underst\u00f8tter ISO\/IEC 14443A, AES\/3DES-n\u00f8gler, delegeret applikationsstyring (MIsmartApp), n\u00e6rhedskontrol og VCA for privatliv. Designet til transport, adgangskontrol, campus, hotel- og restaurationsbranchen og bykortprojekter.<\/p>\n<p data-start=\"398\" data-end=\"417\"><strong data-start=\"398\" data-end=\"415\">Specifikation<\/strong><\/p>\n<div class=\"_tableContainer_1rjym_1\">\n<div class=\"group _tableWrapper_1rjym_13 flex w-fit flex-col-reverse\" tabindex=\"-1\">\n<table class=\"w-fit min-w-(--thread-content-width)\" data-start=\"418\" data-end=\"1199\">\n<thead data-start=\"418\" data-end=\"436\">\n<tr data-start=\"418\" data-end=\"436\">\n<th data-start=\"418\" data-end=\"425\" data-col-size=\"sm\">Punkt<\/th>\n<th data-start=\"425\" data-end=\"436\" data-col-size=\"md\">Detaljer<\/th>\n<\/tr>\n<\/thead>\n<tbody data-start=\"447\" data-end=\"1199\">\n<tr data-start=\"447\" data-end=\"480\">\n<td data-start=\"447\" data-end=\"454\" data-col-size=\"sm\">Chip<\/td>\n<td data-col-size=\"md\" data-start=\"454\" data-end=\"480\">NXP MIFARE DESFire EV2<\/td>\n<\/tr>\n<tr data-start=\"481\" data-end=\"557\">\n<td data-start=\"481\" data-end=\"498\" data-col-size=\"sm\">Hukommelsesindstillinger<\/td>\n<td data-col-size=\"md\" data-start=\"498\" data-end=\"557\">2K \/ 4K \/ 8K (underst\u00f8tter ogs\u00e5 h\u00f8jere NV-hukommelse i serie)<\/td>\n<\/tr>\n<tr data-start=\"558\" data-end=\"610\">\n<td data-start=\"558\" data-end=\"572\" data-col-size=\"sm\">RF-standard<\/td>\n<td data-col-size=\"md\" data-start=\"572\" data-end=\"610\">ISO\/IEC 14443 Type A (del 2\/3\/4)<\/td>\n<\/tr>\n<tr data-start=\"611\" data-end=\"636\">\n<td data-start=\"611\" data-end=\"623\" data-col-size=\"sm\">Frekvens<\/td>\n<td data-col-size=\"md\" data-start=\"623\" data-end=\"636\">13,56 MHz<\/td>\n<\/tr>\n<tr data-start=\"637\" data-end=\"681\">\n<td data-start=\"637\" data-end=\"649\" data-col-size=\"sm\">Datahastighed<\/td>\n<td data-col-size=\"md\" data-start=\"649\" data-end=\"681\">106 \/ 212 \/ 424 \/ 848 kbit\/s<\/td>\n<\/tr>\n<tr data-start=\"682\" data-end=\"722\">\n<td data-start=\"682\" data-end=\"688\" data-col-size=\"sm\">UID<\/td>\n<td data-col-size=\"md\" data-start=\"688\" data-end=\"722\">7-byte UID, valgfrit tilf\u00e6ldigt ID<\/td>\n<\/tr>\n<tr data-start=\"723\" data-end=\"795\">\n<td data-start=\"723\" data-end=\"737\" data-col-size=\"sm\">Filsystem<\/td>\n<td data-col-size=\"md\" data-start=\"737\" data-end=\"795\">Op til 32 filer pr. applikation, flere apps pr. PICC<\/td>\n<\/tr>\n<tr data-start=\"796\" data-end=\"871\">\n<td data-start=\"796\" data-end=\"807\" data-col-size=\"sm\">Sikkerhed<\/td>\n<td data-start=\"807\" data-end=\"871\" data-col-size=\"md\">Common Criteria EAL5+, AES-128, gensidig godkendelse med 3 genneml\u00f8b<\/td>\n<\/tr>\n<tr data-start=\"872\" data-end=\"910\">\n<td data-start=\"872\" data-end=\"883\" data-col-size=\"sm\">Materiale<\/td>\n<td data-col-size=\"md\" data-start=\"883\" data-end=\"910\">PVC, ABS, PET, PC osv.<\/td>\n<\/tr>\n<tr data-start=\"911\" data-end=\"946\">\n<td data-start=\"911\" data-end=\"918\" data-col-size=\"sm\">St\u00f8rrelse<\/td>\n<td data-col-size=\"md\" data-start=\"918\" data-end=\"946\">CR80 30mil eller tilpasset<\/td>\n<\/tr>\n<tr data-start=\"947\" data-end=\"985\">\n<td data-start=\"947\" data-end=\"957\" data-col-size=\"sm\">Overflade<\/td>\n<td data-start=\"957\" data-end=\"985\" data-col-size=\"md\">Blank \/ Mat \/ Frostet<\/td>\n<\/tr>\n<tr data-start=\"986\" data-end=\"1028\">\n<td data-start=\"986\" data-end=\"998\" data-col-size=\"sm\">Udskrivbar<\/td>\n<td data-col-size=\"md\" data-start=\"998\" data-end=\"1028\">Termisk, inkjet, UV, laser<\/td>\n<\/tr>\n<tr data-start=\"1029\" data-end=\"1110\">\n<td data-start=\"1029\" data-end=\"1038\" data-col-size=\"sm\">H\u00e5ndv\u00e6rk<\/td>\n<td data-start=\"1038\" data-end=\"1110\" data-col-size=\"md\">Magnetstribe, stregkode\/QR, underskriftspanel, skrabbar, serienummer<\/td>\n<\/tr>\n<tr data-start=\"1111\" data-end=\"1199\">\n<td data-start=\"1111\" data-end=\"1128\" data-col-size=\"sm\">M\u00e5lsystemer<\/td>\n<td data-start=\"1128\" data-end=\"1199\" data-col-size=\"md\">Transportbillettering, bankkonvergens, bykort, adgangskontrol<\/td>\n<\/tr>\n<\/tbody>\n<\/table>\n<\/div>\n<\/div>\n<p data-start=\"1201\" data-end=\"1219\"><strong data-start=\"1201\" data-end=\"1217\">N\u00f8glefunktioner<\/strong><\/p>\n<ul data-start=\"1220\" data-end=\"1537\">\n<li data-start=\"1220\" data-end=\"1251\">\n<p data-start=\"1222\" data-end=\"1251\">H\u00f8jt sikkerhedsniveau (EAL5+)<\/p>\n<\/li>\n<li data-start=\"1252\" data-end=\"1299\">\n<p data-start=\"1254\" data-end=\"1299\">AES sikker messaging svarende til MIFARE Plus<\/p>\n<\/li>\n<li data-start=\"1300\" data-end=\"1351\">\n<p data-start=\"1302\" data-end=\"1351\">MIsmartApp til delegeret applikationsadministration<\/p>\n<\/li>\n<li data-start=\"1352\" data-end=\"1404\">\n<p data-start=\"1354\" data-end=\"1404\">Transaktions-MAC, anti-rivning og hurtig tasterulning<\/p>\n<\/li>\n<li data-start=\"1405\" data-end=\"1477\">\n<p data-start=\"1407\" data-end=\"1477\">Virtuel kortarkitektur (VCA) til kort med flere lejere\/flere tjenester<\/p>\n<\/li>\n<li data-start=\"1478\" data-end=\"1537\">\n<p data-start=\"1480\" data-end=\"1537\">Bagudkompatibilitet med tidligere DESFire-generationer<\/p>\n<\/li>\n<\/ul>","protected":false},"excerpt":{"rendered":"<p>13,56 MHz NXP MIFARE DESFire EV2 RFID-kort (2K\/4K\/8K) med AES-sikkerhed, ISO14443A og fleksibelt filsystem til flere applikationer til transport-, adgangs- og smart city-kort.<\/p>","protected":false},"featured_media":649,"template":"","meta":{"_gspb_post_css":""},"product_brand":[],"product_cat":[15],"product_tag":[],"class_list":{"0":"post-648","1":"product","2":"type-product","3":"status-publish","4":"has-post-thumbnail","6":"product_cat-rfid-cards","8":"first","9":"instock","10":"shipping-taxable","11":"purchasable","12":"product-type-simple"},"_links":{"self":[{"href":"https:\/\/www.cxjsmartcard.com\/da\/wp-json\/wp\/v2\/product\/648","targetHints":{"allow":["GET"]}}],"collection":[{"href":"https:\/\/www.cxjsmartcard.com\/da\/wp-json\/wp\/v2\/product"}],"about":[{"href":"https:\/\/www.cxjsmartcard.com\/da\/wp-json\/wp\/v2\/types\/product"}],"wp:featuredmedia":[{"embeddable":true,"href":"https:\/\/www.cxjsmartcard.com\/da\/wp-json\/wp\/v2\/media\/649"}],"wp:attachment":[{"href":"https:\/\/www.cxjsmartcard.com\/da\/wp-json\/wp\/v2\/media?parent=648"}],"wp:term":[{"taxonomy":"product_brand","embeddable":true,"href":"https:\/\/www.cxjsmartcard.com\/da\/wp-json\/wp\/v2\/product_brand?post=648"},{"taxonomy":"product_cat","embeddable":true,"href":"https:\/\/www.cxjsmartcard.com\/da\/wp-json\/wp\/v2\/product_cat?post=648"},{"taxonomy":"product_tag","embeddable":true,"href":"https:\/\/www.cxjsmartcard.com\/da\/wp-json\/wp\/v2\/product_tag?post=648"}],"curies":[{"name":"wp","href":"https:\/\/api.w.org\/{rel}","templated":true}]}}