{"id":627,"date":"2025-11-01T08:22:49","date_gmt":"2025-11-01T08:22:49","guid":{"rendered":"https:\/\/www.cxjsmartcard.com\/?post_type=product&#038;p=627"},"modified":"2025-12-29T01:27:12","modified_gmt":"2025-12-29T01:27:12","slug":"iso-15693-icode-sli-rfid-smart-nfc-card","status":"publish","type":"product","link":"https:\/\/www.cxjsmartcard.com\/da\/iso-15693-icode-sli-rfid-smart-nfc-card\/","title":{"rendered":"ISO 15693 ICODE SLI RFID Smart NFC-kort"},"content":{"rendered":"<p data-start=\"46\" data-end=\"378\">H\u00f8jtydende ISO 15693 ICODE SLI\/SLIX-serien af RFID smart NFC-kort, der opererer ved 13,56 MHz, har lang l\u00e6seafstand, \u00e6gte anti-kollisions- og adgangskodebeskyttet hukommelse. Ideel til adgangskontrol, hoteld\u00f8rl\u00e5sekort, community management, industriel m\u00e6rkning, biblioteks-\/aktiversporing og smarte navnekort.<\/p>\n<p data-start=\"380\" data-end=\"399\"><strong data-start=\"380\" data-end=\"397\">Specifikation<\/strong><\/p>\n<div class=\"_tableContainer_1rjym_1\">\n<div class=\"group _tableWrapper_1rjym_13 flex w-fit flex-col-reverse\" tabindex=\"-1\">\n<table class=\"w-fit min-w-(--thread-content-width)\" data-start=\"400\" data-end=\"1127\">\n<thead data-start=\"400\" data-end=\"418\">\n<tr data-start=\"400\" data-end=\"418\">\n<th data-start=\"400\" data-end=\"407\" data-col-size=\"sm\">Punkt<\/th>\n<th data-start=\"407\" data-end=\"418\" data-col-size=\"md\">Detaljer<\/th>\n<\/tr>\n<\/thead>\n<tbody data-start=\"429\" data-end=\"1127\">\n<tr data-start=\"429\" data-end=\"487\">\n<td data-start=\"429\" data-end=\"444\" data-col-size=\"sm\">Produktnavn<\/td>\n<td data-start=\"444\" data-end=\"487\" data-col-size=\"md\">ISO 15693 ICODE SLI RFID Smart NFC-kort<\/td>\n<\/tr>\n<tr data-start=\"488\" data-end=\"522\">\n<td data-start=\"488\" data-end=\"499\" data-col-size=\"sm\">Materiale<\/td>\n<td data-start=\"499\" data-end=\"522\" data-col-size=\"md\">PVC- eller OEM-materiale<\/td>\n<\/tr>\n<tr data-start=\"523\" data-end=\"577\">\n<td data-start=\"523\" data-end=\"530\" data-col-size=\"sm\">St\u00f8rrelse<\/td>\n<td data-start=\"530\" data-end=\"577\" data-col-size=\"md\">85,5 \u00d7 54 \u00d7 0,86 mm (brugerdefinerede st\u00f8rrelser accepteres)<\/td>\n<\/tr>\n<tr data-start=\"578\" data-end=\"636\">\n<td data-start=\"578\" data-end=\"593\" data-col-size=\"sm\">Chip-muligheder<\/td>\n<td data-start=\"593\" data-end=\"636\" data-col-size=\"md\">ICODE SLI-S, ICODE SLIX-L, ICODE SLIX-S<\/td>\n<\/tr>\n<tr data-start=\"637\" data-end=\"676\">\n<td data-start=\"637\" data-end=\"648\" data-col-size=\"sm\">Protokol<\/td>\n<td data-start=\"648\" data-end=\"676\" data-col-size=\"md\">ISO\/IEC 15693 (n\u00e6rhed)<\/td>\n<\/tr>\n<tr data-start=\"677\" data-end=\"702\">\n<td data-start=\"677\" data-end=\"689\" data-col-size=\"sm\">Frekvens<\/td>\n<td data-start=\"689\" data-end=\"702\" data-col-size=\"md\">13,56 MHz<\/td>\n<\/tr>\n<tr data-start=\"703\" data-end=\"778\">\n<td data-start=\"703\" data-end=\"712\" data-col-size=\"sm\">Hukommelse<\/td>\n<td data-start=\"712\" data-end=\"778\" data-col-size=\"md\">1024 bit (32 blokke \u00d7 4 bytes) eller 2048 bit afh\u00e6ngigt af chippen<\/td>\n<\/tr>\n<tr data-start=\"779\" data-end=\"814\">\n<td data-start=\"779\" data-end=\"795\" data-col-size=\"sm\">Dataoverf\u00f8rsel<\/td>\n<td data-start=\"795\" data-end=\"814\" data-col-size=\"md\">Op til 53 kbit\/s<\/td>\n<\/tr>\n<tr data-start=\"815\" data-end=\"882\">\n<td data-start=\"815\" data-end=\"837\" data-col-size=\"sm\">L\u00e6se-\/skriveafstand<\/td>\n<td data-start=\"837\" data-end=\"882\" data-col-size=\"md\">Op til 1,5 m (afh\u00e6nger af l\u00e6ser og antenne)<\/td>\n<\/tr>\n<tr data-start=\"883\" data-end=\"927\">\n<td data-start=\"883\" data-end=\"891\" data-col-size=\"sm\">Magt<\/td>\n<td data-start=\"891\" data-end=\"927\" data-col-size=\"md\">Kontaktl\u00f8s, intet batteri n\u00f8dvendigt<\/td>\n<\/tr>\n<tr data-start=\"928\" data-end=\"986\">\n<td data-start=\"928\" data-end=\"939\" data-col-size=\"sm\">Trykning<\/td>\n<td data-start=\"939\" data-end=\"986\" data-col-size=\"md\">Offset \/ Silketryk \/ Digital \/ UV-tryk<\/td>\n<\/tr>\n<tr data-start=\"987\" data-end=\"1040\">\n<td data-start=\"987\" data-end=\"1007\" data-col-size=\"sm\">Teknisk support<\/td>\n<td data-start=\"1007\" data-end=\"1040\" data-col-size=\"md\">Chipkodning, adgangskodeops\u00e6tning<\/td>\n<\/tr>\n<tr data-start=\"1041\" data-end=\"1127\">\n<td data-start=\"1041\" data-end=\"1056\" data-col-size=\"sm\">Applikationer<\/td>\n<td data-start=\"1056\" data-end=\"1127\" data-col-size=\"md\">Adgangskontrol, hoteln\u00f8glekort, community management, navnekort, EAS<\/td>\n<\/tr>\n<\/tbody>\n<\/table>\n<\/div>\n<\/div>\n<p data-start=\"1129\" data-end=\"1158\"><strong data-start=\"1129\" data-end=\"1156\">RF-gr\u00e6nseflade og funktioner<\/strong><\/p>\n<ul data-start=\"1159\" data-end=\"1484\">\n<li data-start=\"1159\" data-end=\"1203\">\n<p data-start=\"1161\" data-end=\"1203\">Kontaktl\u00f8s data- og energioverf\u00f8rsel<\/p>\n<\/li>\n<li data-start=\"1204\" data-end=\"1238\">\n<p data-start=\"1206\" data-end=\"1238\">Driftsafstand op til 1,5 m<\/p>\n<\/li>\n<li data-start=\"1239\" data-end=\"1283\">\n<p data-start=\"1241\" data-end=\"1283\">16-bit CRC, framing, h\u00f8j dataintegritet<\/p>\n<\/li>\n<li data-start=\"1284\" data-end=\"1362\">\n<p data-start=\"1286\" data-end=\"1362\">\u00c6gte anti-kollision: flere tags i marken kan identificeres individuelt<\/p>\n<\/li>\n<li data-start=\"1363\" data-end=\"1390\">\n<p data-start=\"1365\" data-end=\"1390\">EAS-, AFI- og DSFID-underst\u00f8ttelse<\/p>\n<\/li>\n<li data-start=\"1391\" data-end=\"1432\">\n<p data-start=\"1393\" data-end=\"1432\">Skriveafstand lig med l\u00e6seafstand<\/p>\n<\/li>\n<li data-start=\"1433\" data-end=\"1484\">\n<p data-start=\"1435\" data-end=\"1484\">Valgfrie kommandoer til privatliv og destruktion (p\u00e5 SLIX-S)<\/p>\n<\/li>\n<\/ul>\n<p data-start=\"1486\" data-end=\"1509\"><strong data-start=\"1486\" data-end=\"1507\">Hukommelse og sikkerhed<\/strong><\/p>\n<ul data-start=\"1510\" data-end=\"1671\">\n<li data-start=\"1510\" data-end=\"1535\">\n<p data-start=\"1512\" data-end=\"1535\">EEPROM 1024\u20132048 bit<\/p>\n<\/li>\n<li data-start=\"1536\" data-end=\"1566\">\n<p data-start=\"1538\" data-end=\"1566\">10-50 \u00e5rs dataopbevaring<\/p>\n<\/li>\n<li data-start=\"1567\" data-end=\"1591\">\n<p data-start=\"1569\" data-end=\"1591\">100.000 skrivecyklusser<\/p>\n<\/li>\n<li data-start=\"1592\" data-end=\"1620\">\n<p data-start=\"1594\" data-end=\"1620\">L\u00e5semekanisme pr. blok<\/p>\n<\/li>\n<li data-start=\"1621\" data-end=\"1671\">\n<p data-start=\"1623\" data-end=\"1671\">Adgangskodebeskyttet l\u00e6sning\/skrivning, EAS, AFI, privatliv<\/p>\n<\/li>\n<\/ul>","protected":false},"excerpt":{"rendered":"<p>ISO 15693 13,56 MHz ICODE SLI\/SLIX NFC-kort med lang l\u00e6ser\u00e6kkevidde, anti-kollision, sikker hukommelse og fuldfarvetryk til adgangskontrol og hotel-\/n\u00f8glekortprojekter.<\/p>","protected":false},"featured_media":630,"template":"","meta":{"_gspb_post_css":""},"product_brand":[],"product_cat":[15],"product_tag":[],"class_list":{"0":"post-627","1":"product","2":"type-product","3":"status-publish","4":"has-post-thumbnail","6":"product_cat-rfid-cards","8":"first","9":"instock","10":"shipping-taxable","11":"purchasable","12":"product-type-simple"},"_links":{"self":[{"href":"https:\/\/www.cxjsmartcard.com\/da\/wp-json\/wp\/v2\/product\/627","targetHints":{"allow":["GET"]}}],"collection":[{"href":"https:\/\/www.cxjsmartcard.com\/da\/wp-json\/wp\/v2\/product"}],"about":[{"href":"https:\/\/www.cxjsmartcard.com\/da\/wp-json\/wp\/v2\/types\/product"}],"wp:featuredmedia":[{"embeddable":true,"href":"https:\/\/www.cxjsmartcard.com\/da\/wp-json\/wp\/v2\/media\/630"}],"wp:attachment":[{"href":"https:\/\/www.cxjsmartcard.com\/da\/wp-json\/wp\/v2\/media?parent=627"}],"wp:term":[{"taxonomy":"product_brand","embeddable":true,"href":"https:\/\/www.cxjsmartcard.com\/da\/wp-json\/wp\/v2\/product_brand?post=627"},{"taxonomy":"product_cat","embeddable":true,"href":"https:\/\/www.cxjsmartcard.com\/da\/wp-json\/wp\/v2\/product_cat?post=627"},{"taxonomy":"product_tag","embeddable":true,"href":"https:\/\/www.cxjsmartcard.com\/da\/wp-json\/wp\/v2\/product_tag?post=627"}],"curies":[{"name":"wp","href":"https:\/\/api.w.org\/{rel}","templated":true}]}}