{"id":621,"date":"2025-11-01T08:20:22","date_gmt":"2025-11-01T08:20:22","guid":{"rendered":"https:\/\/www.cxjsmartcard.com\/?post_type=product&#038;p=621"},"modified":"2025-12-29T01:27:12","modified_gmt":"2025-12-29T01:27:12","slug":"customized-wooden-bamboo-rfid-hotel-key-card","status":"publish","type":"product","link":"https:\/\/www.cxjsmartcard.com\/da\/customized-wooden-bamboo-rfid-hotel-key-card\/","title":{"rendered":"Tilpasset RFID-hoteln\u00f8glekort i tr\u00e6 i bambus"},"content":{"rendered":"<p data-start=\"51\" data-end=\"378\">Milj\u00f8venligt RFID-hoteln\u00f8glekort i tr\u00e6\/bambus fremstillet af naturlige, bionedbrydelige tr\u00e6materialer, fuldt tilpasseligt med hotellogo, variable data og h\u00e5ndv\u00e6rksmuligheder. Velegnet til hotell\u00e5bnesystemer, adgangskontrol, events, medlemskab, gave- og brandkampagner.<\/p>\n<p data-start=\"380\" data-end=\"399\"><strong data-start=\"380\" data-end=\"397\">Specifikation<\/strong><\/p>\n<div class=\"_tableContainer_1rjym_1\">\n<div class=\"group _tableWrapper_1rjym_13 flex w-fit flex-col-reverse\" tabindex=\"-1\">\n<table class=\"w-fit min-w-(--thread-content-width)\" data-start=\"400\" data-end=\"1166\">\n<thead data-start=\"400\" data-end=\"418\">\n<tr data-start=\"400\" data-end=\"418\">\n<th data-start=\"400\" data-end=\"407\" data-col-size=\"sm\">Punkt<\/th>\n<th data-start=\"407\" data-end=\"418\" data-col-size=\"md\">Detaljer<\/th>\n<\/tr>\n<\/thead>\n<tbody data-start=\"429\" data-end=\"1166\">\n<tr data-start=\"429\" data-end=\"492\">\n<td data-start=\"429\" data-end=\"444\" data-col-size=\"sm\">Produktnavn<\/td>\n<td data-col-size=\"md\" data-start=\"444\" data-end=\"492\">Tilpasset RFID-hoteln\u00f8glekort i tr\u00e6\/bambus<\/td>\n<\/tr>\n<tr data-start=\"493\" data-end=\"582\">\n<td data-start=\"493\" data-end=\"515\" data-col-size=\"sm\">Tilg\u00e6ngelige materialer<\/td>\n<td data-col-size=\"md\" data-start=\"515\" data-end=\"582\">Ahorn, bambus, lind, b\u00f8g, kirseb\u00e6r, sort valn\u00f8d, sapeli, eg<\/td>\n<\/tr>\n<tr data-start=\"583\" data-end=\"637\">\n<td data-start=\"583\" data-end=\"602\" data-col-size=\"sm\">Tykkelse \/ St\u00f8rrelse<\/td>\n<td data-col-size=\"md\" data-start=\"602\" data-end=\"637\">0,8\u20130,84 mm eller 0,76 mm (brugerdefineret)<\/td>\n<\/tr>\n<tr data-start=\"638\" data-end=\"685\">\n<td data-start=\"638\" data-end=\"649\" data-col-size=\"sm\">Protokol<\/td>\n<td data-col-size=\"md\" data-start=\"649\" data-end=\"685\">ISO14443A, ISO15693, ISO18000-6C<\/td>\n<\/tr>\n<tr data-start=\"686\" data-end=\"733\">\n<td data-start=\"686\" data-end=\"698\" data-col-size=\"sm\">Frekvens<\/td>\n<td data-col-size=\"md\" data-start=\"698\" data-end=\"733\">125 kHz, 13,56 MHz, 860\u2013960 MHz<\/td>\n<\/tr>\n<tr data-start=\"734\" data-end=\"791\">\n<td data-start=\"734\" data-end=\"745\" data-col-size=\"sm\">Trykning<\/td>\n<td data-col-size=\"md\" data-start=\"745\" data-end=\"791\">Lasertryk \/ Silketryk \/ 4C-tryk<\/td>\n<\/tr>\n<tr data-start=\"792\" data-end=\"907\">\n<td data-start=\"792\" data-end=\"810\" data-col-size=\"sm\">Valgfrit h\u00e5ndv\u00e6rk<\/td>\n<td data-col-size=\"md\" data-start=\"810\" data-end=\"907\">Varmpresning af s\u00f8lv\/guld, HICO\/LOCO magnetstribe, lasergravering, QR-kode, serienumre<\/td>\n<\/tr>\n<tr data-start=\"908\" data-end=\"998\">\n<td data-start=\"908\" data-end=\"923\" data-col-size=\"sm\">Applikationer<\/td>\n<td data-col-size=\"md\" data-start=\"923\" data-end=\"998\">Adgangskontrol, Betalinger, Events, Loyalitetskontor, Sociale medier, Hoteln\u00f8glekort<\/td>\n<\/tr>\n<tr data-start=\"999\" data-end=\"1035\">\n<td data-start=\"999\" data-end=\"1009\" data-col-size=\"sm\">Pr\u00f8ver<\/td>\n<td data-col-size=\"md\" data-start=\"1009\" data-end=\"1035\">Gratis pr\u00f8ver tilg\u00e6ngelige<\/td>\n<\/tr>\n<tr data-start=\"1036\" data-end=\"1094\">\n<td data-start=\"1036\" data-end=\"1060\" data-col-size=\"sm\">Milj\u00f8funktion<\/td>\n<td data-col-size=\"md\" data-start=\"1060\" data-end=\"1094\">Biologisk nedbrydelig, 100% genanvendelig<\/td>\n<\/tr>\n<tr data-start=\"1095\" data-end=\"1166\">\n<td data-start=\"1095\" data-end=\"1103\" data-col-size=\"sm\">Noter<\/td>\n<td data-start=\"1103\" data-end=\"1166\" data-col-size=\"md\">Naturtr\u00e6 kan for\u00e5rsage variationer i \u00e5retegning\/farve efter trykning<\/td>\n<\/tr>\n<\/tbody>\n<\/table>\n<\/div>\n<\/div>\n<p data-start=\"1168\" data-end=\"1182\"><strong data-start=\"1168\" data-end=\"1180\">Funktioner<\/strong><\/p>\n<ul data-start=\"1183\" data-end=\"1529\">\n<li data-start=\"1183\" data-end=\"1244\">\n<p data-start=\"1185\" data-end=\"1244\">Naturligt tr\u00e6kort til erstatning af plastikn\u00f8glekort til hoteller<\/p>\n<\/li>\n<li data-start=\"1245\" data-end=\"1320\">\n<p data-start=\"1247\" data-end=\"1320\">Underst\u00f8tter almindelige RFID-standarder (LF\/HF\/UHF) til hotel- og bygningsl\u00e5se<\/p>\n<\/li>\n<li data-start=\"1321\" data-end=\"1396\">\n<p data-start=\"1323\" data-end=\"1396\">Flere tr\u00e6sorter, der matcher m\u00e6rkets tone (bambus for \u00f8ko, valn\u00f8d for premium)<\/p>\n<\/li>\n<li data-start=\"1397\" data-end=\"1457\">\n<p data-start=\"1399\" data-end=\"1457\">Underst\u00f8tter logogravering og varmfolie til boutiquehoteller<\/p>\n<\/li>\n<li data-start=\"1458\" data-end=\"1529\">\n<p data-start=\"1460\" data-end=\"1529\">Kan bruges som medlemskabs-\/gave-\/VIP-\/eventkort i hotel- og restaurationsbranchen<\/p>\n<\/li>\n<\/ul>","protected":false},"excerpt":{"rendered":"<p>Biologisk nedbrydeligt RFID-hoteln\u00f8glekort i tr\u00e6\/bambus med ISO14443A\/ISO15693-kompatibilitet, brugerdefineret logotryk og f\u00f8rsteklasses \u00f8ko-finish til hoteller og adgangskontrol.<\/p>","protected":false},"featured_media":625,"template":"","meta":{"_gspb_post_css":""},"product_brand":[],"product_cat":[15],"product_tag":[],"class_list":{"0":"post-621","1":"product","2":"type-product","3":"status-publish","4":"has-post-thumbnail","6":"product_cat-rfid-cards","8":"first","9":"instock","10":"shipping-taxable","11":"purchasable","12":"product-type-simple"},"_links":{"self":[{"href":"https:\/\/www.cxjsmartcard.com\/da\/wp-json\/wp\/v2\/product\/621","targetHints":{"allow":["GET"]}}],"collection":[{"href":"https:\/\/www.cxjsmartcard.com\/da\/wp-json\/wp\/v2\/product"}],"about":[{"href":"https:\/\/www.cxjsmartcard.com\/da\/wp-json\/wp\/v2\/types\/product"}],"wp:featuredmedia":[{"embeddable":true,"href":"https:\/\/www.cxjsmartcard.com\/da\/wp-json\/wp\/v2\/media\/625"}],"wp:attachment":[{"href":"https:\/\/www.cxjsmartcard.com\/da\/wp-json\/wp\/v2\/media?parent=621"}],"wp:term":[{"taxonomy":"product_brand","embeddable":true,"href":"https:\/\/www.cxjsmartcard.com\/da\/wp-json\/wp\/v2\/product_brand?post=621"},{"taxonomy":"product_cat","embeddable":true,"href":"https:\/\/www.cxjsmartcard.com\/da\/wp-json\/wp\/v2\/product_cat?post=621"},{"taxonomy":"product_tag","embeddable":true,"href":"https:\/\/www.cxjsmartcard.com\/da\/wp-json\/wp\/v2\/product_tag?post=621"}],"curies":[{"name":"wp","href":"https:\/\/api.w.org\/{rel}","templated":true}]}}