{"id":615,"date":"2025-11-01T08:18:22","date_gmt":"2025-11-01T08:18:22","guid":{"rendered":"https:\/\/www.cxjsmartcard.com\/?post_type=product&#038;p=615"},"modified":"2025-12-29T01:27:12","modified_gmt":"2025-12-29T01:27:12","slug":"contactless-credit-protector-nfc-bank-anti-theft-rfid-blocking-card","status":"publish","type":"product","link":"https:\/\/www.cxjsmartcard.com\/da\/contactless-credit-protector-nfc-bank-anti-theft-rfid-blocking-card\/","title":{"rendered":"Kontaktl\u00f8s kreditbeskytter NFC Bank Anti-tyveri RFID-blokerende kort"},"content":{"rendered":"<p data-start=\"74\" data-end=\"353\">Kontaktl\u00f8st RFID-blokeringskort, der beskytter 13,56 MHz NFC-signaler for at forhindre skimming af bankkort og ID-kort. Slank PVC-konstruktion, CMYK-tilpasning i fuld farve og nem brug \u2013 \u00e9t kort kan beskytte flere kontaktl\u00f8se kort i samme pung.<\/p>\n<p data-start=\"355\" data-end=\"374\"><strong data-start=\"355\" data-end=\"372\">Specifikation<\/strong><\/p>\n<div class=\"_tableContainer_1rjym_1\">\n<div class=\"group _tableWrapper_1rjym_13 flex w-fit flex-col-reverse\" tabindex=\"-1\">\n<table class=\"w-fit min-w-(--thread-content-width)\" data-start=\"375\" data-end=\"676\">\n<thead data-start=\"375\" data-end=\"393\">\n<tr data-start=\"375\" data-end=\"393\">\n<th data-start=\"375\" data-end=\"382\" data-col-size=\"sm\">Punkt<\/th>\n<th data-start=\"382\" data-end=\"393\" data-col-size=\"md\">Detaljer<\/th>\n<\/tr>\n<\/thead>\n<tbody data-start=\"404\" data-end=\"676\">\n<tr data-start=\"404\" data-end=\"440\">\n<td data-start=\"404\" data-end=\"415\" data-col-size=\"sm\">Materiale<\/td>\n<td data-col-size=\"md\" data-start=\"415\" data-end=\"440\">PVC + blokeringsmodul<\/td>\n<\/tr>\n<tr data-start=\"441\" data-end=\"471\">\n<td data-start=\"441\" data-end=\"448\" data-col-size=\"sm\">St\u00f8rrelse<\/td>\n<td data-col-size=\"md\" data-start=\"448\" data-end=\"471\">85,5 \u00d7 54 mm (CR80)<\/td>\n<\/tr>\n<tr data-start=\"472\" data-end=\"499\">\n<td data-start=\"472\" data-end=\"484\" data-col-size=\"sm\">Tykkelse<\/td>\n<td data-col-size=\"md\" data-start=\"484\" data-end=\"499\">0,76\u20131,5 mm<\/td>\n<\/tr>\n<tr data-start=\"500\" data-end=\"530\">\n<td data-start=\"500\" data-end=\"511\" data-col-size=\"sm\">Trykning<\/td>\n<td data-col-size=\"md\" data-start=\"511\" data-end=\"530\">CMYK fuldfarve<\/td>\n<\/tr>\n<tr data-start=\"531\" data-end=\"568\">\n<td data-start=\"531\" data-end=\"552\" data-col-size=\"sm\">Blokeringsfrekvens<\/td>\n<td data-col-size=\"md\" data-start=\"552\" data-end=\"568\">HF 13,56 MHz<\/td>\n<\/tr>\n<tr data-start=\"569\" data-end=\"627\">\n<td data-start=\"569\" data-end=\"579\" data-col-size=\"sm\">Pakke<\/td>\n<td data-col-size=\"md\" data-start=\"579\" data-end=\"627\">OPP-pose; karton (brugerdefineret emballage tilg\u00e6ngelig)<\/td>\n<\/tr>\n<tr data-start=\"628\" data-end=\"676\">\n<td data-start=\"628\" data-end=\"640\" data-col-size=\"sm\">Leveringstid<\/td>\n<td data-col-size=\"md\" data-start=\"640\" data-end=\"676\">7-10 hverdage efter betaling<\/td>\n<\/tr>\n<\/tbody>\n<\/table>\n<\/div>\n<\/div>\n<p data-start=\"678\" data-end=\"956\"><strong data-start=\"678\" data-end=\"694\">S\u00e5dan fungerer det<\/strong><br data-start=\"694\" data-end=\"697\" \/>RFID\/NFC-kort bruger radiob\u00f8lger og skaber sm\u00e5 elektromagnetiske felter, der kan l\u00e6ses p\u00e5 t\u00e6t hold. Blokeringskortet introducerer interferens, der forstyrrer RF-signalet og forhindrer uautoriserede l\u00e6sere i at f\u00e5 adgang til data p\u00e5 kontaktl\u00f8se kort i n\u00e6rheden.<\/p>\n<p data-start=\"958\" data-end=\"976\"><strong data-start=\"958\" data-end=\"974\">Vigtigste fordele<\/strong><\/p>\n<ul data-start=\"977\" data-end=\"1247\">\n<li data-start=\"977\" data-end=\"1034\">\n<p data-start=\"979\" data-end=\"1034\">Forhindrer RFID\/NFC-tyveri af kredit-\/betalingskort og ID-kort<\/p>\n<\/li>\n<li data-start=\"1035\" data-end=\"1078\">\n<p data-start=\"1037\" data-end=\"1078\">Erstatter klodsede blokerende tegneb\u00f8ger\/\u00e6rmer<\/p>\n<\/li>\n<li data-start=\"1079\" data-end=\"1141\">\n<p data-start=\"1081\" data-end=\"1141\">\u00c9t kort beskytter alle kontaktl\u00f8se kort i en punglomme<\/p>\n<\/li>\n<li data-start=\"1142\" data-end=\"1190\">\n<p data-start=\"1144\" data-end=\"1190\">Nem at teste med enhver NFC-aktiveret smartphone<\/p>\n<\/li>\n<li data-start=\"1191\" data-end=\"1247\">\n<p data-start=\"1193\" data-end=\"1247\">Holdbar PVC; underst\u00f8tter brugerdefineret kunst og logotryk<\/p>\n<\/li>\n<\/ul>","protected":false},"excerpt":{"rendered":"<p>Tyndt PVC RFID-blokeringskort, der beskytter 13,56 MHz NFC-kort mod skimming; \u00e9t kort beskytter flere kort og underst\u00f8tter tilpasning af CMYK i fuld farve.<\/p>","protected":false},"featured_media":618,"template":"","meta":{"_gspb_post_css":""},"product_brand":[],"product_cat":[15],"product_tag":[],"class_list":{"0":"post-615","1":"product","2":"type-product","3":"status-publish","4":"has-post-thumbnail","6":"product_cat-rfid-cards","8":"first","9":"instock","10":"shipping-taxable","11":"purchasable","12":"product-type-simple"},"_links":{"self":[{"href":"https:\/\/www.cxjsmartcard.com\/da\/wp-json\/wp\/v2\/product\/615","targetHints":{"allow":["GET"]}}],"collection":[{"href":"https:\/\/www.cxjsmartcard.com\/da\/wp-json\/wp\/v2\/product"}],"about":[{"href":"https:\/\/www.cxjsmartcard.com\/da\/wp-json\/wp\/v2\/types\/product"}],"wp:featuredmedia":[{"embeddable":true,"href":"https:\/\/www.cxjsmartcard.com\/da\/wp-json\/wp\/v2\/media\/618"}],"wp:attachment":[{"href":"https:\/\/www.cxjsmartcard.com\/da\/wp-json\/wp\/v2\/media?parent=615"}],"wp:term":[{"taxonomy":"product_brand","embeddable":true,"href":"https:\/\/www.cxjsmartcard.com\/da\/wp-json\/wp\/v2\/product_brand?post=615"},{"taxonomy":"product_cat","embeddable":true,"href":"https:\/\/www.cxjsmartcard.com\/da\/wp-json\/wp\/v2\/product_cat?post=615"},{"taxonomy":"product_tag","embeddable":true,"href":"https:\/\/www.cxjsmartcard.com\/da\/wp-json\/wp\/v2\/product_tag?post=615"}],"curies":[{"name":"wp","href":"https:\/\/api.w.org\/{rel}","templated":true}]}}