{"id":608,"date":"2025-11-01T08:15:35","date_gmt":"2025-11-01T08:15:35","guid":{"rendered":"https:\/\/www.cxjsmartcard.com\/?post_type=product&#038;p=608"},"modified":"2025-12-29T01:27:12","modified_gmt":"2025-12-29T01:27:12","slug":"anti-theft-credit-card-protector-rfid-blocking-card","status":"publish","type":"product","link":"https:\/\/www.cxjsmartcard.com\/da\/anti-theft-credit-card-protector-rfid-blocking-card\/","title":{"rendered":"Tyverisikringskreditkortbeskytter RFID-blokerende kort"},"content":{"rendered":"<p data-start=\"58\" data-end=\"460\">RFID-blokerende kort designet til at beskytte kontaktl\u00f8se betalingskort, pas, ID-kort og andre 13,56 MHz smartkort mod uautoriseret scanning. Placer det i samme pung som dit kort, og det skaber et interferensfelt, der blokerer radiob\u00f8lger og forhindrer datatyveri og skimming. Velegnet til banker, finans, rejser, virksomhedsgaver og beskyttelse af personlige oplysninger.<\/p>\n<p data-start=\"462\" data-end=\"481\"><strong data-start=\"462\" data-end=\"479\">Specifikation<\/strong><\/p>\n<div class=\"_tableContainer_1rjym_1\">\n<div class=\"group _tableWrapper_1rjym_13 flex w-fit flex-col-reverse\" tabindex=\"-1\">\n<table class=\"w-fit min-w-(--thread-content-width)\" data-start=\"482\" data-end=\"1365\">\n<thead data-start=\"482\" data-end=\"500\">\n<tr data-start=\"482\" data-end=\"500\">\n<th data-start=\"482\" data-end=\"489\" data-col-size=\"sm\">Punkt<\/th>\n<th data-start=\"489\" data-end=\"500\" data-col-size=\"md\">Detaljer<\/th>\n<\/tr>\n<\/thead>\n<tbody data-start=\"511\" data-end=\"1365\">\n<tr data-start=\"511\" data-end=\"583\">\n<td data-start=\"511\" data-end=\"526\" data-col-size=\"sm\">Produktnavn<\/td>\n<td data-col-size=\"md\" data-start=\"526\" data-end=\"583\">RFID-blokerende kort \/ tyverisikring af kreditkortbeskytter<\/td>\n<\/tr>\n<tr data-start=\"584\" data-end=\"651\">\n<td data-start=\"584\" data-end=\"595\" data-col-size=\"sm\">Fungere<\/td>\n<td data-col-size=\"md\" data-start=\"595\" data-end=\"651\">Blokerer 13,56 MHz RF\/NFC-signaler for at forhindre datatyveri<\/td>\n<\/tr>\n<tr data-start=\"652\" data-end=\"701\">\n<td data-start=\"652\" data-end=\"663\" data-col-size=\"sm\">Materiale<\/td>\n<td data-col-size=\"md\" data-start=\"663\" data-end=\"701\">PVC med indbygget afsk\u00e6rmningsmodul<\/td>\n<\/tr>\n<tr data-start=\"702\" data-end=\"741\">\n<td data-start=\"702\" data-end=\"709\" data-col-size=\"sm\">St\u00f8rrelse<\/td>\n<td data-col-size=\"md\" data-start=\"709\" data-end=\"741\">85,5 \u00d7 54 mm (standard CR80)<\/td>\n<\/tr>\n<tr data-start=\"742\" data-end=\"764\">\n<td data-start=\"742\" data-end=\"754\" data-col-size=\"sm\">Tykkelse<\/td>\n<td data-col-size=\"md\" data-start=\"754\" data-end=\"764\">1,5 mm<\/td>\n<\/tr>\n<tr data-start=\"765\" data-end=\"785\">\n<td data-start=\"765\" data-end=\"774\" data-col-size=\"sm\">V\u00e6gt<\/td>\n<td data-col-size=\"md\" data-start=\"774\" data-end=\"785\">11 g\/stk<\/td>\n<\/tr>\n<tr data-start=\"786\" data-end=\"850\">\n<td data-start=\"786\" data-end=\"808\" data-col-size=\"sm\">Afsk\u00e6rmningsfrekvens<\/td>\n<td data-col-size=\"md\" data-start=\"808\" data-end=\"850\">13,56 MHz (h\u00f8jfrekvente smartkort)<\/td>\n<\/tr>\n<tr data-start=\"851\" data-end=\"899\">\n<td data-start=\"851\" data-end=\"862\" data-col-size=\"sm\">Trykning<\/td>\n<td data-start=\"862\" data-end=\"899\" data-col-size=\"md\">Offsettryk, digitaltryk<\/td>\n<\/tr>\n<tr data-start=\"900\" data-end=\"994\">\n<td data-start=\"900\" data-end=\"919\" data-col-size=\"sm\">Tilg\u00e6ngelige h\u00e5ndv\u00e6rk<\/td>\n<td data-col-size=\"md\" data-start=\"919\" data-end=\"994\">Silketryk, dynamisk QR-kode, dynamisk stregkode, varmpr\u00e6gning, UV-bel\u00e6gning<\/td>\n<\/tr>\n<tr data-start=\"995\" data-end=\"1054\">\n<td data-start=\"995\" data-end=\"1013\" data-col-size=\"sm\">M\u00e6rkningsmetoder<\/td>\n<td data-col-size=\"md\" data-start=\"1013\" data-end=\"1054\">Laserkode, spraykode, pr\u00e6get kode<\/td>\n<\/tr>\n<tr data-start=\"1055\" data-end=\"1131\">\n<td data-start=\"1055\" data-end=\"1063\" data-col-size=\"sm\">Brug<\/td>\n<td data-col-size=\"md\" data-start=\"1063\" data-end=\"1131\">Samles med bankkort\/pas for at blokere tr\u00e5dl\u00f8s afl\u00e6sning<\/td>\n<\/tr>\n<tr data-start=\"1132\" data-end=\"1205\">\n<td data-start=\"1132\" data-end=\"1144\" data-col-size=\"sm\">Emballage<\/td>\n<td data-col-size=\"md\" data-start=\"1144\" data-end=\"1205\">125 stk.\/lille \u00e6ske; 1000 stk.\/karton; 30,5 \u00d7 22,5 \u00d7 20,5 cm<\/td>\n<\/tr>\n<tr data-start=\"1206\" data-end=\"1277\">\n<td data-start=\"1206\" data-end=\"1222\" data-col-size=\"sm\">Tilpasning<\/td>\n<td data-col-size=\"md\" data-start=\"1222\" data-end=\"1277\">Farve, design, logotryk til branding og gaver<\/td>\n<\/tr>\n<tr data-start=\"1278\" data-end=\"1365\">\n<td data-start=\"1278\" data-end=\"1292\" data-col-size=\"sm\">Anvendelse<\/td>\n<td data-start=\"1292\" data-end=\"1365\" data-col-size=\"md\">Kredit-\/betalingskort, ID, k\u00f8rekort, pas, medlemskort<\/td>\n<\/tr>\n<\/tbody>\n<\/table>\n<\/div>\n<\/div>\n<p data-start=\"1367\" data-end=\"1583\"><strong data-start=\"1367\" data-end=\"1383\">S\u00e5dan fungerer det<\/strong><br data-start=\"1383\" data-end=\"1386\" \/>Kortet skaber et beskyttende RF-felt, der forstyrrer l\u00e6sersignalet, s\u00e5 scannere ikke kan l\u00e6se kortdata, selv p\u00e5 t\u00e6t hold. \u00c9t blokerende kort kan beskytte flere kort i den samme punglomme.<\/p>\n<p data-start=\"1585\" data-end=\"1603\"><strong data-start=\"1585\" data-end=\"1601\">Applikationer<\/strong><\/p>\n<ul data-start=\"1604\" data-end=\"1815\">\n<li data-start=\"1604\" data-end=\"1639\">\n<p data-start=\"1606\" data-end=\"1639\">Anti-skimming af kredit-\/debetkort<\/p>\n<\/li>\n<li data-start=\"1640\" data-end=\"1672\">\n<p data-start=\"1642\" data-end=\"1672\">E-pas og ID-beskyttelse<\/p>\n<\/li>\n<li data-start=\"1673\" data-end=\"1713\">\n<p data-start=\"1675\" data-end=\"1713\">NFC-aktiveret smartphone-anti-snooping<\/p>\n<\/li>\n<li data-start=\"1714\" data-end=\"1768\">\n<p data-start=\"1716\" data-end=\"1768\">Firmagaver med sikkerhedsfunktion<\/p>\n<\/li>\n<li data-start=\"1769\" data-end=\"1815\">\n<p data-start=\"1771\" data-end=\"1815\">Alternativ til RFID-blokerende tegneb\u00f8ger\/lommer<\/p>\n<\/li>\n<\/ul>","protected":false},"excerpt":{"rendered":"<p>Tyndt PVC RFID-blokeringskort, der beskytter 13,56 MHz kontaktl\u00f8se kort mod uautoriseret tr\u00e5dl\u00f8s afl\u00e6sning; pungvenligt og fuldt printbart til branding.<\/p>","protected":false},"featured_media":609,"template":"","meta":{"_gspb_post_css":""},"product_brand":[],"product_cat":[15],"product_tag":[],"class_list":{"0":"post-608","1":"product","2":"type-product","3":"status-publish","4":"has-post-thumbnail","6":"product_cat-rfid-cards","8":"first","9":"instock","10":"shipping-taxable","11":"purchasable","12":"product-type-simple"},"_links":{"self":[{"href":"https:\/\/www.cxjsmartcard.com\/da\/wp-json\/wp\/v2\/product\/608","targetHints":{"allow":["GET"]}}],"collection":[{"href":"https:\/\/www.cxjsmartcard.com\/da\/wp-json\/wp\/v2\/product"}],"about":[{"href":"https:\/\/www.cxjsmartcard.com\/da\/wp-json\/wp\/v2\/types\/product"}],"wp:featuredmedia":[{"embeddable":true,"href":"https:\/\/www.cxjsmartcard.com\/da\/wp-json\/wp\/v2\/media\/609"}],"wp:attachment":[{"href":"https:\/\/www.cxjsmartcard.com\/da\/wp-json\/wp\/v2\/media?parent=608"}],"wp:term":[{"taxonomy":"product_brand","embeddable":true,"href":"https:\/\/www.cxjsmartcard.com\/da\/wp-json\/wp\/v2\/product_brand?post=608"},{"taxonomy":"product_cat","embeddable":true,"href":"https:\/\/www.cxjsmartcard.com\/da\/wp-json\/wp\/v2\/product_cat?post=608"},{"taxonomy":"product_tag","embeddable":true,"href":"https:\/\/www.cxjsmartcard.com\/da\/wp-json\/wp\/v2\/product_tag?post=608"}],"curies":[{"name":"wp","href":"https:\/\/api.w.org\/{rel}","templated":true}]}}