{"id":1180,"date":"2025-11-24T08:56:36","date_gmt":"2025-11-24T08:56:36","guid":{"rendered":"https:\/\/www.cxjsmartcard.com\/?post_type=product&#038;p=1180"},"modified":"2025-12-29T01:27:06","modified_gmt":"2025-12-29T01:27:06","slug":"ntag213-rfid-patrol-tag","status":"publish","type":"product","link":"https:\/\/www.cxjsmartcard.com\/da\/ntag213-rfid-patrol-tag\/","title":{"rendered":"Ntag213 RFID-patruljetag"},"content":{"rendered":"<p data-start=\"40\" data-end=\"414\">Ntag213 RFID-patruljetag er en kompakt m\u00f8ntlignende tag designet til patruljering, lager og aktivstyringssystemer. Den er lavet af PVC, ABS eller PPS og er lamineret til en solid skive, der modst\u00e5r vand, fugt og st\u00f8d, s\u00e5 den kan bruges p\u00e5lideligt p\u00e5 d\u00f8re, v\u00e6gge, udstyr og andre ofte h\u00e5ndterede positioner i industrielle milj\u00f8er.<\/p>\n<p data-start=\"416\" data-end=\"763\">Taggen bruger NTAG213 med 144 byte brugerhukommelse og stabil HF-ydeevne, der er velegnet til registrering af patruljekontrolpunkter, aktiv-ID&#039;er, inspektionsregistreringer og andre grundl\u00e6ggende data. Den flade og glatte overflade er praktisk til udskrivning af logoer, serienumre, QR-koder eller stregkoder, hvilket g\u00f8r hver tag til b\u00e5de en identifikationsb\u00e6rer og et brandingelement.<\/p>\n<p data-start=\"765\" data-end=\"1111\">Forskellige materialer og strukturer er tilg\u00e6ngelige afh\u00e6ngigt af anvendelsen. PVC- og ABS-versioner er velegnede til de fleste indend\u00f8rs og udend\u00f8rs anvendelser, mens PPS kan v\u00e6lges til barskere arbejdsforhold. Valgfrie antimetallag hj\u00e6lper med at opretholde l\u00e6seevnen, n\u00e5r taggen er monteret p\u00e5 metaloverflader s\u00e5som skabe, maskiner eller stativer.<\/p>\n<p data-start=\"1113\" data-end=\"1488\">Installationen er fleksibel. Patruljebrikken kan leveres med st\u00e6rk 3M kl\u00e6bebagside til hurtig &quot;peel-and-stick&quot; montering eller med skruehuller til mekanisk fastg\u00f8relse p\u00e5 ru eller vibrationsrige overflader. Forskellige runde st\u00f8rrelser tilbydes, herunder 25 \/ 30 \/ 34 \/ 40 \/ 52 mm, og brugerdefinerede diametre kan produceres p\u00e5 foresp\u00f8rgsel for at matche eksisterende armaturer eller designkrav.<\/p>\n<p data-start=\"1490\" data-end=\"1868\">For at tilpasse sig forskellige systemer kan flere chipfamilier konfigureres. HF-mulighederne inkluderer MIFARE S50, S70, NTAG213\/215\/216, MIFARE Ultralight og I CODE SLIX til brug med almindelige NFC- og RFID-l\u00e6sere. Til langdistanceapplikationer kan UHF-chips som UC G2XL, H3, M4 og M5 v\u00e6lges med l\u00e6seafstande p\u00e5 op til flere meter afh\u00e6ngigt af chiptype, antenne og l\u00e6ser.<\/p>\n<p data-start=\"1870\" data-end=\"2273\">Typisk l\u00e6seafstand varierer fra t\u00e6t p\u00e5 til flere meter (0-6 m) afh\u00e6ngigt af den valgte chip, frekvens og milj\u00f8. Driftstemperaturer fra -25\u2103 til 60\u2103 d\u00e6kker de fleste indend\u00f8rs og semi-udend\u00f8rs patrulje-, logistik- og lagerscenarier. Kunder kan tilpasse st\u00f8rrelse, chiptype, trykmetode (f.eks. silketryk eller offset), overfladekunst, antimetalkonfiguration og installationsform.<\/p>\n<p data-start=\"2275\" data-end=\"2705\">I brug kan Ntag213 RFID-patruljem\u00e6rket fungere som et kontrolpunkt i sikkerhedspatruljesystemer, et ID til paller og kartoner p\u00e5 lagre, en identifikationsetiket til maskiner og udstyr eller et simpelt, holdbart aktivm\u00e6rke til langsigtet ejendomssporing. Det hj\u00e6lper med at forbedre afl\u00e6sningsn\u00f8jagtigheden, fremskynde inspektioner og underst\u00f8tter digitale registre til styringsplatforme inden for logistik, fabrikker, erhvervsbygninger og andre faciliteter.<\/p>","protected":false},"excerpt":{"rendered":"<p>Ntag213 RFID Patrol Tag er en vandt\u00e6t, st\u00f8dsikker m\u00f8nttag lavet af PVC, ABS eller PPS, med 144 byte hukommelse og valgfrit anti-metal design. Den underst\u00f8tter kl\u00e6be- eller skruemontering i flere runde st\u00f8rrelser og tilbyder HF- og UHF-chipmuligheder til lagerstyring, aktivsporing, industrielle applikationer og sikkerhedspatruljering.<\/p>","protected":false},"featured_media":1184,"template":"","meta":{"_gspb_post_css":""},"product_brand":[],"product_cat":[29],"product_tag":[],"class_list":{"0":"post-1180","1":"product","2":"type-product","3":"status-publish","4":"has-post-thumbnail","6":"product_cat-nfc-tags","8":"first","9":"instock","10":"shipping-taxable","11":"purchasable","12":"product-type-simple"},"_links":{"self":[{"href":"https:\/\/www.cxjsmartcard.com\/da\/wp-json\/wp\/v2\/product\/1180","targetHints":{"allow":["GET"]}}],"collection":[{"href":"https:\/\/www.cxjsmartcard.com\/da\/wp-json\/wp\/v2\/product"}],"about":[{"href":"https:\/\/www.cxjsmartcard.com\/da\/wp-json\/wp\/v2\/types\/product"}],"wp:featuredmedia":[{"embeddable":true,"href":"https:\/\/www.cxjsmartcard.com\/da\/wp-json\/wp\/v2\/media\/1184"}],"wp:attachment":[{"href":"https:\/\/www.cxjsmartcard.com\/da\/wp-json\/wp\/v2\/media?parent=1180"}],"wp:term":[{"taxonomy":"product_brand","embeddable":true,"href":"https:\/\/www.cxjsmartcard.com\/da\/wp-json\/wp\/v2\/product_brand?post=1180"},{"taxonomy":"product_cat","embeddable":true,"href":"https:\/\/www.cxjsmartcard.com\/da\/wp-json\/wp\/v2\/product_cat?post=1180"},{"taxonomy":"product_tag","embeddable":true,"href":"https:\/\/www.cxjsmartcard.com\/da\/wp-json\/wp\/v2\/product_tag?post=1180"}],"curies":[{"name":"wp","href":"https:\/\/api.w.org\/{rel}","templated":true}]}}