{"id":1168,"date":"2025-11-24T08:39:53","date_gmt":"2025-11-24T08:39:53","guid":{"rendered":"https:\/\/www.cxjsmartcard.com\/?post_type=product&#038;p=1168"},"modified":"2025-12-29T01:27:06","modified_gmt":"2025-12-29T01:27:06","slug":"custom-logo-nfc-rfid-epoxy-key-tag","status":"publish","type":"product","link":"https:\/\/www.cxjsmartcard.com\/da\/custom-logo-nfc-rfid-epoxy-key-tag\/","title":{"rendered":"Brugerdefineret logo NFC RFID Epoxy n\u00f8gletag"},"content":{"rendered":"<p data-start=\"40\" data-end=\"448\">NFC RFID epoxy-n\u00f8glering med brugerdefineret logo er en kompakt og stilfuld smart n\u00f8glebrikke, der kombinerer holdbarhed, branding og multifunktionel NFC\/RFID-teknologi i \u00e9t produkt. Den er ideel til adgangskontrol, fremm\u00f8destyring, billetsalg, transport, kontantl\u00f8s betaling og produktgodkendelse, samtidig med at den pr\u00e6senterer et f\u00f8rsteklasses udseende, der forbedrer brugertilliden og dit brandimage.<\/p>\n<p data-start=\"450\" data-end=\"753\">Tagget bruger en PVC-base med en glat epoxyharpiksoverflade, hvilket giver den fremragende modstandsdygtighed over for vand, fugt, st\u00f8d, korrosion og daglig slitage. Denne robuste konstruktion g\u00f8r den velegnet til langvarig brug p\u00e5 n\u00f8gleringe, tasker eller n\u00f8glesnore uden at falme eller revne, selv i travle eller udend\u00f8rs milj\u00f8er.<\/p>\n<p data-start=\"755\" data-end=\"1115\">Design og udseende kan tilpasses i h\u00f8j grad. Du kan v\u00e6lge runde, rektangul\u00e6re eller specielle former, definere st\u00f8rrelse og tykkelse og v\u00e6lge mellem blank, mat, laser eller andre brugerdefinerede finish. Logoer, QR-koder, stregkoder, serienumre, m\u00f8nstre og brandelementer i fuld farve kan trykkes p\u00e5 overfladen, s\u00e5 de matcher din virksomhedsidentitet eller kampagnedesign.<\/p>\n<p data-start=\"1117\" data-end=\"1551\">Epoxy-n\u00f8glebrikken underst\u00f8tter en bred vifte af NFC\/RFID-chips og -frekvenser, herunder 13,56 MHz HF (NTAG213\/215\/216, F08, S50, S70, FM11RF08 osv.), samt 125 kHz LF og 860-960 MHz UHF-muligheder p\u00e5 foresp\u00f8rgsel. Den overholder almindelige standarder som ISO\/IEC 14443, ISO\/IEC 15693 og ISO\/IEC 18000, hvilket sikrer kompatibilitet med almindelige l\u00e6sere, d\u00f8radgangssystemer, fremm\u00f8determinaler, billetvalideringsenheder og betalingsenheder.<\/p>\n<p data-start=\"1553\" data-end=\"1941\">Med en typisk l\u00e6seafstand p\u00e5 omkring 2-10 cm (afh\u00e6ngigt af l\u00e6ser og milj\u00f8) og en kontaktl\u00f8s l\u00e6se-\/skrivehastighed p\u00e5 omkring 1 ms kan brugerne nyde en problemfri og hurtig tasteoplevelse i daglige situationer som at \u00e5bne d\u00f8re, stemple ind, stige p\u00e5 busser eller verificere produktets \u00e6gthed. Taggen er fuldst\u00e6ndig passiv og kr\u00e6ver intet batteri, hvilket reducerer vedligeholdelse og forbedrer p\u00e5lideligheden.<\/p>\n<p data-start=\"1943\" data-end=\"2296\">Chippen er designet til lang levetid og underst\u00f8tter mere end 100.000 l\u00e6se-\/skrivecyklusser og en levetid p\u00e5 over 10 \u00e5r. Driftstemperaturer fra -20 \u2103 til +55 \u2103 g\u00f8r det muligt at bruge taggen under b\u00e5de indend\u00f8rs og moderate udend\u00f8rs forhold s\u00e5som kontorer, fabrikker, hoteller, skoler, offentlige transportnetv\u00e6rk, parkeringspladser, skisportssteder og kommunale faciliteter.<\/p>\n<p data-start=\"2298\" data-end=\"2316\"><strong data-start=\"2298\" data-end=\"2314\">N\u00f8glefunktioner<\/strong><\/p>\n<ul data-start=\"2317\" data-end=\"2823\">\n<li data-start=\"2317\" data-end=\"2390\">\n<p data-start=\"2319\" data-end=\"2390\">Vandt\u00e6t og slagfast epoxyoverflade til langvarig daglig brug<\/p>\n<\/li>\n<li data-start=\"2391\" data-end=\"2474\">\n<p data-start=\"2393\" data-end=\"2474\">Fuldt tilpasset udseende: logo, farve, form, tykkelse og overfladefinish<\/p>\n<\/li>\n<li data-start=\"2475\" data-end=\"2564\">\n<p data-start=\"2477\" data-end=\"2564\">Underst\u00f8tter flere chips og frekvenser (HF\/LF\/UHF) til forskellige systemkrav<\/p>\n<\/li>\n<li data-start=\"2565\" data-end=\"2625\">\n<p data-start=\"2567\" data-end=\"2625\">Bred protokolkompatibilitet: ISO\/IEC 14443, 15693, 18000<\/p>\n<\/li>\n<li data-start=\"2626\" data-end=\"2691\">\n<p data-start=\"2628\" data-end=\"2691\">Hurtig, kontaktl\u00f8s scanning med l\u00e6se-\/skrivehastigheder p\u00e5 omkring 1 ms<\/p>\n<\/li>\n<li data-start=\"2692\" data-end=\"2765\">\n<p data-start=\"2694\" data-end=\"2765\">Over 100.000 l\u00e6se-\/skrivecyklusser og mere end 10 \u00e5rs levetid<\/p>\n<\/li>\n<li data-start=\"2766\" data-end=\"2823\">\n<p data-start=\"2768\" data-end=\"2823\">Passivt design uden behov for ekstern str\u00f8mforsyning<\/p>\n<\/li>\n<\/ul>\n<p data-start=\"2825\" data-end=\"2853\"><strong data-start=\"2825\" data-end=\"2851\">Produktspecifikationer<\/strong><\/p>\n<ul data-start=\"2854\" data-end=\"3796\">\n<li data-start=\"2854\" data-end=\"2928\">\n<p data-start=\"2856\" data-end=\"2928\">Produktnavn: NFC Epoxy-n\u00f8glering \/ Epoxy NFC-kort \/ Adgangskontrolkort<\/p>\n<\/li>\n<li data-start=\"2929\" data-end=\"2989\">\n<p data-start=\"2931\" data-end=\"2989\">Materialer: PVC-base + epoxyharpiksoverflade (kan tilpasses)<\/p>\n<\/li>\n<li data-start=\"2990\" data-end=\"3053\">\n<p data-start=\"2992\" data-end=\"3053\">St\u00f8rrelse og form: Rund, rektangul\u00e6r eller specialformet efter behov<\/p>\n<\/li>\n<li data-start=\"3054\" data-end=\"3119\">\n<p data-start=\"3056\" data-end=\"3119\">Overfladeeffekt: Blank, mat, laser eller andre brugerdefinerede finish<\/p>\n<\/li>\n<li data-start=\"3120\" data-end=\"3216\">\n<p data-start=\"3122\" data-end=\"3216\">Chip-muligheder: NTAG213, NTAG215, NTAG216, F08, S50, S70, FM11RF08, N424 og andre efter anmodning<\/p>\n<\/li>\n<li data-start=\"3217\" data-end=\"3291\">\n<p data-start=\"3219\" data-end=\"3291\">Frekvens: 13,56 MHz (HF), valgfri 125 kHz (LF) og 860\u2013960 MHz (UHF)<\/p>\n<\/li>\n<li data-start=\"3292\" data-end=\"3352\">\n<p data-start=\"3294\" data-end=\"3352\">Protokoller: ISO\/IEC 14443 \/ ISO\/IEC 15693 \/ ISO\/IEC 18000<\/p>\n<\/li>\n<li data-start=\"3353\" data-end=\"3427\">\n<p data-start=\"3355\" data-end=\"3427\">L\u00e6seomr\u00e5de: Typisk 2-10 cm (afh\u00e6ngigt af l\u00e6ser og milj\u00f8)<\/p>\n<\/li>\n<li data-start=\"3428\" data-end=\"3462\">\n<p data-start=\"3430\" data-end=\"3462\">L\u00e6se-\/skrivehastighed: Ca. 1 ms<\/p>\n<\/li>\n<li data-start=\"3463\" data-end=\"3500\">\n<p data-start=\"3465\" data-end=\"3500\">L\u00e6se-\/skrivecyklusser: &gt;100.000 gange<\/p>\n<\/li>\n<li data-start=\"3501\" data-end=\"3539\">\n<p data-start=\"3503\" data-end=\"3539\">Driftstemperatur: -20\u2103 ~ +55\u2103<\/p>\n<\/li>\n<li data-start=\"3540\" data-end=\"3567\">\n<p data-start=\"3542\" data-end=\"3567\">Levetid: &gt;10 \u00e5r<\/p>\n<\/li>\n<li data-start=\"3568\" data-end=\"3614\">\n<p data-start=\"3570\" data-end=\"3614\">Str\u00f8mforsyning: Passiv, intet batteri n\u00f8dvendigt<\/p>\n<\/li>\n<li data-start=\"3615\" data-end=\"3685\">\n<p data-start=\"3617\" data-end=\"3685\">Leveringstid: Normalt 10-15 dage, afh\u00e6ngigt af chip og tilpasning<\/p>\n<\/li>\n<li data-start=\"3686\" data-end=\"3796\">\n<p data-start=\"3688\" data-end=\"3796\">Brugerdefinerede muligheder: Logo, QR-kode, stregkode, serienummer, trykstil, form, tykkelse og overfladeeffekt<\/p>\n<\/li>\n<\/ul>\n<p data-start=\"3798\" data-end=\"3824\"><strong data-start=\"3798\" data-end=\"3822\">Typiske anvendelser<\/strong><\/p>\n<ul data-start=\"3825\" data-end=\"4654\">\n<li data-start=\"3825\" data-end=\"3949\">\n<p data-start=\"3827\" data-end=\"3949\"><strong data-start=\"3827\" data-end=\"3856\">Adgangskontrol og sikkerhed<\/strong>D\u00f8radgangskort til kontorer, fabrikker, hoteller, beboelsesejendomme og sikre omr\u00e5der.<\/p>\n<\/li>\n<li data-start=\"3950\" data-end=\"4083\">\n<p data-start=\"3952\" data-end=\"4083\"><strong data-start=\"3952\" data-end=\"3982\">Fremm\u00f8de og tidsregistrering<\/strong>Check-in-systemer til medarbejdere, studerende eller eventpersonale, der kr\u00e6ver hurtig og p\u00e5lidelig identifikation.<\/p>\n<\/li>\n<li data-start=\"4084\" data-end=\"4203\">\n<p data-start=\"4086\" data-end=\"4203\"><strong data-start=\"4086\" data-end=\"4109\">Billetk\u00f8b og betaling<\/strong>Kort til offentlig transport, parkeringsadgang, betalingsl\u00f8sninger med lagret v\u00e6rdi eller medlemskab.<\/p>\n<\/li>\n<li data-start=\"4204\" data-end=\"4351\">\n<p data-start=\"4206\" data-end=\"4351\"><strong data-start=\"4206\" data-end=\"4254\">Produktgodkendelse og anti-forfalskning<\/strong>Unikke m\u00e6rker til m\u00e6rkeelektronik, luksusvarer og l\u00e6gemidler for at verificere \u00e6gtheden.<\/p>\n<\/li>\n<li data-start=\"4352\" data-end=\"4502\">\n<p data-start=\"4354\" data-end=\"4502\"><strong data-start=\"4354\" data-end=\"4380\">Markedsf\u00f8ring og kampagner<\/strong>Medlemskabs- og loyalitetskort, souvenirs til events og interaktiv NFC-markedsf\u00f8ring til sociale medier eller salgsfremmende kampagner.<\/p>\n<\/li>\n<li data-start=\"4503\" data-end=\"4654\">\n<p data-start=\"4505\" data-end=\"4654\"><strong data-start=\"4505\" data-end=\"4524\">S\u00e6rlige sektorer<\/strong>Liftkort, kommunale servicekort, bank-, sundheds- og offentlige applikationer, der kr\u00e6ver holdbare og sikre loginoplysninger.<\/p>\n<\/li>\n<\/ul>\n<p data-start=\"4656\" data-end=\"4712\"><strong data-start=\"4656\" data-end=\"4710\">Hvorfor v\u00e6lge vores brugerdefinerede logo NFC RFID epoxy n\u00f8gleskilt?<\/strong><\/p>\n<ul data-start=\"4713\" data-end=\"5188\">\n<li data-start=\"4713\" data-end=\"4799\">\n<p data-start=\"4715\" data-end=\"4799\">Dokumenteret p\u00e5lidelighed ved brug med h\u00f8j trafik, herunder p\u00e5 n\u00f8gleringe og i n\u00e6rheden af metalgenstande<\/p>\n<\/li>\n<li data-start=\"4800\" data-end=\"4875\">\n<p data-start=\"4802\" data-end=\"4875\">F\u00f8rsteklasses epoxyfinish, der giver et professionelt og moderne udseende<\/p>\n<\/li>\n<li data-start=\"4876\" data-end=\"4964\">\n<p data-start=\"4878\" data-end=\"4964\">Nem, intuitiv brugeroplevelse med hurtig kontaktl\u00f8s scanning og ingen indl\u00e6ringskurve<\/p>\n<\/li>\n<li data-start=\"4965\" data-end=\"5076\">\n<p data-start=\"4967\" data-end=\"5076\">Sikre, giftfri materialer og robust, vandt\u00e6t design, der bevarer ydeevne og udseende over tid<\/p>\n<\/li>\n<li data-start=\"5077\" data-end=\"5188\">\n<p data-start=\"5079\" data-end=\"5188\">H\u00f8j grad af tilpasning, s\u00e5 taggen bliver en st\u00e6rk brandb\u00e6rer snarere end blot et funktionelt kort<\/p>\n<\/li>\n<\/ul>\n<p data-start=\"5190\" data-end=\"5210\"><strong data-start=\"5190\" data-end=\"5208\">Ofte stillede sp\u00f8rgsm\u00e5l (resum\u00e9)<\/strong><\/p>\n<ul data-start=\"5211\" data-end=\"6158\">\n<li data-start=\"5211\" data-end=\"5376\">\n<p data-start=\"5213\" data-end=\"5376\"><strong data-start=\"5213\" data-end=\"5242\">Kompatibilitet med d\u00f8radgang<\/strong>Fungerer med standard 13,56 MHz NFC-l\u00e6sere og ISO14443-baserede systemer, der almindeligvis anvendes p\u00e5 kontorer, hoteller og boligomr\u00e5der.<\/p>\n<\/li>\n<li data-start=\"5377\" data-end=\"5522\">\n<p data-start=\"5379\" data-end=\"5522\"><strong data-start=\"5379\" data-end=\"5410\">Holdbarhed af epoxyoverfladen<\/strong>Epoxy er ridsefast, fugtbestandig og designet til at forblive klar og stabil til langvarig daglig brug.<\/p>\n<\/li>\n<li data-start=\"5523\" data-end=\"5656\">\n<p data-start=\"5525\" data-end=\"5656\"><strong data-start=\"5525\" data-end=\"5550\">Tilpasningsmuligheder<\/strong>Form, st\u00f8rrelse, tykkelse, farve, logo, QR\/stregkoder, serienumre og overfladefinish er alle tilg\u00e6ngelige.<\/p>\n<\/li>\n<li data-start=\"5657\" data-end=\"5789\">\n<p data-start=\"5659\" data-end=\"5789\"><strong data-start=\"5659\" data-end=\"5678\">Underst\u00f8ttede chips<\/strong>NTAG213\/215\/216, F08, S50\/S70, FM11RF08, N424 og andre p\u00e5 foresp\u00f8rgsel for forskellige kapaciteter og funktioner.<\/p>\n<\/li>\n<li data-start=\"5790\" data-end=\"5885\">\n<p data-start=\"5792\" data-end=\"5885\"><strong data-start=\"5792\" data-end=\"5811\">Produktionstid<\/strong>Normalt omkring 10-15 dage afh\u00e6ngigt af m\u00e6ngde, chiptype og artwork.<\/p>\n<\/li>\n<li data-start=\"5886\" data-end=\"6008\">\n<p data-start=\"5888\" data-end=\"6008\"><strong data-start=\"5888\" data-end=\"5910\">Multifunktionel brug<\/strong>\u00c9n tag kan integreres i adgangskontrol-, fremm\u00f8de-, betalings- og godkendelsessystemer.<\/p>\n<\/li>\n<li data-start=\"6009\" data-end=\"6158\">\n<p data-start=\"6011\" data-end=\"6158\"><strong data-start=\"6011\" data-end=\"6035\">Indvirkning p\u00e5 l\u00e6seomr\u00e5de<\/strong>Epoxylaget har minimal effekt; l\u00e6seafstanden afh\u00e6nger prim\u00e6rt af antennedesign og l\u00e6serstyrke, typisk 2-10 cm.<\/p>\n<\/li>\n<\/ul>","protected":false},"excerpt":{"rendered":"<p>Brugerdefinerbar NFC RFID epoxyn\u00f8glering med logotryk, f\u00e5s i flere former, chips og frekvenser. Vandt\u00e6t, holdbart og passivt design til adgangskontrol, fremm\u00f8de, billettering, betaling, markedsf\u00f8ring og produktgodkendelse.<\/p>","protected":false},"featured_media":1170,"template":"","meta":{"_gspb_post_css":""},"product_brand":[],"product_cat":[29],"product_tag":[],"class_list":{"0":"post-1168","1":"product","2":"type-product","3":"status-publish","4":"has-post-thumbnail","6":"product_cat-nfc-tags","8":"first","9":"instock","10":"shipping-taxable","11":"purchasable","12":"product-type-simple"},"_links":{"self":[{"href":"https:\/\/www.cxjsmartcard.com\/da\/wp-json\/wp\/v2\/product\/1168","targetHints":{"allow":["GET"]}}],"collection":[{"href":"https:\/\/www.cxjsmartcard.com\/da\/wp-json\/wp\/v2\/product"}],"about":[{"href":"https:\/\/www.cxjsmartcard.com\/da\/wp-json\/wp\/v2\/types\/product"}],"wp:featuredmedia":[{"embeddable":true,"href":"https:\/\/www.cxjsmartcard.com\/da\/wp-json\/wp\/v2\/media\/1170"}],"wp:attachment":[{"href":"https:\/\/www.cxjsmartcard.com\/da\/wp-json\/wp\/v2\/media?parent=1168"}],"wp:term":[{"taxonomy":"product_brand","embeddable":true,"href":"https:\/\/www.cxjsmartcard.com\/da\/wp-json\/wp\/v2\/product_brand?post=1168"},{"taxonomy":"product_cat","embeddable":true,"href":"https:\/\/www.cxjsmartcard.com\/da\/wp-json\/wp\/v2\/product_cat?post=1168"},{"taxonomy":"product_tag","embeddable":true,"href":"https:\/\/www.cxjsmartcard.com\/da\/wp-json\/wp\/v2\/product_tag?post=1168"}],"curies":[{"name":"wp","href":"https:\/\/api.w.org\/{rel}","templated":true}]}}