{"id":1162,"date":"2025-11-24T08:36:41","date_gmt":"2025-11-24T08:36:41","guid":{"rendered":"https:\/\/www.cxjsmartcard.com\/?post_type=product&#038;p=1162"},"modified":"2025-12-29T01:27:06","modified_gmt":"2025-12-29T01:27:06","slug":"anti-metal-nfc-coin-tag","status":"publish","type":"product","link":"https:\/\/www.cxjsmartcard.com\/da\/anti-metal-nfc-coin-tag\/","title":{"rendered":"Anti-metal NFC-m\u00f8nttag"},"content":{"rendered":"<p data-start=\"31\" data-end=\"547\">NFC-m\u00f8nttaggen er designet til p\u00e5lidelig ydeevne p\u00e5 metaloverflader, er fuldt ud kompatibel med ISO\/IEC 14443A og ISO 18000-3 standarderne og kompatibel med alle 13,56 MHz Type A NFC-l\u00e6sere og -antenner. Den tilbyder en stabil l\u00e6ser\u00e6kkevidde p\u00e5 omkring 1-5 cm (og op til ca. 10 cm afh\u00e6ngigt af l\u00e6serens str\u00f8mstyrke og milj\u00f8), hvilket g\u00f8r den ideel til identifikation og interaktion p\u00e5 t\u00e6t hold i professionelle applikationer s\u00e5som mobilbetaling, e-billettering og produktgodkendelse.<\/p>\n<p data-start=\"549\" data-end=\"877\">Denne metalm\u00f8nttag er bygget med NTAG\u00ae 213, NTAG\u00ae 215 og andre almindelige NFC-chips og tilbyder b\u00e5de 7-byte UID og gener\u00f8se brugerhukommelsesmuligheder (144 bytes eller 504 bytes). Den underst\u00f8tter fuld l\u00e6se-\/skrivefunktion, 10 \u00e5rs dataopbevaring og op til 100.000 programmeringscyklusser, hvilket sikrer langvarig p\u00e5lidelighed i kr\u00e6vende projekter.<\/p>\n<p data-start=\"879\" data-end=\"1222\">Taggen har en kompakt, rund formfaktor p\u00e5 20 mm med en struktur, der er optimeret til metalmilj\u00f8er: aluminiums\u00e6tset antenne p\u00e5 beskyttelsespapir, d\u00e6kket af en vandt\u00e6t PVC-overflade og et anti-metal ferritlag. Denne konstruktion isolerer effektivt NFC-antennen fra metalinterferens, samtidig med at taggen forbliver tynd og nem at integrere.<\/p>\n<p data-start=\"1224\" data-end=\"1464\">Selvkl\u00e6bende bagside g\u00f8r installationen hurtig og nem \u2013 du skal blot fjerne og s\u00e6tte den p\u00e5 metalskabe, v\u00e6rkt\u00f8j, maskiner, d\u00f8re eller andre metalgenstande. Hver \u00e6ske indeholder 200 dele, hvilket g\u00f8r den praktisk til brug i mellemstore og store projekter.<\/p>\n<p data-start=\"1466\" data-end=\"1745\">Til branding- og integrationsbehov underst\u00f8tter taggen omfattende tilpasningsmuligheder: du kan v\u00e6lge forskellige chipmodeller, antennedesigns, materialer, kl\u00e6be-\/limmuligheder samt brugerdefineret trykning og specialfremstilling (s\u00e5som logoer, serienumre, stregkoder, QR-koder eller farvegrafik).<\/p>\n<p data-start=\"1747\" data-end=\"1764\">RFID-parametre<\/p>\n<ul data-start=\"1765\" data-end=\"2167\">\n<li data-start=\"1765\" data-end=\"1798\">\n<p data-start=\"1767\" data-end=\"1798\">Type: Anti-metal NFC-m\u00f8nttag<\/p>\n<\/li>\n<li data-start=\"1799\" data-end=\"1842\">\n<p data-start=\"1801\" data-end=\"1842\">Protokol: ISO\/IEC 14443 A og ISO 18000-3<\/p>\n<\/li>\n<li data-start=\"1843\" data-end=\"1883\">\n<p data-start=\"1845\" data-end=\"1883\">Frekvens: 13,56 MHz (globalt HF-b\u00e5nd)<\/p>\n<\/li>\n<li data-start=\"1884\" data-end=\"1933\">\n<p data-start=\"1886\" data-end=\"1933\">Chip-muligheder: NTAG\u00ae 213, NTAG\u00ae 215 og andre<\/p>\n<\/li>\n<li data-start=\"1934\" data-end=\"1992\">\n<p data-start=\"1936\" data-end=\"1992\">Hukommelse: 7-byte UID; brugerhukommelse 144 bytes eller 504 bytes<\/p>\n<\/li>\n<li data-start=\"1993\" data-end=\"2018\">\n<p data-start=\"1995\" data-end=\"2018\">L\u00e6s\/skriv: Underst\u00f8ttet<\/p>\n<\/li>\n<li data-start=\"2019\" data-end=\"2087\">\n<p data-start=\"2021\" data-end=\"2087\">Typisk l\u00e6seafstand: 1-5 cm (afh\u00e6ngigt af l\u00e6ser og milj\u00f8)<\/p>\n<\/li>\n<li data-start=\"2088\" data-end=\"2122\">\n<p data-start=\"2090\" data-end=\"2122\">Dataopbevaring: Op til 10 \u00e5r<\/p>\n<\/li>\n<li data-start=\"2123\" data-end=\"2167\">\n<p data-start=\"2125\" data-end=\"2167\">Programmeringscyklusser: Op til 100.000 cyklusser<\/p>\n<\/li>\n<\/ul>\n<p data-start=\"2169\" data-end=\"2190\">Fysiske parametre<\/p>\n<ul data-start=\"2191\" data-end=\"2672\">\n<li data-start=\"2191\" data-end=\"2230\">\n<p data-start=\"2193\" data-end=\"2230\">St\u00f8rrelse: Rund m\u00f8ntm\u00e6rke med en diameter p\u00e5 20 mm<\/p>\n<\/li>\n<li data-start=\"2231\" data-end=\"2268\">\n<p data-start=\"2233\" data-end=\"2268\">Underlagsmateriale: Slippapir<\/p>\n<\/li>\n<li data-start=\"2269\" data-end=\"2307\">\n<p data-start=\"2271\" data-end=\"2307\">Antennemateriale: Aluminiums\u00e6tsning<\/p>\n<\/li>\n<li data-start=\"2308\" data-end=\"2376\">\n<p data-start=\"2310\" data-end=\"2376\">Overflademateriale: PVC, vandt\u00e6t, med anti-metal ferritlag<\/p>\n<\/li>\n<li data-start=\"2377\" data-end=\"2433\">\n<p data-start=\"2379\" data-end=\"2433\">Kodning: Underst\u00f8ttet (valgfrit valgfrit pr\u00e6kodning eller blank)<\/p>\n<\/li>\n<li data-start=\"2434\" data-end=\"2494\">\n<p data-start=\"2436\" data-end=\"2494\">Installation: Selvkl\u00e6bende, egnet til metaloverflader<\/p>\n<\/li>\n<li data-start=\"2495\" data-end=\"2534\">\n<p data-start=\"2497\" data-end=\"2534\">Driftstemperatur: -25 \u2103 til +65 \u2103<\/p>\n<\/li>\n<li data-start=\"2535\" data-end=\"2569\">\n<p data-start=\"2537\" data-end=\"2569\">Driftsfugtighed: 20%\u201390% RF<\/p>\n<\/li>\n<li data-start=\"2570\" data-end=\"2596\">\n<p data-start=\"2572\" data-end=\"2596\">Emballage: 200 stk.\/\u00e6ske<\/p>\n<\/li>\n<li data-start=\"2597\" data-end=\"2672\">\n<p data-start=\"2599\" data-end=\"2672\">Tilpasset service: Chip \/ Antenne \/ Materiale \/ Lim \/ Trykning \/ H\u00e5ndv\u00e6rk<\/p>\n<\/li>\n<\/ul>\n<p data-start=\"2674\" data-end=\"2708\">Anvendelser og markedsfordele<\/p>\n<ul data-start=\"2709\" data-end=\"4180\">\n<li data-start=\"2709\" data-end=\"2893\">\n<p data-start=\"2711\" data-end=\"2893\">Mobilbetalinger og kontaktl\u00f8se transaktioner:<br data-start=\"2754\" data-end=\"2757\" \/>Bruges med NFC-aktiverede enheder til hurtig og sikker mobilbetaling, digitale tegneb\u00f8ger og kontantl\u00f8s detailhandel p\u00e5 metaldiske eller terminaler.<\/p>\n<\/li>\n<li data-start=\"2895\" data-end=\"3051\">\n<p data-start=\"2897\" data-end=\"3051\">E-billetter og adgang til events:<br data-start=\"2924\" data-end=\"2927\" \/>Velegnet til koncerter, udstillinger, transport og adgangskontrol til spillesteder, hvilket muligg\u00f8r hurtig scanning og problemfri check-in.<\/p>\n<\/li>\n<li data-start=\"3053\" data-end=\"3229\">\n<p data-start=\"3055\" data-end=\"3229\">Produktgodkendelse og anti-forfalskning:<br data-start=\"3100\" data-end=\"3103\" \/>Hj\u00e6lper med at verificere \u00e6gtheden af m\u00e6rkevarer s\u00e5som elektronik, luksusprodukter eller l\u00e6gemidler for at beskytte brandv\u00e6rdien.<\/p>\n<\/li>\n<li data-start=\"3231\" data-end=\"3396\">\n<p data-start=\"3233\" data-end=\"3396\">Aktivstyring og lagerstyring:<br data-start=\"3271\" data-end=\"3274\" \/>Ideel til m\u00e6rkning af metalv\u00e6rkt\u00f8j, udstyr, reoler og maskiner, hvilket forenkler sporing, opt\u00e6lling og vedligeholdelsesregistreringer.<\/p>\n<\/li>\n<li data-start=\"3398\" data-end=\"3556\">\n<p data-start=\"3400\" data-end=\"3556\">Vagttur-\/patruljesystemer:<br data-start=\"3428\" data-end=\"3431\" \/>Fungerer som patruljekontrolpunkter p\u00e5 metalv\u00e6gge, d\u00f8re eller faciliteter, hvilket giver vagter mulighed for at afm\u00e6rke og logge patruljeruter pr\u00e6cist.<\/p>\n<\/li>\n<li data-start=\"3558\" data-end=\"3713\">\n<p data-start=\"3560\" data-end=\"3713\">Adgangskontrol og smarte l\u00e5se:<br data-start=\"3589\" data-end=\"3592\" \/>Passer til NFC-adgangssystemer p\u00e5 metald\u00f8re eller -karme i kontorer, fabrikker, lagerbygninger og beboelsesejendomme.<\/p>\n<\/li>\n<li data-start=\"3715\" data-end=\"3840\">\n<p data-start=\"3717\" data-end=\"3840\">Fremm\u00f8deh\u00e5ndtering:<br data-start=\"3739\" data-end=\"3742\" \/>Underst\u00f8tter fremm\u00f8dekontrol for personale, studerende, entrepren\u00f8rer eller eventpersonale via NFC-enheder.<\/p>\n<\/li>\n<li data-start=\"3842\" data-end=\"4007\">\n<p data-start=\"3844\" data-end=\"4007\">Smart emballage og interaktiv markedsf\u00f8ring:<br data-start=\"3884\" data-end=\"3887\" \/>Integreret i emballage eller displays for at lancere websider, kampagner eller digitale kampagner, n\u00e5r de trykkes p\u00e5 smartphones.<\/p>\n<\/li>\n<li data-start=\"4009\" data-end=\"4180\">\n<p data-start=\"4011\" data-end=\"4180\">Stigende markedseftersp\u00f8rgsel:<br data-start=\"4033\" data-end=\"4036\" \/>Udbredt anvendt i smarte byer, logistik, detailhandel, sikkerhed, industriel produktion, arbejdsstyrkestyring og andre IoT- og h\u00f8jteknologiske scenarier.<\/p>\n<\/li>\n<\/ul>\n<p data-start=\"4182\" data-end=\"4223\">Hvorfor v\u00e6lge vores anti-metal NFC-m\u00f8nttag?<\/p>\n<ul data-start=\"4224\" data-end=\"4703\">\n<li data-start=\"4224\" data-end=\"4307\">\n<p data-start=\"4226\" data-end=\"4307\">Robust, vandt\u00e6t og anti-metal struktur til langvarig brug p\u00e5 metaloverflader<\/p>\n<\/li>\n<li data-start=\"4308\" data-end=\"4377\">\n<p data-start=\"4310\" data-end=\"4377\">Fuldt kompatibel med ISO 14443A NFC-l\u00e6sere og 13,56 MHz-enheder<\/p>\n<\/li>\n<li data-start=\"4378\" data-end=\"4493\">\n<p data-start=\"4380\" data-end=\"4493\">Fleksibel tilpasning af chip, antenne, materiale, kl\u00e6bemiddel, trykning og h\u00e5ndv\u00e6rk, der matcher dit projekt eller brand<\/p>\n<\/li>\n<li data-start=\"4494\" data-end=\"4574\">\n<p data-start=\"4496\" data-end=\"4574\">Lang levetid med op til 100.000 skrivecyklusser og 10 \u00e5rs datalagring<\/p>\n<\/li>\n<li data-start=\"4575\" data-end=\"4703\">\n<p data-start=\"4577\" data-end=\"4703\">Velegnet til betaling, godkendelse, adgangskontrol, fremm\u00f8deregistrering, patruljesystemer og flere NFC-applikationer p\u00e5 metal<\/p>\n<\/li>\n<\/ul>","protected":false},"excerpt":{"rendered":"<p data-start=\"4736\" data-end=\"5000\">Holdbar NFC-m\u00f8nttag p\u00e5 metal designet til 13,56 MHz ISO\/IEC 14443A-l\u00e6sere. Vandt\u00e6t PVC + ferritstruktur, NTAG213\/NTAG215-chips, selvkl\u00e6bende bagside, ideel til betaling, e-billettering, godkendelse, adgangskontrol, fremm\u00f8de og patruljering p\u00e5 metaloverflader.<\/p>\n<p data-start=\"5002\" data-end=\"5014\">N\u00f8glespecifikationer:<\/p>\n<ul data-start=\"5015\" data-end=\"5358\">\n<li data-start=\"5015\" data-end=\"5041\">\n<p data-start=\"5017\" data-end=\"5041\">Frekvens: 13,56 MHz HF<\/p>\n<\/li>\n<li data-start=\"5042\" data-end=\"5081\">\n<p data-start=\"5044\" data-end=\"5081\">Protokol: ISO\/IEC 14443 A &amp; 18000-3<\/p>\n<\/li>\n<li data-start=\"5082\" data-end=\"5125\">\n<p data-start=\"5084\" data-end=\"5125\">Chip: NTAG\u00ae 213 \/ NTAG\u00ae 215, 7-byte UID<\/p>\n<\/li>\n<li data-start=\"5126\" data-end=\"5165\">\n<p data-start=\"5128\" data-end=\"5165\">Brugerhukommelse: 144 bytes eller 504 bytes<\/p>\n<\/li>\n<li data-start=\"5166\" data-end=\"5206\">\n<p data-start=\"5168\" data-end=\"5206\">St\u00f8rrelse: \u00d820 mm m\u00f8ntm\u00e6rke, selvkl\u00e6bende<\/p>\n<\/li>\n<li data-start=\"5207\" data-end=\"5292\">\n<p data-start=\"5209\" data-end=\"5292\">Struktur: Aluminiumsantenne + slippapir + vandt\u00e6t PVC + anti-metal ferrit<\/p>\n<\/li>\n<li data-start=\"5293\" data-end=\"5358\">\n<p data-start=\"5295\" data-end=\"5358\">Holdbarhed: 10 \u00e5rs dataopbevaring, 100.000 programmeringscyklusser<\/p>\n<\/li>\n<\/ul>","protected":false},"featured_media":1166,"template":"","meta":{"_gspb_post_css":""},"product_brand":[],"product_cat":[29],"product_tag":[],"class_list":{"0":"post-1162","1":"product","2":"type-product","3":"status-publish","4":"has-post-thumbnail","6":"product_cat-nfc-tags","8":"first","9":"instock","10":"shipping-taxable","11":"purchasable","12":"product-type-simple"},"_links":{"self":[{"href":"https:\/\/www.cxjsmartcard.com\/da\/wp-json\/wp\/v2\/product\/1162","targetHints":{"allow":["GET"]}}],"collection":[{"href":"https:\/\/www.cxjsmartcard.com\/da\/wp-json\/wp\/v2\/product"}],"about":[{"href":"https:\/\/www.cxjsmartcard.com\/da\/wp-json\/wp\/v2\/types\/product"}],"wp:featuredmedia":[{"embeddable":true,"href":"https:\/\/www.cxjsmartcard.com\/da\/wp-json\/wp\/v2\/media\/1166"}],"wp:attachment":[{"href":"https:\/\/www.cxjsmartcard.com\/da\/wp-json\/wp\/v2\/media?parent=1162"}],"wp:term":[{"taxonomy":"product_brand","embeddable":true,"href":"https:\/\/www.cxjsmartcard.com\/da\/wp-json\/wp\/v2\/product_brand?post=1162"},{"taxonomy":"product_cat","embeddable":true,"href":"https:\/\/www.cxjsmartcard.com\/da\/wp-json\/wp\/v2\/product_cat?post=1162"},{"taxonomy":"product_tag","embeddable":true,"href":"https:\/\/www.cxjsmartcard.com\/da\/wp-json\/wp\/v2\/product_tag?post=1162"}],"curies":[{"name":"wp","href":"https:\/\/api.w.org\/{rel}","templated":true}]}}